{"id":5839,"date":"2023-01-26T12:21:37","date_gmt":"2023-01-26T19:21:37","guid":{"rendered":"http:\/\/nexusvisa.com\/giay-phep-lao-dong\/"},"modified":"2023-03-29T16:52:06","modified_gmt":"2023-03-29T22:52:06","slug":"giay-phep-lao-dong","status":"publish","type":"page","link":"https:\/\/nexusvisa.com\/vi\/giay-phep-lao-dong\/","title":{"rendered":"Gi\u1ea5y Ph\u00e9p Lao \u0110\u1ed9ng"},"content":{"rendered":"\t\t<div data-elementor-type=\"wp-page\" data-elementor-id=\"5839\" class=\"elementor elementor-5839 elementor-2545\">\n\t\t\t\t\t\t<section class=\"elementor-section elementor-top-section elementor-element elementor-element-4b2a1b0 elementor-section-boxed elementor-section-height-default elementor-section-height-default\" data-id=\"4b2a1b0\" data-element_type=\"section\" data-e-type=\"section\">\n\t\t\t\t\t\t<div class=\"elementor-container elementor-column-gap-default\">\n\t\t\t\t\t<div class=\"elementor-column elementor-col-100 elementor-top-column elementor-element elementor-element-2f22419\" data-id=\"2f22419\" data-element_type=\"column\" data-e-type=\"column\">\n\t\t\t<div class=\"elementor-widget-wrap elementor-element-populated\">\n\t\t\t\t\t\t<div class=\"elementor-element elementor-element-c577caf animated-slow elementor-invisible elementor-widget elementor-widget-heading\" data-id=\"c577caf\" data-element_type=\"widget\" data-e-type=\"widget\" data-settings=\"{&quot;_animation&quot;:&quot;fadeIn&quot;}\" data-widget_type=\"heading.default\">\n\t\t\t\t<div class=\"elementor-widget-container\">\n\t\t\t\t\t<h1 class=\"elementor-heading-title elementor-size-default\">Gi\u1ea5y Ph\u00e9p Lao \u0110\u1ed9ng (Work Permit)<\/h1>\t\t\t\t<\/div>\n\t\t\t\t<\/div>\n\t\t\t\t\t<\/div>\n\t\t<\/div>\n\t\t\t\t\t<\/div>\n\t\t<\/section>\n\t\t\t\t<section class=\"elementor-section elementor-top-section elementor-element elementor-element-5d76d86 elementor-section-boxed elementor-section-height-default elementor-section-height-default\" data-id=\"5d76d86\" data-element_type=\"section\" data-e-type=\"section\">\n\t\t\t\t\t\t<div class=\"elementor-container elementor-column-gap-default\">\n\t\t\t\t\t<div class=\"elementor-column elementor-col-50 elementor-top-column elementor-element elementor-element-ec1abee\" data-id=\"ec1abee\" data-element_type=\"column\" data-e-type=\"column\">\n\t\t\t<div class=\"elementor-widget-wrap elementor-element-populated\">\n\t\t\t\t\t\t<div class=\"elementor-element elementor-element-4beb1eb elementor-invisible elementor-widget elementor-widget-image\" data-id=\"4beb1eb\" data-element_type=\"widget\" data-e-type=\"widget\" data-settings=\"{&quot;_animation&quot;:&quot;fadeInLeft&quot;,&quot;_animation_delay&quot;:500}\" data-widget_type=\"image.default\">\n\t\t\t\t<div class=\"elementor-widget-container\">\n\t\t\t\t\t\t\t\t\t\t\t\t\t\t\t<img fetchpriority=\"high\" decoding=\"async\" width=\"768\" height=\"492\" src=\"https:\/\/nexusvisa.com\/wp-content\/uploads\/2023\/01\/busy-people-two-doctors-in-white-coats-is-in-the-2021-12-27-21-54-18-utc-768x492.jpg\" class=\"attachment-medium_large size-medium_large wp-image-4880\" alt=\"\" srcset=\"https:\/\/nexusvisa.com\/wp-content\/uploads\/2023\/01\/busy-people-two-doctors-in-white-coats-is-in-the-2021-12-27-21-54-18-utc-768x492.jpg 768w, https:\/\/nexusvisa.com\/wp-content\/uploads\/2023\/01\/busy-people-two-doctors-in-white-coats-is-in-the-2021-12-27-21-54-18-utc-600x384.jpg 600w, https:\/\/nexusvisa.com\/wp-content\/uploads\/2023\/01\/busy-people-two-doctors-in-white-coats-is-in-the-2021-12-27-21-54-18-utc-1024x655.jpg 1024w, https:\/\/nexusvisa.com\/wp-content\/uploads\/2023\/01\/busy-people-two-doctors-in-white-coats-is-in-the-2021-12-27-21-54-18-utc.jpg 1800w\" sizes=\"(max-width: 768px) 100vw, 768px\" \/>\t\t\t\t\t\t\t\t\t\t\t\t\t\t\t<\/div>\n\t\t\t\t<\/div>\n\t\t\t\t\t<\/div>\n\t\t<\/div>\n\t\t\t\t<div class=\"elementor-column elementor-col-50 elementor-top-column elementor-element elementor-element-dee43ec\" data-id=\"dee43ec\" data-element_type=\"column\" data-e-type=\"column\">\n\t\t\t<div class=\"elementor-widget-wrap elementor-element-populated\">\n\t\t\t\t\t\t<div class=\"elementor-element elementor-element-fc2bd73 animated-slow elementor-invisible elementor-widget elementor-widget-text-editor\" data-id=\"fc2bd73\" data-element_type=\"widget\" data-e-type=\"widget\" data-settings=\"{&quot;_animation&quot;:&quot;fadeIn&quot;,&quot;_animation_delay&quot;:500}\" data-widget_type=\"text-editor.default\">\n\t\t\t\t<div class=\"elementor-widget-container\">\n\t\t\t\t\t\t\t\t\t<p>Canada l\u00e0 m\u1ed9t trong nh\u1eefng n\u01a1i t\u1ed1t nh\u1ea5t \u0111\u1ec3 s\u1ed1ng v\u00e0 l\u00e0m vi\u1ec7c, v\u1edbi m\u00f4i tr\u01b0\u1eddng th\u00e2n thi\u1ec7n, phong c\u1ea3nh \u0111\u1eb9p m\u1eaft v\u00e0 x\u00e3 h\u1ed9i \u0111a v\u0103n h\u00f3a. Ch\u00fang t\u00f4i cung c\u1ea5p m\u1ed9t c\u00e1ch d\u1ec5 d\u00e0ng v\u00e0 kh\u00f4ng c\u1ea7n qu\u00e1 nhi\u1ec1u phi\u1ec1n to\u00e1i \u0111\u1ec3 k\u1ebft n\u1ed1i nh\u00e0 tuy\u1ec3n d\u1ee5ng ti\u1ec1m n\u0103ng v\u00e0 gi\u00fap b\u1ea1n \u0111\u1ea1t \u0111\u01b0\u1ee3c Gi\u1ea5y ph\u00e9p Lao \u0111\u1ed9ng. V\u1edbi ch\u00fang t\u00f4i, b\u1ea1n c\u00f3 th\u1ec3 nh\u1eadn \u0111\u01b0\u1ee3c d\u1ecbch v\u1ee5 t\u00f9y theo nhu c\u1ea7u c\u00e1 nh\u00e2n c\u1ee7a m\u00ecnh, Nexus c\u00f3 th\u1ec3 gi\u00fap b\u1ea1n d\u1ec5 d\u00e0ng b\u01b0\u1edbc v\u00e0o l\u1ef1c l\u01b0\u1ee3ng lao \u0111\u1ed9ng Canada v\u00e0 \u0111\u1ea1t \u0111\u01b0\u1ee3c th\u00e0nh c\u00f4ng.<\/p><p>Gi\u1ea5y ph\u00e9p Lao \u0111\u1ed9ng, tr\u01b0\u1edbc \u0111\u00e2y \u0111\u01b0\u1ee3c bi\u1ebft \u0111\u1ebfn v\u1edbi t\u00ean g\u1ecdi &#8220;Gi\u1ea5y ph\u00e9p Lao \u0111\u1ed9ng T\u1ea1m th\u1eddi&#8221;, l\u00e0 m\u1ed9t t\u00e0i li\u1ec7u ph\u00e1p l\u00fd cho ph\u00e9p ng\u01b0\u1eddi n\u01b0\u1edbc ngo\u00e0i tham gia lao \u0111\u1ed9ng t\u1ea1i Canada. \u0110\u1ed1i v\u1edbi h\u1ea7u h\u1ebft c\u00e1c c\u00f4ng d\u00e2n n\u01b0\u1edbc ngo\u00e0i c\u00f3 \u0111\u1ee7 n\u0103ng l\u1ef1c, \u0111\u00e2y l\u00e0 m\u1ed9t b\u01b0\u1edbc \u0111\u1ec7m v\u1eefng ch\u1eafc \u0111\u1ec3 \u0111\u1ea1t \u0111\u01b0\u1ee3c th\u1ecb th\u1ef1c c\u01b0 tr\u00fa \u1edf Canada.<\/p>\t\t\t\t\t\t\t\t<\/div>\n\t\t\t\t<\/div>\n\t\t\t\t\t<\/div>\n\t\t<\/div>\n\t\t\t\t\t<\/div>\n\t\t<\/section>\n\t\t\t\t<section class=\"elementor-section elementor-top-section elementor-element elementor-element-2dc6504 animated-slow elementor-section-boxed elementor-section-height-default elementor-section-height-default elementor-invisible\" data-id=\"2dc6504\" data-element_type=\"section\" data-e-type=\"section\" data-settings=\"{&quot;animation&quot;:&quot;fadeIn&quot;,&quot;animation_delay&quot;:500}\">\n\t\t\t\t\t\t<div class=\"elementor-container elementor-column-gap-default\">\n\t\t\t\t\t<div class=\"elementor-column elementor-col-100 elementor-top-column elementor-element elementor-element-c929643\" data-id=\"c929643\" data-element_type=\"column\" data-e-type=\"column\">\n\t\t\t<div class=\"elementor-widget-wrap elementor-element-populated\">\n\t\t\t\t\t\t<div class=\"elementor-element elementor-element-5e3c5ff elementor-widget elementor-widget-text-editor\" data-id=\"5e3c5ff\" data-element_type=\"widget\" data-e-type=\"widget\" data-widget_type=\"text-editor.default\">\n\t\t\t\t<div class=\"elementor-widget-container\">\n\t\t\t\t\t\t\t\t\t<p>C\u00f3 nhi\u1ec1u l\u1ef1a ch\u1ecdn kh\u00e1c nhau \u0111\u1ec3 c\u00f3 \u0111\u01b0\u1ee3c Gi\u1ea5y ph\u00e9p Lao \u0111\u1ed9ng Canada, t\u00f9y thu\u1ed9c v\u00e0o k\u1ef9 n\u0103ng c\u1ee7a m\u1ed7i ng\u01b0\u1eddi, nhu c\u1ea7u lao \u0111\u1ed9ng hi\u1ec7n t\u1ea1i c\u1ee7a th\u1ecb tr\u01b0\u1eddng Canada v\u00e0 m\u1ed1i li\u00ean h\u1ec7 v\u1edbi c\u1ed9ng \u0111\u1ed3ng Canada, m\u1ed9t ng\u01b0\u1eddi c\u00f3 th\u1ec3 \u0111\u1ee7 \u0111i\u1ec1u ki\u1ec7n \u0111\u1ec3 \u0111\u0103ng k\u00fd gi\u1ea5y ph\u00e9p th\u00f4ng qua m\u1ed9t trong c\u00e1c ch\u01b0\u01a1ng tr\u00ecnh sau:<\/p>\n\t\t\t\t\t\t\t\t<\/div>\n\t\t\t\t<\/div>\n\t\t\t\t<div class=\"elementor-element elementor-element-ac634b0 elementor-widget elementor-widget-accordion\" data-id=\"ac634b0\" data-element_type=\"widget\" data-e-type=\"widget\" data-widget_type=\"accordion.default\">\n\t\t\t\t<div class=\"elementor-widget-container\">\n\t\t\t\t\t\t\t<div class=\"elementor-accordion\">\n\t\t\t\t\t\t\t<div class=\"elementor-accordion-item\">\n\t\t\t\t\t<div id=\"elementor-tab-title-1801\" class=\"elementor-tab-title\" data-tab=\"1\" role=\"button\" aria-controls=\"elementor-tab-content-1801\" aria-expanded=\"false\">\n\t\t\t\t\t\t\t\t\t\t\t\t\t<span class=\"elementor-accordion-icon elementor-accordion-icon-left\" aria-hidden=\"true\">\n\t\t\t\t\t\t\t\t\t\t\t\t\t\t\t<span class=\"elementor-accordion-icon-closed\"><i class=\"fas fa-plus\"><\/i><\/span>\n\t\t\t\t\t\t\t\t<span class=\"elementor-accordion-icon-opened\"><i class=\"fas fa-minus\"><\/i><\/span>\n\t\t\t\t\t\t\t\t\t\t\t\t\t\t<\/span>\n\t\t\t\t\t\t\t\t\t\t\t\t<a class=\"elementor-accordion-title\" tabindex=\"0\">Ch\u01b0\u01a1ng tr\u00ecnh Nh\u00e2n c\u00f4ng T\u1ea1m th\u1eddi (TFWP)<\/a>\n\t\t\t\t\t<\/div>\n\t\t\t\t\t<div id=\"elementor-tab-content-1801\" class=\"elementor-tab-content elementor-clearfix\" data-tab=\"1\" role=\"region\" aria-labelledby=\"elementor-tab-title-1801\"><p>Ch\u01b0\u01a1ng tr\u00ecnh Nh\u00e2n c\u00f4ng T\u1ea1m th\u1eddi (TFWP) \u0111\u01b0\u1ee3c thi\u1ebft k\u1ebf \u0111\u1ec3 cho ph\u00e9p nh\u00e0 tuy\u1ec3n d\u1ee5ng Canada tuy\u1ec3n d\u1ee5ng lao \u0111\u1ed9ng n\u01b0\u1edbc ngo\u00e0i \u0111\u1ec3 b\u00f9 \u0111\u1eafp nhu c\u1ea7u lao \u0111\u1ed9ng t\u1ea1m th\u1eddi.<\/p>\n<p>C\u00e1c ti\u00eau ch\u00ed cho ch\u01b0\u01a1ng tr\u00ecnh n\u00e0y l\u00e0:<\/p>\n<ul>\n<li>C\u00f3 \u0110\u00e1nh gi\u00e1 T\u00e1c \u0111\u1ed9ng Th\u1ecb tr\u01b0\u1eddng Lao \u0111\u1ed9ng (LMIA) t\u00edch c\u1ef1c<\/li>\n<li>C\u00f3 \u0111\u1ec1 ngh\u1ecb vi\u1ec7c l\u00e0m h\u1ee3p l\u1ec7 t\u1eeb nh\u00e0 tuy\u1ec3n d\u1ee5ng Canada<\/li>\n<li>Ch\u1ee9ng minh \u0111\u01b0\u1ee3c s\u1ebd r\u1eddi kh\u1ecfi Canada sau khi k\u1ebft th\u00fac th\u1eddi h\u1ea1n cho ph\u00e9p<\/li>\n<li>Ph\u1ea3i ch\u1ee9ng minh \u0111\u1ee7 n\u0103ng l\u1ef1c cho v\u1ecb tr\u00ed c\u00f4ng vi\u1ec7c \u0111\u01b0\u1ee3c \u0111\u1ec1 ngh\u1ecb<\/li>\n<\/ul>\n<\/div>\n\t\t\t\t<\/div>\n\t\t\t\t\t\t\t<div class=\"elementor-accordion-item\">\n\t\t\t\t\t<div id=\"elementor-tab-title-1802\" class=\"elementor-tab-title\" data-tab=\"2\" role=\"button\" aria-controls=\"elementor-tab-content-1802\" aria-expanded=\"false\">\n\t\t\t\t\t\t\t\t\t\t\t\t\t<span class=\"elementor-accordion-icon elementor-accordion-icon-left\" aria-hidden=\"true\">\n\t\t\t\t\t\t\t\t\t\t\t\t\t\t\t<span class=\"elementor-accordion-icon-closed\"><i class=\"fas fa-plus\"><\/i><\/span>\n\t\t\t\t\t\t\t\t<span class=\"elementor-accordion-icon-opened\"><i class=\"fas fa-minus\"><\/i><\/span>\n\t\t\t\t\t\t\t\t\t\t\t\t\t\t<\/span>\n\t\t\t\t\t\t\t\t\t\t\t\t<a class=\"elementor-accordion-title\" tabindex=\"0\">Ch\u01b0\u01a1ng tr\u00ecnh Tr\u1ea3i nghi\u1ec7m Qu\u1ed1c t\u1ebf Canada (IEC)<\/a>\n\t\t\t\t\t<\/div>\n\t\t\t\t\t<div id=\"elementor-tab-content-1802\" class=\"elementor-tab-content elementor-clearfix\" data-tab=\"2\" role=\"region\" aria-labelledby=\"elementor-tab-title-1802\"><p>International Experience Canada (IEC) cho ph\u00e9p thanh ni\u00ean c\u00f3 c\u01a1 h\u1ed9i du l\u1ecbch v\u00e0 l\u00e0m vi\u1ec7c t\u1ea1i Canada trong v\u00f2ng t\u1ed1i \u0111a 2 n\u0103m.<\/p><p>C\u00f3 3 lo\u1ea1i tr\u1ea3i nghi\u1ec7m du l\u1ecbch v\u00e0 l\u00e0m vi\u1ec7c kh\u00e1c nhau:<\/p><p>1. L\u00e0m vi\u1ec7c trong k\u1ef3 ngh\u1ec9:<\/p><p>Ch\u01b0\u01a1ng tr\u00ecnh n\u00e0y cung c\u1ea5p c\u01a1 h\u1ed9i cho thanh ni\u00ean tr\u1ea3i nghi\u1ec7m cu\u1ed9c s\u1ed1ng t\u1ea1i Canada v\u00e0 \u0111\u1ed3ng th\u1eddi c\u00f3 \u0111\u01b0\u1ee3c kinh nghi\u1ec7m l\u00e0m vi\u1ec7c qu\u00fd gi\u00e1. Lo\u1ea1i Gi\u1ea5y ph\u00e9p Lao \u0111\u1ed9ng l\u00e0 Gi\u1ea5y ph\u00e9p Lao \u0111\u1ed9ng M\u1edf, cho ph\u00e9p b\u1ea1n l\u00e0m vi\u1ec7c t\u1ea1m th\u1eddi (1 ho\u1eb7c 2 n\u0103m) cho h\u1ea7u h\u1ebft c\u00e1c nh\u00e0 tuy\u1ec3n d\u1ee5ng t\u1ea1i Canada (m\u1ed9t s\u1ed1 ngo\u1ea1i l\u1ec7 \u00e1p d\u1ee5ng). \u0110\u00e2y l\u00e0 l\u1ef1a ch\u1ecdn ph\u00f9 h\u1ee3p v\u1edbi:<\/p><ul><li>N\u1ebfu b\u1ea1n kh\u00f4ng c\u00f3 \u0111\u1ec1 xu\u1ea5t vi\u1ec7c l\u00e0m<\/li><li>N\u1ebfu b\u1ea1n mu\u1ed1n l\u00e0m vi\u1ec7c cho nhi\u1ec1u nh\u00e0 tuy\u1ec3n d\u1ee5ng \u1edf Canada<\/li><li>N\u1ebfu b\u1ea1n mu\u1ed1n l\u00e0m vi\u1ec7c \u1edf nhi\u1ec1u \u0111\u1ecba \u0111i\u1ec3m kh\u00e1c nhau<\/li><li>N\u1ebfu b\u1ea1n mu\u1ed1n ki\u1ebfm ti\u1ec1n \u0111\u1ec3 du l\u1ecbch<\/li><\/ul><p>\u00a0<\/p><p>2. Chuy\u00ean gia tr\u1ebb:<\/p><p>Ch\u01b0\u01a1ng tr\u00ecnh bao g\u1ed3m:<\/p><ul><li>Qu\u1ed1c gia ho\u1eb7c l\u00e3nh th\u1ed5 qu\u1ed1c t\u1ecbch c\u1ee7a b\u1ea1n ph\u1ea3i c\u00f3 Th\u1ecfa thu\u1eadn cho ph\u00e9p thanh ni\u00ean l\u00e0m vi\u1ec7c (Youth Mobility Agreement) t\u1ea1i Canada.<\/li><li>Gi\u1ea5y ph\u00e9p Lao \u0111\u1ed9ng Chuy\u00ean gia Tr\u1ebb d\u00e0nh cho c\u00f4ng d\u00e2n 18-30 ho\u1eb7c 18-35 tu\u1ed5i t\u1eeb 24 qu\u1ed1c gia c\u00f3 l\u1eddi m\u1eddi l\u00e0m vi\u1ec7c t\u1ea1i Canada.<\/li><\/ul><p>\u00a0<\/p><p>Lo\u1ea1i Gi\u1ea5y ph\u00e9p Lao \u0111\u1ed9ng l\u00e0 Gi\u1ea5y ph\u00e9p Lao \u0111\u1ed9ng cho nh\u00e0 tuy\u1ec3n d\u1ee5ng c\u1ee5 th\u1ec3. Nh\u00e0 tuy\u1ec3n d\u1ee5ng c\u1ee7a b\u1ea1n ph\u1ea3i tu\u00e2n th\u1ee7 t\u1ea5t c\u1ea3 c\u00e1c lu\u1eadt lao \u0111\u1ed9ng \u1edf t\u1ec9nh ho\u1eb7c l\u00e3nh th\u1ed5 m\u00e0 b\u1ea1n c\u00f3 k\u1ebf ho\u1ea1ch l\u00e0m vi\u1ec7c, bao g\u1ed3m c\u00e1c y\u00eau c\u1ea7u v\u1ec1 m\u1ee9c l\u01b0\u01a1ng t\u1ed1i thi\u1ec3u. \u0110\u00e2y l\u00e0 l\u1ef1a ch\u1ecdn ph\u00f9 h\u1ee3p v\u1edbi:<\/p><ul><li>N\u1ebfu b\u1ea1n c\u00f3 \u0111\u1ec1 ngh\u1ecb vi\u1ec7c l\u00e0m t\u1ea1i Canada v\u00e0 c\u00f3 li\u00ean quan \u0111\u1ebfn s\u1ef1 ph\u00e1t tri\u1ec3n chuy\u00ean m\u00f4n c\u1ee7a b\u1ea1n<\/li><li>B\u1ea1n s\u1ebd l\u00e0m vi\u1ec7c cho c\u00f9ng m\u1ed9t nh\u00e0 tuy\u1ec3n d\u1ee5ng \u1edf c\u00f9ng \u0111\u1ecba \u0111i\u1ec3m trong su\u1ed1t th\u1eddi gian l\u01b0u tr\u00fa t\u1ea1i Canada<\/li><\/ul><p>\u00a0<\/p><p>3. Co-Op qu\u1ed1c t\u1ebf (Th\u1ef1c t\u1eadp):<\/p><p>Lo\u1ea1i Gi\u1ea5y ph\u00e9p Lao \u0111\u1ed9ng l\u00e0 Gi\u1ea5y ph\u00e9p Lao \u0111\u1ed9ng cho nh\u00e0 tuy\u1ec3n d\u1ee5ng c\u1ee5 th\u1ec3. Th\u1ef1c t\u1eadp \u0111\u01b0\u1ee3c cung c\u1ea5p t\u1ea1i Canada ph\u1ea3i li\u00ean quan tr\u1ef1c ti\u1ebfp \u0111\u1ebfn l\u0129nh v\u1ef1c h\u1ecdc c\u1ee7a b\u1ea1n. L\u01b0\u01a1ng v\u00e0 ti\u00eau chu\u1ea9n lao \u0111\u1ed9ng ph\u1ea3i tu\u00e2n theo lu\u1eadt lao \u0111\u1ed9ng c\u1ee7a t\u1ec9nh ho\u1eb7c l\u00e3nh th\u1ed5 m\u00e0 b\u1ea1n s\u1ebd l\u00e0m vi\u1ec7c. \u0110\u1ea1o lu\u1eadt lao \u0111\u1ed9ng s\u1ebd quy\u1ebft \u0111\u1ecbnh xem m\u1ed9t ch\u01b0\u01a1ng tr\u00ecnh th\u1ef1c t\u1eadp c\u00f3 c\u1ea7n ph\u1ea3i \u0111\u01b0\u1ee3c tr\u1ea3 l\u01b0\u01a1ng hay kh\u00f4ng. \u0110\u00e2y l\u00e0 l\u1ef1a ch\u1ecdn ph\u00f9 h\u1ee3p v\u1edbi:<\/p><ul><li>n\u1ebfu b\u1ea1n l\u00e0 sinh vi\u00ean \u0111\u00e3 \u0111\u0103ng k\u00fd t\u1ea1i m\u1ed9t t\u1ed5 ch\u1ee9c sau trung h\u1ecdc<\/li><li>n\u1ebfu b\u1ea1n c\u00f3 m\u1ed9t \u0111\u1ec1 ngh\u1ecb vi\u1ec7c l\u00e0m \u0111\u1ec3 th\u1ef1c t\u1eadp \u1edf Canada<\/li><li>n\u1ebfu b\u1ea1n c\u1ea7n ph\u1ea3i th\u1ef1c hi\u1ec7n ch\u01b0\u01a1ng tr\u00ecnh th\u1ef1c t\u1eadp n\u00e0y \u0111\u1ec3 ho\u00e0n th\u00e0nh h\u1ecdc v\u1ea5n c\u1ee7a b\u1ea1n<\/li><li>n\u1ebfu b\u1ea1n s\u1ebd l\u00e0m vi\u1ec7c cho c\u00f9ng m\u1ed9t nh\u00e0 tuy\u1ec3n d\u1ee5ng trong c\u00f9ng m\u1ed9t \u0111\u1ecba \u0111i\u1ec3m trong th\u1eddi gian l\u01b0u tr\u00fa c\u1ee7a b\u1ea1n t\u1ea1i Canada<\/li><\/ul><\/div>\n\t\t\t\t<\/div>\n\t\t\t\t\t\t\t<div class=\"elementor-accordion-item\">\n\t\t\t\t\t<div id=\"elementor-tab-title-1803\" class=\"elementor-tab-title\" data-tab=\"3\" role=\"button\" aria-controls=\"elementor-tab-content-1803\" aria-expanded=\"false\">\n\t\t\t\t\t\t\t\t\t\t\t\t\t<span class=\"elementor-accordion-icon elementor-accordion-icon-left\" aria-hidden=\"true\">\n\t\t\t\t\t\t\t\t\t\t\t\t\t\t\t<span class=\"elementor-accordion-icon-closed\"><i class=\"fas fa-plus\"><\/i><\/span>\n\t\t\t\t\t\t\t\t<span class=\"elementor-accordion-icon-opened\"><i class=\"fas fa-minus\"><\/i><\/span>\n\t\t\t\t\t\t\t\t\t\t\t\t\t\t<\/span>\n\t\t\t\t\t\t\t\t\t\t\t\t<a class=\"elementor-accordion-title\" tabindex=\"0\">Gi\u1ea5y Ph\u00e9p Lao \u0110\u1ed9ng Li\u00ean Th\u00f4ng M\u1edf (BOWP) Canada<\/a>\n\t\t\t\t\t<\/div>\n\t\t\t\t\t<div id=\"elementor-tab-content-1803\" class=\"elementor-tab-content elementor-clearfix\" data-tab=\"3\" role=\"region\" aria-labelledby=\"elementor-tab-title-1803\"><p>Gi\u1ea5y Ph\u00e9p Lao \u0110\u1ed9ng Li\u00ean Th\u00f4ng M\u1edf (BOWP) cho ph\u00e9p c\u00f4ng d\u00e2n n\u01b0\u1edbc ngo\u00e0i ti\u1ebfp t\u1ee5c l\u00e0m vi\u1ec7c t\u1ea1i Canada trong khi ch\u1edd \u0111\u1ee3i quy\u1ebft \u0111\u1ecbnh v\u1ec1 \u0111\u01a1n xin th\u01b0\u1eddng tr\u00fa c\u1ee7a h\u1ecd. N\u1ebfu b\u1ea1n c\u00f3 gi\u1ea5y ph\u00e9p lao \u0111\u1ed9ng h\u1ee3p l\u1ec7 c\u1ee7a Canada h\u1ebft h\u1ea1n trong v\u00f2ng 4 th\u00e1ng v\u00e0 b\u1ea1n \u0111\u00e3 n\u1ed9p \u0111\u01a1n xin Th\u01b0\u1eddng tr\u00fa nh\u00e2n, b\u1ea1n s\u1ebd c\u1ea7n ph\u1ea3i n\u1ed9p \u0111\u01a1n xin Gi\u1ea5y Ph\u00e9p Lao \u0110\u1ed9ng Li\u00ean Th\u00f4ng M\u1edf (BOWP).<\/p><\/div>\n\t\t\t\t<\/div>\n\t\t\t\t\t\t\t<div class=\"elementor-accordion-item\">\n\t\t\t\t\t<div id=\"elementor-tab-title-1804\" class=\"elementor-tab-title\" data-tab=\"4\" role=\"button\" aria-controls=\"elementor-tab-content-1804\" aria-expanded=\"false\">\n\t\t\t\t\t\t\t\t\t\t\t\t\t<span class=\"elementor-accordion-icon elementor-accordion-icon-left\" aria-hidden=\"true\">\n\t\t\t\t\t\t\t\t\t\t\t\t\t\t\t<span class=\"elementor-accordion-icon-closed\"><i class=\"fas fa-plus\"><\/i><\/span>\n\t\t\t\t\t\t\t\t<span class=\"elementor-accordion-icon-opened\"><i class=\"fas fa-minus\"><\/i><\/span>\n\t\t\t\t\t\t\t\t\t\t\t\t\t\t<\/span>\n\t\t\t\t\t\t\t\t\t\t\t\t<a class=\"elementor-accordion-title\" tabindex=\"0\">Gi\u1ea5y ph\u00e9p lao \u0111\u1ed9ng t\u1ef1 l\u00e0m ch\u1ee7<\/a>\n\t\t\t\t\t<\/div>\n\t\t\t\t\t<div id=\"elementor-tab-content-1804\" class=\"elementor-tab-content elementor-clearfix\" data-tab=\"4\" role=\"region\" aria-labelledby=\"elementor-tab-title-1804\"><p>Trong nh\u1eefng n\u0103m g\u1ea7n \u0111\u00e2y, Canada \u0111\u00e3 \u0111\u1ecbnh v\u1ecb m\u00ecnh l\u00e0 m\u1ed9t \u0111i\u1ec3m \u0111\u1ebfn h\u1ea5p d\u1eabn \u0111\u1ed1i v\u1edbi nhi\u1ec1u doanh nh\u00e2n, nh\u00e0 \u0111\u1ea7u t\u01b0 v\u00e0 c\u00f4ng ty kh\u1edfi nghi\u1ec7p n\u01b0\u1edbc ngo\u00e0i. V\u00ec l\u00fd do n\u00e0y, ch\u00ednh ph\u1ee7 Canada \u0111\u00e3 t\u1ea1o ra nhi\u1ec1u con \u0111\u01b0\u1eddng c\u1ea5p th\u1ecb th\u1ef1c kinh doanh kh\u00e1c nhau m\u00e0 qua \u0111\u00f3 c\u01b0 d\u00e2n n\u01b0\u1edbc ngo\u00e0i c\u00f3 th\u1ec3 c\u00f3 \u0111\u01b0\u1ee3c th\u01b0\u1eddng tr\u00fa t\u1ea1i Canada. N\u1ebfu b\u1ea1n \u0111ang t\u00ecm mua ho\u1eb7c \u0111\u1ea7u t\u01b0 v\u00e0o m\u1ed9t doanh nghi\u1ec7p Canada hi\u1ec7n c\u00f3 trong khi v\u1eabn c\u00f3 \u0111\u01b0\u1ee3c gi\u1ea5y ph\u00e9p lao \u0111\u1ed9ng h\u1ee3p l\u1ec7 mang l\u1ea1i s\u1ef1 \u1ed5n \u0111\u1ecbnh cho b\u1ea1n v\u00e0 gia \u0111\u00ecnh, vui l\u00f2ng tham kh\u1ea3o \u00fd ki\u1ebfn c\u1ee7a ch\u00fang t\u00f4i \u0111\u1ec3 kh\u00e1m ph\u00e1 c\u00e1c l\u1ef1a ch\u1ecdn kh\u1ea3 thi.<\/p>\n<\/div>\n\t\t\t\t<\/div>\n\t\t\t\t\t\t\t<div class=\"elementor-accordion-item\">\n\t\t\t\t\t<div id=\"elementor-tab-title-1805\" class=\"elementor-tab-title\" data-tab=\"5\" role=\"button\" aria-controls=\"elementor-tab-content-1805\" aria-expanded=\"false\">\n\t\t\t\t\t\t\t\t\t\t\t\t\t<span class=\"elementor-accordion-icon elementor-accordion-icon-left\" aria-hidden=\"true\">\n\t\t\t\t\t\t\t\t\t\t\t\t\t\t\t<span class=\"elementor-accordion-icon-closed\"><i class=\"fas fa-plus\"><\/i><\/span>\n\t\t\t\t\t\t\t\t<span class=\"elementor-accordion-icon-opened\"><i class=\"fas fa-minus\"><\/i><\/span>\n\t\t\t\t\t\t\t\t\t\t\t\t\t\t<\/span>\n\t\t\t\t\t\t\t\t\t\t\t\t<a class=\"elementor-accordion-title\" tabindex=\"0\">Gi\u1ea5y ph\u00e9p l\u00e0m vi\u1ec7c sau khi t\u1ed1t nghi\u1ec7p (PGWP)<\/a>\n\t\t\t\t\t<\/div>\n\t\t\t\t\t<div id=\"elementor-tab-content-1805\" class=\"elementor-tab-content elementor-clearfix\" data-tab=\"5\" role=\"region\" aria-labelledby=\"elementor-tab-title-1805\"><p>Sinh vi\u00ean qu\u1ed1c t\u1ebf t\u1ed1t nghi\u1ec7p t\u1eeb c\u00e1c h\u1ecdc vi\u1ec7n Canada c\u00f3 th\u1ec3 c\u00f3 c\u01a1 h\u1ed9i \u1edf l\u1ea1i l\u00e0m vi\u1ec7c t\u1ea1i Canada v\u00e0 t\u00edch l\u0169y kinh nghi\u1ec7m l\u00e0m vi\u1ec7c v\u00f4 gi\u00e1 t\u1ea1i Canada. Sau khi ho\u00e0n th\u00e0nh ch\u01b0\u01a1ng tr\u00ecnh h\u1ecdc thu\u1eadt ho\u1eb7c th\u01b0\u01a1ng m\u1ea1i \u0111\u1ee7 \u0111i\u1ec1u ki\u1ec7n t\u1ea1i H\u1ecdc vi\u1ec7n \u0111\u01b0\u1ee3c ch\u1ec9 \u0111\u1ecbnh (DLI) \u1edf Canada, m\u1ed9t ng\u01b0\u1eddi c\u00f3 th\u1ec3 \u0111\u1ee7 \u0111i\u1ec1u ki\u1ec7n \u0111\u1ec3 xin Gi\u1ea5y ph\u00e9p l\u00e0m vi\u1ec7c sau \u0111\u1ea1i h\u1ecdc (PGWP) c\u00f3 th\u1ec3 c\u00f3 hi\u1ec7u l\u1ef1c trong 6 th\u00e1ng cho \u0111\u1ebfn t\u1ed1i \u0111a l\u00e0 3 n\u0103m . PGWP l\u00e0 Gi\u1ea5y ph\u00e9p Lao \u0111\u1ed9ng M\u1edf v\u00e0 \u0111\u01b0\u1ee3c LMIA th\u00f4ng quan tr\u01b0\u1edbc. V\u1edbi m\u1ed9t s\u1ed1 h\u1ea1n ch\u1ebf nh\u1ecf \u0111\u1ed1i v\u1edbi m\u1ed9t s\u1ed1 ng\u00e0nh ngh\u1ec1 nh\u1ea5t \u0111\u1ecbnh, m\u1ed9t ng\u01b0\u1eddi c\u00f3 th\u1ec3 l\u00e0m vi\u1ec7c cho b\u1ea5t k\u1ef3 ch\u1ee7 lao \u0111\u1ed9ng n\u00e0o \u1edf b\u1ea5t k\u1ef3 \u0111\u00e2u trong Canada.<\/p>\n<\/div>\n\t\t\t\t<\/div>\n\t\t\t\t\t\t\t<div class=\"elementor-accordion-item\">\n\t\t\t\t\t<div id=\"elementor-tab-title-1806\" class=\"elementor-tab-title\" data-tab=\"6\" role=\"button\" aria-controls=\"elementor-tab-content-1806\" aria-expanded=\"false\">\n\t\t\t\t\t\t\t\t\t\t\t\t\t<span class=\"elementor-accordion-icon elementor-accordion-icon-left\" aria-hidden=\"true\">\n\t\t\t\t\t\t\t\t\t\t\t\t\t\t\t<span class=\"elementor-accordion-icon-closed\"><i class=\"fas fa-plus\"><\/i><\/span>\n\t\t\t\t\t\t\t\t<span class=\"elementor-accordion-icon-opened\"><i class=\"fas fa-minus\"><\/i><\/span>\n\t\t\t\t\t\t\t\t\t\t\t\t\t\t<\/span>\n\t\t\t\t\t\t\t\t\t\t\t\t<a class=\"elementor-accordion-title\" tabindex=\"0\">V\u1ee3 ch\u1ed3ng Open Work Permit<\/a>\n\t\t\t\t\t<\/div>\n\t\t\t\t\t<div id=\"elementor-tab-content-1806\" class=\"elementor-tab-content elementor-clearfix\" data-tab=\"6\" role=\"region\" aria-labelledby=\"elementor-tab-title-1806\"><p>N\u1ebfu v\u1ee3\/ch\u1ed3ng c\u1ee7a b\u1ea1n c\u00f3 gi\u1ea5y ph\u00e9p lao \u0111\u1ed9ng ho\u1eb7c gi\u1ea5y ph\u00e9p h\u1ecdc t\u1eadp h\u1ee3p l\u1ec7 \u1edf Canada, ho\u1eb7c n\u1ebfu b\u1ea1n \u0111\u00e3 n\u1ed9p \u0111\u01a1n xin \u0111\u01b0\u1ee3c t\u00e0i tr\u1ee3 cho th\u01b0\u1eddng tr\u00fa nh\u00e2n b\u1edfi v\u1ee3\/ch\u1ed3ng ho\u1eb7c ng\u01b0\u1eddi chung s\u1ed1ng h\u1ee3p ph\u00e1p c\u1ee7a b\u1ea1n \u1edf Canada, th\u00ec b\u1ea1n c\u00f3 th\u1ec3 \u0111\u1ee7 \u0111i\u1ec1u ki\u1ec7n \u0111\u1ec3 \u0111\u01b0\u1ee3c c\u1ea5p gi\u1ea5y ph\u00e9p lao \u0111\u1ed9ng m\u1edf.<\/p>\n<p>\u0110\u1ee7 \u0111i\u1ec1u ki\u1ec7n cho m\u1ed9t SOWP:<\/p>\n<ul>\n<li>M\u1ed9t \u0111\u01a1n xin t\u00e0i tr\u1ee3 cho ng\u01b0\u1eddi ph\u1ed1i ng\u1eabu \/ \u0111\u1ed1i t\u00e1c chung ph\u00e1p lu\u1eadt cho th\u01b0\u1eddng tr\u00fa \u0111\u01b0\u1ee3c n\u1ed9p.<\/li>\n<li>Ng\u01b0\u1eddi n\u1ed9p \u0111\u01a1n ph\u1ea3i c\u00f3 t\u00ecnh tr\u1ea1ng c\u01b0 tr\u00fa t\u1ea1m th\u1eddi h\u1ee3p l\u1ec7 v\u1edbi t\u01b0 c\u00e1ch l\u00e0 kh\u00e1ch, sinh vi\u00ean ho\u1eb7c c\u00f4ng nh\u00e2n.<\/li>\n<li>Ng\u01b0\u1eddi n\u1ed9p \u0111\u01a1n v\u00e0 nh\u00e0 t\u00e0i tr\u1ee3 ph\u1ea3i \u0111\u00e1p \u1ee9ng t\u1ea5t c\u1ea3 c\u00e1c ti\u00eau ch\u00ed \u0111\u1ee7 \u0111i\u1ec1u ki\u1ec7n \u0111\u1ec3 t\u00e0i tr\u1ee3 cho ng\u01b0\u1eddi ph\u1ed1i ng\u1eabu \/ \u0111\u1ed1i t\u00e1c th\u00f4ng lu\u1eadt.<\/li>\n<\/ul>\n<\/div>\n\t\t\t\t<\/div>\n\t\t\t\t\t\t\t\t<\/div>\n\t\t\t\t\t\t<\/div>\n\t\t\t\t<\/div>\n\t\t\t\t\t<\/div>\n\t\t<\/div>\n\t\t\t\t\t<\/div>\n\t\t<\/section>\n\t\t\t\t<\/div>\n\t\t","protected":false},"excerpt":{"rendered":"<p>Gi\u1ea5y Ph\u00e9p Lao \u0110\u1ed9ng (Work Permit) Canada l\u00e0 m\u1ed9t trong nh\u1eefng n\u01a1i t\u1ed1t nh\u1ea5t \u0111\u1ec3 s\u1ed1ng v\u00e0 l\u00e0m vi\u1ec7c, v\u1edbi m\u00f4i tr\u01b0\u1eddng th\u00e2n thi\u1ec7n, phong c\u1ea3nh \u0111\u1eb9p m\u1eaft v\u00e0 x\u00e3 h\u1ed9i \u0111a v\u0103n h\u00f3a. Ch\u00fang t\u00f4i cung c\u1ea5p m\u1ed9t c\u00e1ch d\u1ec5 d\u00e0ng v\u00e0 kh\u00f4ng c\u1ea7n qu\u00e1 nhi\u1ec1u phi\u1ec1n to\u00e1i \u0111\u1ec3 k\u1ebft n\u1ed1i nh\u00e0 tuy\u1ec3n d\u1ee5ng [&hellip;]<\/p>\n","protected":false},"author":9,"featured_media":0,"parent":0,"menu_order":0,"comment_status":"closed","ping_status":"closed","template":"","meta":{"footnotes":""},"class_list":["post-5839","page","type-page","status-publish","hentry"],"_links":{"self":[{"href":"https:\/\/nexusvisa.com\/vi\/wp-json\/wp\/v2\/pages\/5839","targetHints":{"allow":["GET"]}}],"collection":[{"href":"https:\/\/nexusvisa.com\/vi\/wp-json\/wp\/v2\/pages"}],"about":[{"href":"https:\/\/nexusvisa.com\/vi\/wp-json\/wp\/v2\/types\/page"}],"author":[{"embeddable":true,"href":"https:\/\/nexusvisa.com\/vi\/wp-json\/wp\/v2\/users\/9"}],"replies":[{"embeddable":true,"href":"https:\/\/nexusvisa.com\/vi\/wp-json\/wp\/v2\/comments?post=5839"}],"version-history":[{"count":28,"href":"https:\/\/nexusvisa.com\/vi\/wp-json\/wp\/v2\/pages\/5839\/revisions"}],"predecessor-version":[{"id":11788,"href":"https:\/\/nexusvisa.com\/vi\/wp-json\/wp\/v2\/pages\/5839\/revisions\/11788"}],"wp:attachment":[{"href":"https:\/\/nexusvisa.com\/vi\/wp-json\/wp\/v2\/media?parent=5839"}],"curies":[{"name":"wp","href":"https:\/\/api.w.org\/{rel}","templated":true}]}}