{"id":5829,"date":"2023-01-26T17:16:18","date_gmt":"2023-01-27T00:16:18","guid":{"rendered":"http:\/\/nexusvisa.com\/visa-tham-canada\/"},"modified":"2023-04-06T15:34:36","modified_gmt":"2023-04-06T21:34:36","slug":"visa-du-lich-canada","status":"publish","type":"page","link":"https:\/\/nexusvisa.com\/vi\/visa-du-lich-canada\/","title":{"rendered":"Visa Du L\u1ecbch Canada"},"content":{"rendered":"\t\t<div data-elementor-type=\"wp-page\" data-elementor-id=\"5829\" class=\"elementor elementor-5829 elementor-2574\">\n\t\t\t\t\t\t<section class=\"elementor-section elementor-top-section elementor-element elementor-element-f399bb7 elementor-section-boxed elementor-section-height-default elementor-section-height-default\" data-id=\"f399bb7\" data-element_type=\"section\" data-e-type=\"section\">\n\t\t\t\t\t\t<div class=\"elementor-container elementor-column-gap-default\">\n\t\t\t\t\t<div class=\"elementor-column elementor-col-100 elementor-top-column elementor-element elementor-element-d7abffe\" data-id=\"d7abffe\" data-element_type=\"column\" data-e-type=\"column\">\n\t\t\t<div class=\"elementor-widget-wrap elementor-element-populated\">\n\t\t\t\t\t\t<div class=\"elementor-element elementor-element-f87812b animated-slow elementor-invisible elementor-widget elementor-widget-heading\" data-id=\"f87812b\" data-element_type=\"widget\" data-e-type=\"widget\" data-settings=\"{&quot;_animation&quot;:&quot;fadeIn&quot;}\" data-widget_type=\"heading.default\">\n\t\t\t\t<div class=\"elementor-widget-container\">\n\t\t\t\t\t<h1 class=\"elementor-heading-title elementor-size-default\">Visa Du L\u1ecbch Canada<\/h1>\t\t\t\t<\/div>\n\t\t\t\t<\/div>\n\t\t\t\t\t<\/div>\n\t\t<\/div>\n\t\t\t\t\t<\/div>\n\t\t<\/section>\n\t\t\t\t<section class=\"elementor-section elementor-top-section elementor-element elementor-element-ef309ea elementor-section-boxed elementor-section-height-default elementor-section-height-default\" data-id=\"ef309ea\" data-element_type=\"section\" data-e-type=\"section\">\n\t\t\t\t\t\t<div class=\"elementor-container elementor-column-gap-default\">\n\t\t\t\t\t<div class=\"elementor-column elementor-col-50 elementor-top-column elementor-element elementor-element-9f57d11\" data-id=\"9f57d11\" data-element_type=\"column\" data-e-type=\"column\">\n\t\t\t<div class=\"elementor-widget-wrap elementor-element-populated\">\n\t\t\t\t\t\t<div class=\"elementor-element elementor-element-fdc3fab elementor-invisible elementor-widget elementor-widget-image\" data-id=\"fdc3fab\" data-element_type=\"widget\" data-e-type=\"widget\" data-settings=\"{&quot;_animation&quot;:&quot;fadeInLeft&quot;,&quot;_animation_delay&quot;:500}\" data-widget_type=\"image.default\">\n\t\t\t\t<div class=\"elementor-widget-container\">\n\t\t\t\t\t\t\t\t\t\t\t\t\t\t\t<img fetchpriority=\"high\" decoding=\"async\" width=\"768\" height=\"405\" src=\"https:\/\/nexusvisa.com\/wp-content\/uploads\/2023\/01\/happy-tourist-woman-on-vacation-with-map-visiting-2021-08-26-17-31-16-utc-768x405.jpg\" class=\"attachment-medium_large size-medium_large wp-image-4945\" alt=\"\" srcset=\"https:\/\/nexusvisa.com\/wp-content\/uploads\/2023\/01\/happy-tourist-woman-on-vacation-with-map-visiting-2021-08-26-17-31-16-utc-768x405.jpg 768w, https:\/\/nexusvisa.com\/wp-content\/uploads\/2023\/01\/happy-tourist-woman-on-vacation-with-map-visiting-2021-08-26-17-31-16-utc-600x316.jpg 600w, https:\/\/nexusvisa.com\/wp-content\/uploads\/2023\/01\/happy-tourist-woman-on-vacation-with-map-visiting-2021-08-26-17-31-16-utc-1024x540.jpg 1024w, https:\/\/nexusvisa.com\/wp-content\/uploads\/2023\/01\/happy-tourist-woman-on-vacation-with-map-visiting-2021-08-26-17-31-16-utc.jpg 1800w\" sizes=\"(max-width: 768px) 100vw, 768px\" \/>\t\t\t\t\t\t\t\t\t\t\t\t\t\t\t<\/div>\n\t\t\t\t<\/div>\n\t\t\t\t\t<\/div>\n\t\t<\/div>\n\t\t\t\t<div class=\"elementor-column elementor-col-50 elementor-top-column elementor-element elementor-element-42a0a60\" data-id=\"42a0a60\" data-element_type=\"column\" data-e-type=\"column\">\n\t\t\t<div class=\"elementor-widget-wrap elementor-element-populated\">\n\t\t\t\t\t\t<div class=\"elementor-element elementor-element-3c07953 animated-slow elementor-invisible elementor-widget elementor-widget-text-editor\" data-id=\"3c07953\" data-element_type=\"widget\" data-e-type=\"widget\" data-settings=\"{&quot;_animation&quot;:&quot;fadeIn&quot;,&quot;_animation_delay&quot;:500}\" data-widget_type=\"text-editor.default\">\n\t\t\t\t<div class=\"elementor-widget-container\">\n\t\t\t\t\t\t\t\t\t<p>Ch\u00fang t\u00f4i cung c\u1ea5p d\u1ecbch v\u1ee5 h\u1ed7 tr\u1ee3 cho qu\u00fd v\u1ecb khi mu\u1ed1n th\u0103m C\u1ea7nada, k\u00e9o d\u00e0i th\u1eddi gian l\u01b0u tr\u00fa, m\u1eddi kh\u00e1ch th\u0103m c\u00f4ng vi\u1ec7c ho\u1eb7c \u0111o\u00e0n t\u1ee5 v\u1edbi gia \u0111\u00ecnh.<\/p>\n\t\t\t\t\t\t\t\t<\/div>\n\t\t\t\t<\/div>\n\t\t\t\t\t<\/div>\n\t\t<\/div>\n\t\t\t\t\t<\/div>\n\t\t<\/section>\n\t\t\t\t<section class=\"elementor-section elementor-top-section elementor-element elementor-element-496ea92 animated-slow elementor-section-boxed elementor-section-height-default elementor-section-height-default elementor-invisible\" data-id=\"496ea92\" data-element_type=\"section\" data-e-type=\"section\" data-settings=\"{&quot;animation&quot;:&quot;fadeIn&quot;,&quot;animation_delay&quot;:500}\">\n\t\t\t\t\t\t<div class=\"elementor-container elementor-column-gap-default\">\n\t\t\t\t\t<div class=\"elementor-column elementor-col-100 elementor-top-column elementor-element elementor-element-c0e2bd8\" data-id=\"c0e2bd8\" data-element_type=\"column\" data-e-type=\"column\">\n\t\t\t<div class=\"elementor-widget-wrap elementor-element-populated\">\n\t\t\t\t\t\t<div class=\"elementor-element elementor-element-b9bfe4f elementor-widget elementor-widget-accordion\" data-id=\"b9bfe4f\" data-element_type=\"widget\" data-e-type=\"widget\" data-widget_type=\"accordion.default\">\n\t\t\t\t<div class=\"elementor-widget-container\">\n\t\t\t\t\t\t\t<div class=\"elementor-accordion\">\n\t\t\t\t\t\t\t<div class=\"elementor-accordion-item\">\n\t\t\t\t\t<div id=\"elementor-tab-title-1941\" class=\"elementor-tab-title\" data-tab=\"1\" role=\"button\" aria-controls=\"elementor-tab-content-1941\" aria-expanded=\"false\">\n\t\t\t\t\t\t\t\t\t\t\t\t\t<span class=\"elementor-accordion-icon elementor-accordion-icon-left\" aria-hidden=\"true\">\n\t\t\t\t\t\t\t\t\t\t\t\t\t\t\t<span class=\"elementor-accordion-icon-closed\"><i class=\"fas fa-plus\"><\/i><\/span>\n\t\t\t\t\t\t\t\t<span class=\"elementor-accordion-icon-opened\"><i class=\"fas fa-minus\"><\/i><\/span>\n\t\t\t\t\t\t\t\t\t\t\t\t\t\t<\/span>\n\t\t\t\t\t\t\t\t\t\t\t\t<a class=\"elementor-accordion-title\" tabindex=\"0\">Visa Nh\u1eadp C\u1ea3nh Cho Du Kh\u00e1ch<\/a>\n\t\t\t\t\t<\/div>\n\t\t\t\t\t<div id=\"elementor-tab-content-1941\" class=\"elementor-tab-content elementor-clearfix\" data-tab=\"1\" role=\"region\" aria-labelledby=\"elementor-tab-title-1941\"><p>Visa Nh\u1eadp C\u1ea3nh Cho Du Kh\u00e1ch l\u00e0 m\u1ed9t t\u00e0i li\u1ec7u ch\u00ednh th\u1ee9c m\u00e0 c\u00f4ng d\u00e2n t\u1eeb c\u00e1c qu\u1ed1c gia y\u00eau c\u1ea7u c\u00f3 visa c\u1ea7n c\u00f3 \u0111\u1ec3 du l\u1ecbch v\u00e0 nh\u1eadp c\u1ea3nh v\u00e0o Canada nh\u01b0 m\u1ed9t du kh\u00e1ch trong kho\u1ea3ng th\u1eddi gian t\u1ed1i \u0111a 6 th\u00e1ng. Visa du l\u1ecbch s\u1ebd \u0111\u01b0\u1ee3c d\u00e1n tr\u00ean h\u1ed9 chi\u1ebfu c\u1ee7a qu\u00fd v\u1ecb \u0111\u1ec3 ch\u1ee9ng t\u1ecf r\u1eb1ng qu\u00fd v\u1ecb \u0111\u00e1p \u1ee9ng \u0111\u01b0\u1ee3c c\u00e1c y\u00eau c\u1ea7u \u0111\u1ec3 nh\u1eadp c\u1ea3nh v\u00e0o Canada.<\/p><\/div>\n\t\t\t\t<\/div>\n\t\t\t\t\t\t\t<div class=\"elementor-accordion-item\">\n\t\t\t\t\t<div id=\"elementor-tab-title-1942\" class=\"elementor-tab-title\" data-tab=\"2\" role=\"button\" aria-controls=\"elementor-tab-content-1942\" aria-expanded=\"false\">\n\t\t\t\t\t\t\t\t\t\t\t\t\t<span class=\"elementor-accordion-icon elementor-accordion-icon-left\" aria-hidden=\"true\">\n\t\t\t\t\t\t\t\t\t\t\t\t\t\t\t<span class=\"elementor-accordion-icon-closed\"><i class=\"fas fa-plus\"><\/i><\/span>\n\t\t\t\t\t\t\t\t<span class=\"elementor-accordion-icon-opened\"><i class=\"fas fa-minus\"><\/i><\/span>\n\t\t\t\t\t\t\t\t\t\t\t\t\t\t<\/span>\n\t\t\t\t\t\t\t\t\t\t\t\t<a class=\"elementor-accordion-title\" tabindex=\"0\">Gi\u1ea5y X\u00e1c Nh\u1eadn T\u00ecnh Tr\u1ea1ng C\u01b0 Tr\u00fa<\/a>\n\t\t\t\t\t<\/div>\n\t\t\t\t\t<div id=\"elementor-tab-content-1942\" class=\"elementor-tab-content elementor-clearfix\" data-tab=\"2\" role=\"region\" aria-labelledby=\"elementor-tab-title-1942\"><p>Gi\u1ea5y X\u00e1c Nh\u1eadn T\u00ecnh Tr\u1ea1ng C\u01b0 Tr\u00fa l\u00e0 m\u1ed9t t\u00e0i li\u1ec7u m\u00e0 c\u00e1n b\u1ed9 qu\u1ea3n l\u00fd bi\u00ean gi\u1edbi c\u00f3 th\u1ec3 c\u1ea5p cho qu\u00fd v\u1ecb \u0111\u1ec3 k\u00e9o d\u00e0i ho\u1eb7c gi\u1edbi h\u1ea1n th\u1eddi gian l\u01b0u tr\u00fa t\u1ea1i Canada. Qu\u00fd v\u1ecb c\u0169ng c\u00f3 th\u1ec3 nh\u1eadn \u0111\u01b0\u1ee3c h\u1ed3 s\u01a1 th\u0103m Canada sau khi \u0111\u01b0\u1ee3c ch\u1ea5p thu\u1eadn \u0111\u01a1n xin k\u00e9o d\u00e0i th\u1eddi gian l\u01b0u tr\u00fa ho\u1eb7c ph\u1ee5c h\u1ed3i t\u00ecnh tr\u1ea1ng h\u1ee3p l\u1ec7. H\u1ed3 s\u01a1 th\u0103m Canada \u0111\u01b0\u1ee3c c\u1ea5p b\u1edfi C\u01a1 quan D\u1ecbch v\u1ee5 Bi\u00ean gi\u1edbi Canada ho\u1eb7c B\u1ed9 Di tr\u00fa, T\u1ecb n\u1ea1n v\u00e0 Qu\u1ed1c t\u1ecbch Canada.<\/p><p>Qu\u00fd v\u1ecb c\u1ea7n ph\u1ea3i n\u1ed9p \u0111\u01a1n xin h\u1ed3 s\u01a1 th\u0103m Canada khi:<\/p><ul><li>L\u1ea7n \u0111\u1ea7u ti\u00ean nh\u1eadp c\u1ea3nh v\u00e0o C\u1ea7nada v\u00e0 bi\u1ebft r\u1eb1ng mu\u1ed1n l\u01b0u l\u1ea1i nhi\u1ec1u h\u01a1n 6 th\u00e1ng; ho\u1eb7c<\/li><li>Qu\u00fd v\u1ecb \u0111ang \u1edf t\u1ea1i C\u1ea7nada v\u00e0 quy\u1ebft \u0111\u1ecbnh mu\u1ed1n l\u01b0u l\u1ea1i nhi\u1ec1u th\u1eddi gian h\u01a1n.<\/li><li>Qu\u00fd v\u1ecb ph\u1ea3i n\u1ed9p \u0111\u01a1n \u00edt nh\u1ea5t 30 ng\u00e0y tr\u01b0\u1edbc khi th\u1eddi gian l\u01b0u tr\u00fa t\u1ea1i C\u1ea7nada c\u1ee7a qu\u00fd v\u1ecb h\u1ebft h\u1ea1n.<\/li><\/ul><\/div>\n\t\t\t\t<\/div>\n\t\t\t\t\t\t\t<div class=\"elementor-accordion-item\">\n\t\t\t\t\t<div id=\"elementor-tab-title-1943\" class=\"elementor-tab-title\" data-tab=\"3\" role=\"button\" aria-controls=\"elementor-tab-content-1943\" aria-expanded=\"false\">\n\t\t\t\t\t\t\t\t\t\t\t\t\t<span class=\"elementor-accordion-icon elementor-accordion-icon-left\" aria-hidden=\"true\">\n\t\t\t\t\t\t\t\t\t\t\t\t\t\t\t<span class=\"elementor-accordion-icon-closed\"><i class=\"fas fa-plus\"><\/i><\/span>\n\t\t\t\t\t\t\t\t<span class=\"elementor-accordion-icon-opened\"><i class=\"fas fa-minus\"><\/i><\/span>\n\t\t\t\t\t\t\t\t\t\t\t\t\t\t<\/span>\n\t\t\t\t\t\t\t\t\t\t\t\t<a class=\"elementor-accordion-title\" tabindex=\"0\">Gi\u1ea5y Ph\u00e9p Tr\u00fa Ng\u1ee5 T\u1ea1m Th\u1eddi<\/a>\n\t\t\t\t\t<\/div>\n\t\t\t\t\t<div id=\"elementor-tab-content-1943\" class=\"elementor-tab-content elementor-clearfix\" data-tab=\"3\" role=\"region\" aria-labelledby=\"elementor-tab-title-1943\"><p>N\u1ebfu b\u1ea1n kh\u00f4ng \u0111\u01b0\u1ee3c ch\u1ea5p nh\u1eadn v\u00e0o Canada nh\u01b0ng c\u00f3 l\u00fd do h\u1ee3p l\u00fd \u0111\u1ec3 du l\u1ecbch \u0111\u1ebfn Canada, m\u1ed9t Gi\u1ea5y ph\u00e9p t\u1ea1m tr\u00fa (Temporary Resident Permit &#8211; TRP) c\u00f3 th\u1ec3 \u0111\u01b0\u1ee3c c\u1ea5p cho b\u1ea1n. \u0110\u1ec3 \u0111\u1ee7 \u0111i\u1ec1u ki\u1ec7n cho m\u1ed9t gi\u1ea5y ph\u00e9p nh\u01b0 v\u1eady, c\u1ea7n ph\u1ea3i \u0111\u01b0\u1ee3c x\u00e1c \u0111\u1ecbnh b\u1edfi m\u1ed9t c\u00e1n b\u1ed9 nh\u1eadp c\u01b0 ho\u1eb7c d\u1ecbch v\u1ee5 bi\u00ean gi\u1edbi r\u1eb1ng nhu c\u1ea7u c\u1ee7a b\u1ea1n \u0111\u1ec3 nh\u1eadp c\u1ea3nh ho\u1eb7c l\u01b0u l\u1ea1i t\u1ea1i Canada v\u01b0\u1ee3t qu\u00e1 nh\u1eefng nguy c\u01a1 v\u1ec1 s\u1ee9c kh\u1ecfe ho\u1eb7c an to\u00e0n m\u00e0 s\u1ef1 hi\u1ec7n di\u1ec7n c\u1ee7a b\u1ea1n c\u00f3 th\u1ec3 g\u00e2y ra cho x\u00e3 h\u1ed9i Canada.<\/p>\n<p>\u0110i\u1ec1u n\u00e0y c\u00f3 ngh\u0129a l\u00e0 ngay c\u1ea3 khi l\u00fd do cho s\u1ef1 kh\u00f4ng \u0111\u01b0\u1ee3c ch\u1ea5p nh\u1eadn c\u1ee7a b\u1ea1n xu\u1ea5t hi\u1ec7n nh\u1eb9, b\u1ea1n v\u1eabn ph\u1ea3i cung c\u1ea5p \u0111\u1ea7y \u0111\u1ee7 b\u1eb1ng ch\u1ee9ng cho th\u1ea5y chuy\u1ebfn th\u0103m c\u1ee7a b\u1ea1n \u0111\u01b0\u1ee3c ch\u1ee9ng minh v\u00e0 n\u00ean \u0111\u01b0\u1ee3c cho ph\u00e9p.<\/p>\n<\/div>\n\t\t\t\t<\/div>\n\t\t\t\t\t\t\t<div class=\"elementor-accordion-item\">\n\t\t\t\t\t<div id=\"elementor-tab-title-1944\" class=\"elementor-tab-title\" data-tab=\"4\" role=\"button\" aria-controls=\"elementor-tab-content-1944\" aria-expanded=\"false\">\n\t\t\t\t\t\t\t\t\t\t\t\t\t<span class=\"elementor-accordion-icon elementor-accordion-icon-left\" aria-hidden=\"true\">\n\t\t\t\t\t\t\t\t\t\t\t\t\t\t\t<span class=\"elementor-accordion-icon-closed\"><i class=\"fas fa-plus\"><\/i><\/span>\n\t\t\t\t\t\t\t\t<span class=\"elementor-accordion-icon-opened\"><i class=\"fas fa-minus\"><\/i><\/span>\n\t\t\t\t\t\t\t\t\t\t\t\t\t\t<\/span>\n\t\t\t\t\t\t\t\t\t\t\t\t<a class=\"elementor-accordion-title\" tabindex=\"0\">Super Visa Cho \u00d4ng B\u00e0 v\u00e0 Cha m\u1eb9<\/a>\n\t\t\t\t\t<\/div>\n\t\t\t\t\t<div id=\"elementor-tab-content-1944\" class=\"elementor-tab-content elementor-clearfix\" data-tab=\"4\" role=\"region\" aria-labelledby=\"elementor-tab-title-1944\"><p>Super Visa l\u00e0 m\u1ed9t c\u00e1ch tuy\u1ec7t v\u1eddi \u0111\u1ec3 c\u00e1c gia \u0111\u00ecnh gi\u1eef li\u00ean l\u1ea1c v\u00e0 t\u0103ng c\u01b0\u1eddng c\u00e1c m\u1ed1i quan h\u1ec7 v\u1edbi nhau. Lo\u1ea1i visa n\u00e0y cung c\u1ea5p t\u00ednh linh ho\u1ea1t v\u00e0 t\u00e2m l\u00fd tho\u1ea3i m\u00e1i v\u00ec n\u00f3 c\u00f3 gi\u00e1 tr\u1ecb t\u1ed1i \u0111a 10 n\u0103m, cho ph\u00e9p b\u1ea1n v\u00e0 gia \u0111\u00ecnh c\u1ee7a b\u1ea1n \u0111i l\u1ea1i v\u00e0o v\u00e0 ra kh\u1ecfi Canada d\u1ec5 d\u00e0ng.<\/p><\/div>\n\t\t\t\t<\/div>\n\t\t\t\t\t\t\t\t<\/div>\n\t\t\t\t\t\t<\/div>\n\t\t\t\t<\/div>\n\t\t\t\t\t<\/div>\n\t\t<\/div>\n\t\t\t\t\t<\/div>\n\t\t<\/section>\n\t\t\t\t<\/div>\n\t\t","protected":false},"excerpt":{"rendered":"<p>Visa Du L\u1ecbch Canada Ch\u00fang t\u00f4i cung c\u1ea5p d\u1ecbch v\u1ee5 h\u1ed7 tr\u1ee3 cho qu\u00fd v\u1ecb khi mu\u1ed1n th\u0103m C\u1ea7nada, k\u00e9o d\u00e0i th\u1eddi gian l\u01b0u tr\u00fa, m\u1eddi kh\u00e1ch th\u0103m c\u00f4ng vi\u1ec7c ho\u1eb7c \u0111o\u00e0n t\u1ee5 v\u1edbi gia \u0111\u00ecnh. Visa Nh\u1eadp C\u1ea3nh Cho Du Kh\u00e1ch Visa Nh\u1eadp C\u1ea3nh Cho Du Kh\u00e1ch l\u00e0 m\u1ed9t t\u00e0i li\u1ec7u ch\u00ednh th\u1ee9c m\u00e0 [&hellip;]<\/p>\n","protected":false},"author":9,"featured_media":0,"parent":0,"menu_order":0,"comment_status":"closed","ping_status":"closed","template":"","meta":{"footnotes":""},"class_list":["post-5829","page","type-page","status-publish","hentry"],"_links":{"self":[{"href":"https:\/\/nexusvisa.com\/vi\/wp-json\/wp\/v2\/pages\/5829","targetHints":{"allow":["GET"]}}],"collection":[{"href":"https:\/\/nexusvisa.com\/vi\/wp-json\/wp\/v2\/pages"}],"about":[{"href":"https:\/\/nexusvisa.com\/vi\/wp-json\/wp\/v2\/types\/page"}],"author":[{"embeddable":true,"href":"https:\/\/nexusvisa.com\/vi\/wp-json\/wp\/v2\/users\/9"}],"replies":[{"embeddable":true,"href":"https:\/\/nexusvisa.com\/vi\/wp-json\/wp\/v2\/comments?post=5829"}],"version-history":[{"count":25,"href":"https:\/\/nexusvisa.com\/vi\/wp-json\/wp\/v2\/pages\/5829\/revisions"}],"predecessor-version":[{"id":11946,"href":"https:\/\/nexusvisa.com\/vi\/wp-json\/wp\/v2\/pages\/5829\/revisions\/11946"}],"wp:attachment":[{"href":"https:\/\/nexusvisa.com\/vi\/wp-json\/wp\/v2\/media?parent=5829"}],"curies":[{"name":"wp","href":"https:\/\/api.w.org\/{rel}","templated":true}]}}