{"id":5783,"date":"2023-01-31T14:54:28","date_gmt":"2023-01-31T21:54:28","guid":{"rendered":"http:\/\/nexusvisa.com\/mien-tru-trach-nhiem\/"},"modified":"2023-03-29T16:55:43","modified_gmt":"2023-03-29T22:55:43","slug":"mien-tru-trach-nhiem","status":"publish","type":"page","link":"https:\/\/nexusvisa.com\/vi\/mien-tru-trach-nhiem\/","title":{"rendered":"Mi\u1ec5n Tr\u1eeb Tr\u00e1ch Nhi\u1ec7m\u200b"},"content":{"rendered":"\t\t<div data-elementor-type=\"wp-page\" data-elementor-id=\"5783\" class=\"elementor elementor-5783 elementor-2749\">\n\t\t\t\t\t\t<section class=\"elementor-section elementor-top-section elementor-element elementor-element-d2e889d elementor-section-boxed elementor-section-height-default elementor-section-height-default\" data-id=\"d2e889d\" data-element_type=\"section\" data-e-type=\"section\">\n\t\t\t\t\t\t<div class=\"elementor-container elementor-column-gap-default\">\n\t\t\t\t\t<div class=\"elementor-column elementor-col-100 elementor-top-column elementor-element elementor-element-d2e0b90\" data-id=\"d2e0b90\" data-element_type=\"column\" data-e-type=\"column\">\n\t\t\t<div class=\"elementor-widget-wrap elementor-element-populated\">\n\t\t\t\t\t\t<div class=\"elementor-element elementor-element-06f3ba0 animated-slow elementor-invisible elementor-widget elementor-widget-heading\" data-id=\"06f3ba0\" data-element_type=\"widget\" data-e-type=\"widget\" data-settings=\"{&quot;_animation&quot;:&quot;fadeIn&quot;}\" data-widget_type=\"heading.default\">\n\t\t\t\t<div class=\"elementor-widget-container\">\n\t\t\t\t\t<h1 class=\"elementor-heading-title elementor-size-default\">Mi\u1ec5n Tr\u1eeb Tr\u00e1ch Nhi\u1ec7m\u200b<\/h1>\t\t\t\t<\/div>\n\t\t\t\t<\/div>\n\t\t\t\t\t<\/div>\n\t\t<\/div>\n\t\t\t\t\t<\/div>\n\t\t<\/section>\n\t\t\t\t<section class=\"elementor-section elementor-top-section elementor-element elementor-element-b9cae84 animated-slow elementor-section-boxed elementor-section-height-default elementor-section-height-default elementor-invisible\" data-id=\"b9cae84\" data-element_type=\"section\" data-e-type=\"section\" data-settings=\"{&quot;animation&quot;:&quot;fadeIn&quot;,&quot;animation_delay&quot;:300}\">\n\t\t\t\t\t\t<div class=\"elementor-container elementor-column-gap-default\">\n\t\t\t\t\t<div class=\"elementor-column elementor-col-100 elementor-top-column elementor-element elementor-element-43d76f6\" data-id=\"43d76f6\" data-element_type=\"column\" data-e-type=\"column\">\n\t\t\t<div class=\"elementor-widget-wrap elementor-element-populated\">\n\t\t\t\t\t\t<div class=\"elementor-element elementor-element-eafbcef elementor-widget elementor-widget-text-editor\" data-id=\"eafbcef\" data-element_type=\"widget\" data-e-type=\"widget\" data-widget_type=\"text-editor.default\">\n\t\t\t\t<div class=\"elementor-widget-container\">\n\t\t\t\t\t\t\t\t\t<p>Th\u00f4ng tin \u0111\u01b0\u1ee3c cung c\u1ea5p tr\u00ean trang web n\u00e0y kh\u00f4ng \u0111\u1ea1i di\u1ec7n cho l\u1eddi khuy\u00ean th\u1ef1c s\u1ef1 ho\u1eb7c \u00fd ki\u1ebfn chuy\u00ean nghi\u1ec7p t\u1eeb m\u1ed9t t\u01b0 v\u1ea5n di tr\u00fa \u0111\u01b0\u1ee3c ch\u1ee9ng nh\u1eadn b\u1edfi CSIC li\u00ean quan \u0111\u1ebfn c\u00e1c v\u1ea5n \u0111\u1ec1 di tr\u00fa, c\u0169ng nh\u01b0 kh\u00f4ng \u0111\u1ea1i di\u1ec7n cho l\u1eddi khuy\u00ean ph\u00e1p l\u00fd th\u1ef1c s\u1ef1 t\u1eeb m\u1ed9t chuy\u00ean gia ph\u00e1p l\u00fd \u0111\u01b0\u1ee3c \u0111\u00e0o t\u1ea1o.<\/p>\n<p>N\u1ed9i dung c\u1ee7a trang web \u0111\u01b0\u1ee3c m\u1edf \u0111\u1ec3 xem chung v\u00e0 \u0111\u01b0\u1ee3c cung c\u1ea5p &#8220;nh\u01b0 th\u1ebf&#8221;. N\u1ed9i dung v\u00e0 t\u00e0i li\u1ec7u \u0111\u01b0\u1ee3c cung c\u1ea5p tr\u00ean trang web ch\u1ec9 mang t\u00ednh ch\u1ea5t th\u00f4ng tin v\u00e0 vi\u1ec7c s\u1eed d\u1ee5ng l\u00e0 ho\u00e0n to\u00e0n t\u1ef1 nguy\u1ec7n. Nexus Immigration &amp; Recruitment kh\u00f4ng ch\u1ecbu tr\u00e1ch nhi\u1ec7m ho\u1eb7c kh\u00f4ng ch\u1ecbu tr\u00e1ch nhi\u1ec7m b\u1ea5t k\u1ef3 c\u00e1ch n\u00e0o m\u00e0 th\u00f4ng tin v\u00e0 n\u1ed9i dung c\u1ee7a trang web n\u00e0y c\u00f3 th\u1ec3 \u0111\u01b0\u1ee3c thu \u0111\u01b0\u1ee3c ho\u1eb7c s\u1eed d\u1ee5ng, tr\u1ef1c ti\u1ebfp ho\u1eb7c gi\u00e1n ti\u1ebfp, b\u1edfi c\u00e1c b\u00ean th\u1ee9 ba b\u00ean ngo\u00e0i ki\u1ebfn th\u1ee9c c\u1ee7a Nexus Immigration &amp; Recruitment.<\/p>\n<p>Trang web ch\u1ee9a li\u00ean k\u1ebft \u0111\u1ebfn c\u00e1c trang web v\u00e0 n\u1ed9i dung b\u00ean ngo\u00e0i kh\u00f4ng \u0111\u01b0\u1ee3c t\u00e0i tr\u1ee3, v\u1eadn h\u00e0nh ho\u1eb7c duy tr\u00ec b\u1edfi Nexus Immigration &amp; Recruitment. Sau khi \u0111\u01b0\u1ee3c li\u00ean k\u1ebft v\u1edbi m\u1ed9t trang web b\u00ean ngo\u00e0i, b\u1ea1n s\u1ebd ph\u1ea3i tu\u00e2n th\u1ee7 c\u00e1c ch\u00ednh s\u00e1ch b\u1ea3o m\u1eadt v\u00e0 mi\u1ec5n tr\u1eeb tr\u00e1ch nhi\u1ec7m c\u1ee7a trang web \u0111\u00f3. Nexus Immigration &amp; Recruitment kh\u00f4ng ch\u1ecbu tr\u00e1ch nhi\u1ec7m ho\u1eb7c kh\u00f4ng ch\u1ecbu tr\u00e1ch nhi\u1ec7m b\u1ea5t k\u1ef3 c\u00e1ch n\u00e0o m\u00e0 th\u00f4ng tin c\u00e1 nh\u00e2n c\u1ee7a b\u1ea1n c\u00f3 th\u1ec3 \u0111\u01b0\u1ee3c thu \u0111\u01b0\u1ee3c ho\u1eb7c s\u1eed d\u1ee5ng b\u1edfi c\u00e1c b\u00ean v\u00e0 t\u1ed5 ch\u1ee9c b\u00ean ngo\u00e0i.<\/p>\n\t\t\t\t\t\t\t\t<\/div>\n\t\t\t\t<\/div>\n\t\t\t\t\t<\/div>\n\t\t<\/div>\n\t\t\t\t\t<\/div>\n\t\t<\/section>\n\t\t\t\t<\/div>\n\t\t","protected":false},"excerpt":{"rendered":"<p>Mi\u1ec5n Tr\u1eeb Tr\u00e1ch Nhi\u1ec7m\u200b Th\u00f4ng tin \u0111\u01b0\u1ee3c cung c\u1ea5p tr\u00ean trang web n\u00e0y kh\u00f4ng \u0111\u1ea1i di\u1ec7n cho l\u1eddi khuy\u00ean th\u1ef1c s\u1ef1 ho\u1eb7c \u00fd ki\u1ebfn chuy\u00ean nghi\u1ec7p t\u1eeb m\u1ed9t t\u01b0 v\u1ea5n di tr\u00fa \u0111\u01b0\u1ee3c ch\u1ee9ng nh\u1eadn b\u1edfi CSIC li\u00ean quan \u0111\u1ebfn c\u00e1c v\u1ea5n \u0111\u1ec1 di tr\u00fa, c\u0169ng nh\u01b0 kh\u00f4ng \u0111\u1ea1i di\u1ec7n cho l\u1eddi khuy\u00ean ph\u00e1p l\u00fd [&hellip;]<\/p>\n","protected":false},"author":9,"featured_media":0,"parent":0,"menu_order":0,"comment_status":"closed","ping_status":"closed","template":"","meta":{"footnotes":""},"class_list":["post-5783","page","type-page","status-publish","hentry"],"_links":{"self":[{"href":"https:\/\/nexusvisa.com\/vi\/wp-json\/wp\/v2\/pages\/5783","targetHints":{"allow":["GET"]}}],"collection":[{"href":"https:\/\/nexusvisa.com\/vi\/wp-json\/wp\/v2\/pages"}],"about":[{"href":"https:\/\/nexusvisa.com\/vi\/wp-json\/wp\/v2\/types\/page"}],"author":[{"embeddable":true,"href":"https:\/\/nexusvisa.com\/vi\/wp-json\/wp\/v2\/users\/9"}],"replies":[{"embeddable":true,"href":"https:\/\/nexusvisa.com\/vi\/wp-json\/wp\/v2\/comments?post=5783"}],"version-history":[{"count":16,"href":"https:\/\/nexusvisa.com\/vi\/wp-json\/wp\/v2\/pages\/5783\/revisions"}],"predecessor-version":[{"id":11808,"href":"https:\/\/nexusvisa.com\/vi\/wp-json\/wp\/v2\/pages\/5783\/revisions\/11808"}],"wp:attachment":[{"href":"https:\/\/nexusvisa.com\/vi\/wp-json\/wp\/v2\/media?parent=5783"}],"curies":[{"name":"wp","href":"https:\/\/api.w.org\/{rel}","templated":true}]}}