{"id":5721,"date":"2023-01-24T14:16:35","date_gmt":"2023-01-24T21:16:35","guid":{"rendered":"http:\/\/nexusvisa.com\/dinh-cu\/"},"modified":"2023-03-29T16:43:37","modified_gmt":"2023-03-29T22:43:37","slug":"dich-vu-ho-tro","status":"publish","type":"page","link":"https:\/\/nexusvisa.com\/vi\/dich-vu-ho-tro\/","title":{"rendered":"D\u1ecbch V\u1ee5 H\u1ed7 Tr\u1ee3"},"content":{"rendered":"\t\t<div data-elementor-type=\"wp-page\" data-elementor-id=\"5721\" class=\"elementor elementor-5721 elementor-2361\">\n\t\t\t\t\t\t<section class=\"elementor-section elementor-top-section elementor-element elementor-element-c081c7e elementor-section-boxed elementor-section-height-default elementor-section-height-default\" data-id=\"c081c7e\" data-element_type=\"section\" data-e-type=\"section\">\n\t\t\t\t\t\t<div class=\"elementor-container elementor-column-gap-default\">\n\t\t\t\t\t<div class=\"elementor-column elementor-col-100 elementor-top-column elementor-element elementor-element-748aa5c\" data-id=\"748aa5c\" data-element_type=\"column\" data-e-type=\"column\">\n\t\t\t<div class=\"elementor-widget-wrap elementor-element-populated\">\n\t\t\t\t\t\t<div class=\"elementor-element elementor-element-bc733a4 animated-slow elementor-invisible elementor-widget elementor-widget-heading\" data-id=\"bc733a4\" data-element_type=\"widget\" data-e-type=\"widget\" data-settings=\"{&quot;_animation&quot;:&quot;fadeIn&quot;}\" data-widget_type=\"heading.default\">\n\t\t\t\t<div class=\"elementor-widget-container\">\n\t\t\t\t\t<h1 class=\"elementor-heading-title elementor-size-default\">D\u1ecbch V\u1ee5 H\u1ed7 Tr\u1ee3<\/h1>\t\t\t\t<\/div>\n\t\t\t\t<\/div>\n\t\t\t\t\t<\/div>\n\t\t<\/div>\n\t\t\t\t\t<\/div>\n\t\t<\/section>\n\t\t\t\t<section class=\"elementor-section elementor-top-section elementor-element elementor-element-ecbb620 elementor-section-boxed elementor-section-height-default elementor-section-height-default\" data-id=\"ecbb620\" data-element_type=\"section\" data-e-type=\"section\">\n\t\t\t\t\t\t<div class=\"elementor-container elementor-column-gap-default\">\n\t\t\t\t\t<div class=\"elementor-column elementor-col-50 elementor-top-column elementor-element elementor-element-6ea49c0\" data-id=\"6ea49c0\" data-element_type=\"column\" data-e-type=\"column\">\n\t\t\t<div class=\"elementor-widget-wrap elementor-element-populated\">\n\t\t\t\t\t\t<div class=\"elementor-element elementor-element-ec9fa7f elementor-invisible elementor-widget elementor-widget-image\" data-id=\"ec9fa7f\" data-element_type=\"widget\" data-e-type=\"widget\" data-settings=\"{&quot;_animation&quot;:&quot;fadeInLeft&quot;,&quot;_animation_delay&quot;:&quot;500&quot;}\" data-widget_type=\"image.default\">\n\t\t\t\t<div class=\"elementor-widget-container\">\n\t\t\t\t\t\t\t\t\t\t\t\t\t\t\t<img fetchpriority=\"high\" decoding=\"async\" width=\"768\" height=\"432\" src=\"https:\/\/nexusvisa.com\/wp-content\/uploads\/2023\/01\/happy-asian-young-family-relocation-removals-settl-2021-09-01-03-30-50-utc-768x432.jpg\" class=\"attachment-medium_large size-medium_large wp-image-4930\" alt=\"\" srcset=\"https:\/\/nexusvisa.com\/wp-content\/uploads\/2023\/01\/happy-asian-young-family-relocation-removals-settl-2021-09-01-03-30-50-utc-768x432.jpg 768w, https:\/\/nexusvisa.com\/wp-content\/uploads\/2023\/01\/happy-asian-young-family-relocation-removals-settl-2021-09-01-03-30-50-utc-600x338.jpg 600w, https:\/\/nexusvisa.com\/wp-content\/uploads\/2023\/01\/happy-asian-young-family-relocation-removals-settl-2021-09-01-03-30-50-utc-1024x576.jpg 1024w, https:\/\/nexusvisa.com\/wp-content\/uploads\/2023\/01\/happy-asian-young-family-relocation-removals-settl-2021-09-01-03-30-50-utc.jpg 1600w\" sizes=\"(max-width: 768px) 100vw, 768px\" \/>\t\t\t\t\t\t\t\t\t\t\t\t\t\t\t<\/div>\n\t\t\t\t<\/div>\n\t\t\t\t\t<\/div>\n\t\t<\/div>\n\t\t\t\t<div class=\"elementor-column elementor-col-50 elementor-top-column elementor-element elementor-element-f57f18f\" data-id=\"f57f18f\" data-element_type=\"column\" data-e-type=\"column\">\n\t\t\t<div class=\"elementor-widget-wrap elementor-element-populated\">\n\t\t\t\t\t\t<div class=\"elementor-element elementor-element-e2540cc animated-slow elementor-invisible elementor-widget elementor-widget-text-editor\" data-id=\"e2540cc\" data-element_type=\"widget\" data-e-type=\"widget\" data-settings=\"{&quot;_animation&quot;:&quot;fadeIn&quot;,&quot;_animation_delay&quot;:&quot;500&quot;}\" data-widget_type=\"text-editor.default\">\n\t\t\t\t<div class=\"elementor-widget-container\">\n\t\t\t\t\t\t\t\t\t<p>B\u1eaft \u0111\u1ea7u h\u00e0nh tr\u00ecnh th\u00fa v\u1ecb c\u1ee7a b\u1ea1n \u1edf m\u1ed9t qu\u1ed1c gia m\u1edbi v\u1edbi c\u00e1c d\u1ecbch v\u1ee5 \u0111\u1ecbnh c\u01b0 to\u00e0n di\u1ec7n c\u1ee7a ch\u00fang t\u00f4i. Ch\u00fang t\u00f4i cung c\u1ea5p c\u00e1c d\u1ecbch vu, c\u00f4ng c\u1ee5 v\u00e0 t\u00e0i nguy\u00ean c\u00f3 gi\u00e1 tr\u1ecb c\u1ea7n thi\u1ebft \u0111\u1ec3 gi\u00fap qu\u00e1 tr\u00ecnh chuy\u1ec3n \u0111\u1ed5i tr\u1edf n\u00ean tho\u1ea3i m\u00e1i. T\u1eeb nh\u1eefng v\u1ea5n \u0111\u1ec1 th\u1ef1c t\u1ebf v\u1ec1 \u1ed5n \u0111\u1ecbnh cu\u1ed9c s\u1ed1ng cho \u0111\u1ebfn v\u01b0\u1ee3t qua nh\u1eefng th\u1eed th\u00e1ch kh\u00f3 kh\u0103n, ch\u00fang t\u00f4i lu\u00f4n \u1edf \u0111\u00e2y \u0111\u1ec3 h\u1ed7 tr\u1ee3 b\u1ea1n t\u1eebng b\u01b0\u1edbc trong tr\u1ea3i nghi\u1ec7m thay \u0111\u1ed5i cu\u1ed9c s\u1ed1ng m\u1edbi n\u00e0y.<\/p>\t\t\t\t\t\t\t\t<\/div>\n\t\t\t\t<\/div>\n\t\t\t\t\t<\/div>\n\t\t<\/div>\n\t\t\t\t\t<\/div>\n\t\t<\/section>\n\t\t\t\t<section class=\"elementor-section elementor-top-section elementor-element elementor-element-2db18cd animated-slow elementor-section-boxed elementor-section-height-default elementor-section-height-default elementor-invisible\" data-id=\"2db18cd\" data-element_type=\"section\" data-e-type=\"section\" data-settings=\"{&quot;animation&quot;:&quot;fadeIn&quot;,&quot;animation_delay&quot;:500}\">\n\t\t\t\t\t\t<div class=\"elementor-container elementor-column-gap-default\">\n\t\t\t\t\t<div class=\"elementor-column elementor-col-100 elementor-top-column elementor-element elementor-element-a155544\" data-id=\"a155544\" data-element_type=\"column\" data-e-type=\"column\">\n\t\t\t<div class=\"elementor-widget-wrap elementor-element-populated\">\n\t\t\t\t\t\t<div class=\"elementor-element elementor-element-444dbf0 elementor-widget elementor-widget-text-editor\" data-id=\"444dbf0\" data-element_type=\"widget\" data-e-type=\"widget\" data-widget_type=\"text-editor.default\">\n\t\t\t\t<div class=\"elementor-widget-container\">\n\t\t\t\t\t\t\t\t\t<p>Ch\u00fang t\u00f4i c\u00f3 th\u1ec3 gi\u00fap b\u1ea1n v\u1edbi:<\/p>\n\t\t\t\t\t\t\t\t<\/div>\n\t\t\t\t<\/div>\n\t\t\t\t<div class=\"elementor-element elementor-element-5ee98de elementor-widget elementor-widget-gva-content-carousel\" data-id=\"5ee98de\" data-element_type=\"widget\" data-e-type=\"widget\" data-widget_type=\"gva-content-carousel.default\">\n\t\t\t\t<div class=\"elementor-widget-container\">\n\t\t\t\t\t<div class=\"gva-element-gva-content-carousel gva-element\">\r\n<div class=\"gsc-content-carousel swiper-slider-wrapper\">\r\n   <div class=\"swiper-content-inner\">\r\n      <div class=\"init-carousel-swiper swiper\" data-carousel=\"{&quot;items&quot;:1,&quot;items_lg&quot;:1,&quot;items_md&quot;:1,&quot;items_sm&quot;:1,&quot;items_xs&quot;:1,&quot;items_xx&quot;:1,&quot;items_xxx&quot;:1,&quot;effect&quot;:&quot;slide&quot;,&quot;space_between&quot;:20,&quot;loop&quot;:1,&quot;speed&quot;:600,&quot;autoplay&quot;:1,&quot;autoplay_delay&quot;:4500,&quot;autoplay_hover&quot;:1,&quot;navigation&quot;:1,&quot;pagination&quot;:0,&quot;dynamic_bullets&quot;:0,&quot;pagination_type&quot;:&quot;bullets&quot;}\">\r\n         <div class=\"swiper-wrapper\">\r\n                           <div class=\"swiper-slide\">\r\n                  <div class=\"item-content\">\r\n                     <div class=\"item-content-inner\">\r\n                                                   <div class=\"box-image\">\r\n                              <div class=\"image-content\">\r\n                                 <img decoding=\"async\" data-src=\"https:\/\/nexusvisa.com\/wp-content\/uploads\/2023\/01\/passenger-is-waiting-for-taxi-2021-08-26-22-38-51-utc.jpg\" alt=\"D\u1ecbch v\u1ee5 \u0111\u01b0a \u0111\u00f3n\" src=\"data:image\/svg+xml;base64,PHN2ZyB3aWR0aD0iMSIgaGVpZ2h0PSIxIiB4bWxucz0iaHR0cDovL3d3dy53My5vcmcvMjAwMC9zdmciPjwvc3ZnPg==\" class=\"lazyload\" style=\"--smush-placeholder-width: 1200px; --smush-placeholder-aspect-ratio: 1200\/800;\" \/>\r\n                              <\/div>\r\n                           <\/div>\r\n                                                <div class=\"box-content\">\r\n                           <div class=\"gsc-heading\">\r\n                                                            <h2 class=\"title\">D\u1ecbch v\u1ee5 \u0111\u01b0a \u0111\u00f3n<\/h2>   \r\n                              <div class=\"title-desc\">Ch\u00fang t\u00f4i s\u1eafp x\u1ebfp c\u00e1c d\u1ecbch v\u1ee5 \u0111\u00f3n v\u00e0 tr\u1ea3 kh\u00e1ch t\u1ea1i s\u00e2n bay \u0111\u1ec3 l\u00e0m cho ng\u00e0y \u0111\u1ea7u ti\u00ean c\u1ee7a b\u1ea1n \u1edf Canada tr\u1edf th\u00e0nh m\u1ed9t tr\u1ea3i nghi\u1ec7m th\u00fa v\u1ecb.<\/div>                              \r\n                           <\/div>\r\n                        <\/div>\r\n                     <\/div>   \r\n                  <\/div>\r\n               <\/div>\r\n                           <div class=\"swiper-slide\">\r\n                  <div class=\"item-content\">\r\n                     <div class=\"item-content-inner\">\r\n                                                   <div class=\"box-image\">\r\n                              <div class=\"image-content\">\r\n                                 <img decoding=\"async\" data-src=\"https:\/\/nexusvisa.com\/wp-content\/uploads\/2023\/01\/apartment-professional-renovation-2022-02-02-03-59-18-utc.jpg\" alt=\"Nh\u00e0 \u1ede\" src=\"data:image\/svg+xml;base64,PHN2ZyB3aWR0aD0iMSIgaGVpZ2h0PSIxIiB4bWxucz0iaHR0cDovL3d3dy53My5vcmcvMjAwMC9zdmciPjwvc3ZnPg==\" class=\"lazyload\" style=\"--smush-placeholder-width: 1200px; --smush-placeholder-aspect-ratio: 1200\/800;\" \/>\r\n                              <\/div>\r\n                           <\/div>\r\n                                                <div class=\"box-content\">\r\n                           <div class=\"gsc-heading\">\r\n                                                            <h2 class=\"title\">Nh\u00e0 \u1ede<\/h2>   \r\n                              <div class=\"title-desc\">H\u1ea3y m\u1edf kh\u00f3a cho ng\u00f4i nh\u00e0 \u0111\u1ea7u ti\u00ean c\u1ee7a b\u1ea1n \u1edf Canada v\u1edbi \u0111\u1ed9i ng\u1ee7 m\u00f4i gi\u1edbi b\u1ea5t \u0111\u1ed9ng s\u1ea3n chuy\u00ean nghi\u1ec7p \u0111\u01b0\u1ee3c c\u1ea5p gi\u1ea5y ph\u00e9p c\u1ee7a ch\u00fang t\u00f4i, c\u1ea9m nang gi\u00fap b\u1ea1n t\u00ecm th\u1ea5y ng\u00f4i nh\u00e0 ph\u00f9 h\u1ee3p nh\u1ea5t cho b\u1ea1n v\u00e0 gia \u0111\u00ecnh m\u00ecnh \u1edf x\u1ee9 s\u1edf l\u00e1 phong.<\/div>                              \r\n                           <\/div>\r\n                        <\/div>\r\n                     <\/div>   \r\n                  <\/div>\r\n               <\/div>\r\n                           <div class=\"swiper-slide\">\r\n                  <div class=\"item-content\">\r\n                     <div class=\"item-content-inner\">\r\n                                                   <div class=\"box-image\">\r\n                              <div class=\"image-content\">\r\n                                 <img decoding=\"async\" data-src=\"https:\/\/nexusvisa.com\/wp-content\/uploads\/2023\/01\/senior-family-couple-gray-haired-old-man-and-woma-2022-12-08-04-00-33-utc.jpg\" alt=\"nhu y\u1ebfu ph\u1ea9m h\u00e0ng ng\u00e0y\" src=\"data:image\/svg+xml;base64,PHN2ZyB3aWR0aD0iMSIgaGVpZ2h0PSIxIiB4bWxucz0iaHR0cDovL3d3dy53My5vcmcvMjAwMC9zdmciPjwvc3ZnPg==\" class=\"lazyload\" style=\"--smush-placeholder-width: 1200px; --smush-placeholder-aspect-ratio: 1200\/800;\" \/>\r\n                              <\/div>\r\n                           <\/div>\r\n                                                <div class=\"box-content\">\r\n                           <div class=\"gsc-heading\">\r\n                                                            <h2 class=\"title\">nhu y\u1ebfu ph\u1ea9m h\u00e0ng ng\u00e0y<\/h2>   \r\n                              <div class=\"title-desc\">C\u00f4ng ty c\u1ee7a ch\u00fang t\u00f4i cung c\u1ea5p h\u01b0\u1edbng d\u1eabn to\u00e0n di\u1ec7n v\u1ec1 qu\u1ea7n \u00e1o v\u00e0 th\u1ef1c ph\u1ea9m cho c\u00e1c nhu c\u1ea7u thi\u1ebft y\u1ebfu h\u00e0ng ng\u00e0y c\u1ee7a kh\u00e1ch h\u00e0ng.<\/div>                              \r\n                           <\/div>\r\n                        <\/div>\r\n                     <\/div>   \r\n                  <\/div>\r\n               <\/div>\r\n                           <div class=\"swiper-slide\">\r\n                  <div class=\"item-content\">\r\n                     <div class=\"item-content-inner\">\r\n                                                   <div class=\"box-image\">\r\n                              <div class=\"image-content\">\r\n                                 <img decoding=\"async\" data-src=\"https:\/\/nexusvisa.com\/wp-content\/uploads\/2023\/02\/low-angle-of-extravagance-store-with-cars-in-a-row-2021-08-26-15-45-19-utc.jpg\" alt=\"V\u1eadn t\u1ea3i\" src=\"data:image\/svg+xml;base64,PHN2ZyB3aWR0aD0iMSIgaGVpZ2h0PSIxIiB4bWxucz0iaHR0cDovL3d3dy53My5vcmcvMjAwMC9zdmciPjwvc3ZnPg==\" class=\"lazyload\" style=\"--smush-placeholder-width: 1200px; --smush-placeholder-aspect-ratio: 1200\/800;\" \/>\r\n                              <\/div>\r\n                           <\/div>\r\n                                                <div class=\"box-content\">\r\n                           <div class=\"gsc-heading\">\r\n                                                            <h2 class=\"title\">V\u1eadn t\u1ea3i<\/h2>   \r\n                              <div class=\"title-desc\">Ch\u00fang t\u00f4i l\u00e0m vi\u1ec7c v\u1edbi c\u00e1c chuy\u00ean gia v\u1eadn t\u1ea3i v\u1edbi nhi\u1ec1u \u0111\u1ea1i l\u00fd kh\u00e1c nhau, n\u01a1i ch\u00fang t\u00f4i \u0111\u1ed3ng h\u00e0nh c\u00f9ng kh\u00e1ch h\u00e0ng c\u1ee7a m\u00ecnh khi thu\u00ea ho\u1eb7c mua ph\u01b0\u01a1ng ti\u1ec7n v\u1edbi kh\u1ea3 n\u0103ng t\u1ed1t nh\u1ea5t c\u1ee7a m\u00ecnh t\u1eeb kh\u00e2u l\u1ef1a ch\u1ecdn \u0111\u1ebfn th\u01b0\u01a1ng l\u01b0\u1ee3ng v\u00e0 h\u01a1n th\u1ebf n\u1eefa.<\/div>                              \r\n                           <\/div>\r\n                        <\/div>\r\n                     <\/div>   \r\n                  <\/div>\r\n               <\/div>\r\n                           <div class=\"swiper-slide\">\r\n                  <div class=\"item-content\">\r\n                     <div class=\"item-content-inner\">\r\n                                                   <div class=\"box-image\">\r\n                              <div class=\"image-content\">\r\n                                 <img decoding=\"async\" data-src=\"https:\/\/nexusvisa.com\/wp-content\/uploads\/2023\/01\/education-2022-11-07-10-15-19-utc.jpg\" alt=\"Gi\u00e1o d\u1ee5c\" src=\"data:image\/svg+xml;base64,PHN2ZyB3aWR0aD0iMSIgaGVpZ2h0PSIxIiB4bWxucz0iaHR0cDovL3d3dy53My5vcmcvMjAwMC9zdmciPjwvc3ZnPg==\" class=\"lazyload\" style=\"--smush-placeholder-width: 1200px; --smush-placeholder-aspect-ratio: 1200\/800;\" \/>\r\n                              <\/div>\r\n                           <\/div>\r\n                                                <div class=\"box-content\">\r\n                           <div class=\"gsc-heading\">\r\n                                                            <h2 class=\"title\">Gi\u00e1o d\u1ee5c<\/h2>   \r\n                              <div class=\"title-desc\">\u0110\u1ed9i ng\u0169 chuy\u00ean gia c\u1ee7a ch\u00fang t\u00f4i c\u00f3 th\u1ec3 gi\u00fap h\u01b0\u1edbng d\u1eabn b\u1ea1n l\u1ef1a ch\u1ecdn c\u00e1c ph\u01b0\u01a1ng \u00e1n gi\u00e1o d\u1ee5c t\u1ed1t nh\u1ea5t cho con b\u1ea1n v\u00e0 ch\u00ednh b\u1ea1n, \u0111\u1ea3m b\u1ea3o con \u0111\u01b0\u1eddng d\u1eabn \u0111\u1ebfn th\u00e0nh c\u00f4ng v\u1edbi c\u00e1c ch\u01b0\u01a1ng tr\u00ecnh n\u00e2ng c\u1ea5p gi\u00e1o d\u1ee5c c\u00e1 nh\u00e2n c\u00f3 s\u1eb5n tr\u00ean kh\u1eafp Canada.<\/div>                              \r\n                           <\/div>\r\n                        <\/div>\r\n                     <\/div>   \r\n                  <\/div>\r\n               <\/div>\r\n                           <div class=\"swiper-slide\">\r\n                  <div class=\"item-content\">\r\n                     <div class=\"item-content-inner\">\r\n                                                   <div class=\"box-image\">\r\n                              <div class=\"image-content\">\r\n                                 <img decoding=\"async\" data-src=\"https:\/\/nexusvisa.com\/wp-content\/uploads\/2023\/01\/multiracial-business-people-having-briefing-at-off-2021-12-09-02-46-03-utc.jpg\" alt=\"H\u01b0\u1edbng d\u1eabn v\u00e0 gi\u1edbi thi\u1ec7u Chuy\u00ean Nghi\u1ec7p\" src=\"data:image\/svg+xml;base64,PHN2ZyB3aWR0aD0iMSIgaGVpZ2h0PSIxIiB4bWxucz0iaHR0cDovL3d3dy53My5vcmcvMjAwMC9zdmciPjwvc3ZnPg==\" class=\"lazyload\" style=\"--smush-placeholder-width: 1200px; --smush-placeholder-aspect-ratio: 1200\/800;\" \/>\r\n                              <\/div>\r\n                           <\/div>\r\n                                                <div class=\"box-content\">\r\n                           <div class=\"gsc-heading\">\r\n                                                            <h2 class=\"title\">H\u01b0\u1edbng d\u1eabn v\u00e0 gi\u1edbi thi\u1ec7u Chuy\u00ean Nghi\u1ec7p<\/h2>   \r\n                              <div class=\"title-desc\">V\u1edbi m\u1ea1ng l\u01b0\u1edbi r\u1ed9ng r\u00e3i \u1edf kh\u1eafp m\u1ecdi n\u01a1i, ch\u00fang t\u00f4i c\u00f3 th\u1ec3 h\u1ed7 tr\u1ee3 b\u1ea1n t\u00ecm ki\u1ebfm s\u1ef1 h\u1ed7 tr\u1ee3 t\u1eeb c\u00e1c chuy\u00ean gia trong m\u1ecdi l\u0129nh v\u01b0c ph\u00f9 h\u1ee3p cho t\u1ea5t c\u1ea3 c\u00e1c nh\u01b0 c\u1ea7u v\u00e0 y\u00eau c\u1ea7u c\u1ee7a b\u1ea1n.<\/div>                              \r\n                           <\/div>\r\n                        <\/div>\r\n                     <\/div>   \r\n                  <\/div>\r\n               <\/div>\r\n                           <div class=\"swiper-slide\">\r\n                  <div class=\"item-content\">\r\n                     <div class=\"item-content-inner\">\r\n                                                   <div class=\"box-image\">\r\n                              <div class=\"image-content\">\r\n                                 <img decoding=\"async\" data-src=\"https:\/\/nexusvisa.com\/wp-content\/uploads\/2023\/01\/education-2022-12-16-03-44-09-utc.jpg\" alt=\"Ch\u1ee9ng ch\u1ec9 ngh\u1ec1 nghi\u1ec7p\" src=\"data:image\/svg+xml;base64,PHN2ZyB3aWR0aD0iMSIgaGVpZ2h0PSIxIiB4bWxucz0iaHR0cDovL3d3dy53My5vcmcvMjAwMC9zdmciPjwvc3ZnPg==\" class=\"lazyload\" style=\"--smush-placeholder-width: 1200px; --smush-placeholder-aspect-ratio: 1200\/800;\" \/>\r\n                              <\/div>\r\n                           <\/div>\r\n                                                <div class=\"box-content\">\r\n                           <div class=\"gsc-heading\">\r\n                                                            <h2 class=\"title\">Ch\u1ee9ng ch\u1ec9 ngh\u1ec1 nghi\u1ec7p<\/h2>   \r\n                              <div class=\"title-desc\">Ch\u00fang t\u00f4i h\u1ed7 tr\u1ee3 c\u00e1c chuy\u00ean gia \u0111\u01b0\u1ee3c qu\u1ea3n l\u00fd chuy\u1ec3n \u0111\u1ed5i gi\u1ea5y ph\u00e9p h\u00e0nh ngh\u1ec1 n\u01b0\u1edbc ngo\u00e0i c\u1ee7a h\u1ecd \u0111\u1ec3 \u0111\u00e1p \u1ee9ng c\u00e1c ch\u1ee9ng ch\u1ec9 c\u1ee7a Canada nh\u1eb1m ti\u1ebfp t\u1ee5c tr\u1ea3i nghi\u1ec7m ngh\u1ec1 nghi\u1ec7p c\u1ee7a h\u1ecd \u1edf Canada.<\/div>                              \r\n                           <\/div>\r\n                        <\/div>\r\n                     <\/div>   \r\n                  <\/div>\r\n               <\/div>\r\n                           <div class=\"swiper-slide\">\r\n                  <div class=\"item-content\">\r\n                     <div class=\"item-content-inner\">\r\n                                                   <div class=\"box-image\">\r\n                              <div class=\"image-content\">\r\n                                 <img decoding=\"async\" data-src=\"https:\/\/nexusvisa.com\/wp-content\/uploads\/2023\/01\/travellers-planning-a-trip-on-a-map-2022-12-15-23-08-12-utc.jpg\" alt=\"K\u1ebft n\u1ed1i &amp; T\u01b0 v\u1ea5n\" src=\"data:image\/svg+xml;base64,PHN2ZyB3aWR0aD0iMSIgaGVpZ2h0PSIxIiB4bWxucz0iaHR0cDovL3d3dy53My5vcmcvMjAwMC9zdmciPjwvc3ZnPg==\" class=\"lazyload\" style=\"--smush-placeholder-width: 1200px; --smush-placeholder-aspect-ratio: 1200\/801;\" \/>\r\n                              <\/div>\r\n                           <\/div>\r\n                                                <div class=\"box-content\">\r\n                           <div class=\"gsc-heading\">\r\n                                                            <h2 class=\"title\">K\u1ebft n\u1ed1i &amp; T\u01b0 v\u1ea5n<\/h2>   \r\n                              <div class=\"title-desc\">Ch\u00fang t\u00f4i c\u00f3 th\u1ec3 gi\u00fap \u0111i\u1ec1n v\u00e0o c\u00e1c m\u1eabu \u0111\u01a1n c\u1ea7n thi\u1ebft khi k\u1ebft n\u1ed1i b\u1ea1n v\u1edbi c\u00e1c c\u01a1 quan ch\u00ednh ph\u1ee7 ph\u00f9 h\u1ee3p v\u1edbi nhu c\u1ea7u c\u1ee7a gia \u0111\u00ecnh, c\u00e1 nh\u00e2n ho\u1eb7c doanh nghi\u1ec7p c\u1ee7a b\u1ea1n.<\/div>                              \r\n                           <\/div>\r\n                        <\/div>\r\n                     <\/div>   \r\n                  <\/div>\r\n               <\/div>\r\n                     <\/div>\r\n      <\/div>\r\n   <\/div>   \r\n   <div class=\"swiper-pagination\"><\/div>   <div class=\"swiper-nav-next\"><\/div><div class=\"swiper-nav-prev\"><\/div><\/div>\r\n<\/div>\t\t\t\t<\/div>\n\t\t\t\t<\/div>\n\t\t\t\t\t<\/div>\n\t\t<\/div>\n\t\t\t\t\t<\/div>\n\t\t<\/section>\n\t\t\t\t<\/div>\n\t\t","protected":false},"excerpt":{"rendered":"<p>D\u1ecbch V\u1ee5 H\u1ed7 Tr\u1ee3 B\u1eaft \u0111\u1ea7u h\u00e0nh tr\u00ecnh th\u00fa v\u1ecb c\u1ee7a b\u1ea1n \u1edf m\u1ed9t qu\u1ed1c gia m\u1edbi v\u1edbi c\u00e1c d\u1ecbch v\u1ee5 \u0111\u1ecbnh c\u01b0 to\u00e0n di\u1ec7n c\u1ee7a ch\u00fang t\u00f4i. Ch\u00fang t\u00f4i cung c\u1ea5p c\u00e1c d\u1ecbch vu, c\u00f4ng c\u1ee5 v\u00e0 t\u00e0i nguy\u00ean c\u00f3 gi\u00e1 tr\u1ecb c\u1ea7n thi\u1ebft \u0111\u1ec3 gi\u00fap qu\u00e1 tr\u00ecnh chuy\u1ec3n \u0111\u1ed5i tr\u1edf n\u00ean tho\u1ea3i m\u00e1i. [&hellip;]<\/p>\n","protected":false},"author":9,"featured_media":0,"parent":0,"menu_order":0,"comment_status":"closed","ping_status":"closed","template":"","meta":{"footnotes":""},"class_list":["post-5721","page","type-page","status-publish","hentry"],"_links":{"self":[{"href":"https:\/\/nexusvisa.com\/vi\/wp-json\/wp\/v2\/pages\/5721","targetHints":{"allow":["GET"]}}],"collection":[{"href":"https:\/\/nexusvisa.com\/vi\/wp-json\/wp\/v2\/pages"}],"about":[{"href":"https:\/\/nexusvisa.com\/vi\/wp-json\/wp\/v2\/types\/page"}],"author":[{"embeddable":true,"href":"https:\/\/nexusvisa.com\/vi\/wp-json\/wp\/v2\/users\/9"}],"replies":[{"embeddable":true,"href":"https:\/\/nexusvisa.com\/vi\/wp-json\/wp\/v2\/comments?post=5721"}],"version-history":[{"count":34,"href":"https:\/\/nexusvisa.com\/vi\/wp-json\/wp\/v2\/pages\/5721\/revisions"}],"predecessor-version":[{"id":11746,"href":"https:\/\/nexusvisa.com\/vi\/wp-json\/wp\/v2\/pages\/5721\/revisions\/11746"}],"wp:attachment":[{"href":"https:\/\/nexusvisa.com\/vi\/wp-json\/wp\/v2\/media?parent=5721"}],"curies":[{"name":"wp","href":"https:\/\/api.w.org\/{rel}","templated":true}]}}