{"id":5667,"date":"2023-01-20T11:59:45","date_gmt":"2023-01-20T18:59:45","guid":{"rendered":"http:\/\/nexusvisa.com\/bai-bao\/"},"modified":"2023-03-29T16:35:50","modified_gmt":"2023-03-29T22:35:50","slug":"tin-tuc","status":"publish","type":"page","link":"https:\/\/nexusvisa.com\/vi\/tin-tuc\/","title":{"rendered":"Tin T\u1ee9c"},"content":{"rendered":"\t\t<div data-elementor-type=\"wp-page\" data-elementor-id=\"5667\" class=\"elementor elementor-5667 elementor-2060\">\n\t\t\t\t\t\t<section class=\"elementor-section elementor-top-section elementor-element elementor-element-02794e2 elementor-section-boxed elementor-section-height-default elementor-section-height-default\" data-id=\"02794e2\" data-element_type=\"section\" data-e-type=\"section\">\n\t\t\t\t\t\t<div class=\"elementor-container elementor-column-gap-default\">\n\t\t\t\t\t<div class=\"elementor-column elementor-col-100 elementor-top-column elementor-element elementor-element-be29cc8\" data-id=\"be29cc8\" data-element_type=\"column\" data-e-type=\"column\">\n\t\t\t<div class=\"elementor-widget-wrap elementor-element-populated\">\n\t\t\t\t\t\t<div class=\"elementor-element elementor-element-8220ad4 animated-slow elementor-invisible elementor-widget elementor-widget-heading\" data-id=\"8220ad4\" data-element_type=\"widget\" data-e-type=\"widget\" data-settings=\"{&quot;_animation&quot;:&quot;fadeIn&quot;}\" data-widget_type=\"heading.default\">\n\t\t\t\t<div class=\"elementor-widget-container\">\n\t\t\t\t\t<h1 class=\"elementor-heading-title elementor-size-default\">Tin T\u1ee9c<\/h1>\t\t\t\t<\/div>\n\t\t\t\t<\/div>\n\t\t\t\t\t<\/div>\n\t\t<\/div>\n\t\t\t\t\t<\/div>\n\t\t<\/section>\n\t\t\t\t<section class=\"elementor-section elementor-top-section elementor-element elementor-element-9a2a8ea animated-slow elementor-section-boxed elementor-section-height-default elementor-section-height-default elementor-invisible\" data-id=\"9a2a8ea\" data-element_type=\"section\" data-e-type=\"section\" data-settings=\"{&quot;animation&quot;:&quot;fadeIn&quot;,&quot;animation_delay&quot;:500}\">\n\t\t\t\t\t\t<div class=\"elementor-container elementor-column-gap-default\">\n\t\t\t\t\t<div class=\"elementor-column elementor-col-66 elementor-top-column elementor-element elementor-element-fad463c\" data-id=\"fad463c\" data-element_type=\"column\" data-e-type=\"column\">\n\t\t\t<div class=\"elementor-widget-wrap elementor-element-populated\">\n\t\t\t\t\t\t<div class=\"elementor-element elementor-element-64b7b55 elementor-widget elementor-widget-gva-posts\" data-id=\"64b7b55\" data-element_type=\"widget\" data-e-type=\"widget\" data-widget_type=\"gva-posts.default\">\n\t\t\t\t<div class=\"elementor-widget-container\">\n\t\t\t\t\t<div class=\"gva-element-gva-posts gva-element\">  \r\n<div class=\"gva-posts-standard clearfix gva-posts\">\r\n\t\t\r\n\t<div class=\"gva-content-items cleafix\"> \r\n\t\t\t<div class=\"item-post\">\r\n   <article id=\"post-12016\" class=\"post post-style-standard post-12016 type-post status-publish format-standard has-post-thumbnail hentry category-nexus-shopping-vi\">\r\n      \r\n               <div class=\"post-thumbnail\">\r\n            <a href=\"https:\/\/nexusvisa.com\/vi\/qua-luu-niem-duoc-de-xuat-tu-canada\/\">\r\n               <img fetchpriority=\"high\" decoding=\"async\" width=\"900\" height=\"507\" src=\"https:\/\/nexusvisa.com\/wp-content\/uploads\/2023\/04\/group-of-happy-women-friends-having-fun-shopping-2021-09-23-20-16-44-utc2-1024x577.jpg\" class=\"attachment-large size-large wp-post-image\" alt=\"Qu\u00e0 l\u01b0u ni\u1ec7m \u0111\u01b0\u1ee3c \u0111\u1ec1 xu\u1ea5t t\u1eeb \u200b\u200bCanada\" srcset=\"https:\/\/nexusvisa.com\/wp-content\/uploads\/2023\/04\/group-of-happy-women-friends-having-fun-shopping-2021-09-23-20-16-44-utc2-1024x577.jpg 1024w, https:\/\/nexusvisa.com\/wp-content\/uploads\/2023\/04\/group-of-happy-women-friends-having-fun-shopping-2021-09-23-20-16-44-utc2-768x433.jpg 768w, https:\/\/nexusvisa.com\/wp-content\/uploads\/2023\/04\/group-of-happy-women-friends-having-fun-shopping-2021-09-23-20-16-44-utc2.jpg 1280w\" sizes=\"(max-width: 900px) 100vw, 900px\" \/>            <\/a>\r\n         <\/div>   \r\n         \r\n\r\n      <div class=\"entry-content has-thumbnail\">\r\n         <div class=\"content-inner\">\r\n            <div class=\"entry-meta\">\r\n               <div class=\"clearfix meta-inline post-meta-2\"><span class=\"entry-date\"><i class=\"far fa-calendar-alt\"><\/i>April 6, 2023<\/span><\/div>            <\/div> \r\n            <h3 class=\"entry-title\"><a href=\"https:\/\/nexusvisa.com\/vi\/qua-luu-niem-duoc-de-xuat-tu-canada\/\" rel=\"bookmark\">Qu\u00e0 l\u01b0u ni\u1ec7m \u0111\u01b0\u1ee3c \u0111\u1ec1 xu\u1ea5t t\u1eeb \u200b\u200bCanada<\/a><\/h3>\r\n                           <div class=\"entry-desc\">\r\n                  V\u0103n h\u00f3a mua qu\u00e0 l\u01b0u ni\u1ec7m \u0111\u00e3 tr\u1edf th\u00e0nh m\u1ed9t vai tr\u00f2 quan tr\u1ecdng trong               <\/div>   \r\n                        <div class=\"read-more\">\r\n               <a class=\"btn-border\" href=\"https:\/\/nexusvisa.com\/vi\/qua-luu-niem-duoc-de-xuat-tu-canada\/\">Read more<\/a>\r\n            <\/div>\r\n         <\/div>\r\n\r\n      <\/div>\r\n   <\/article>   \r\n\r\n  <\/div><div class=\"item-post\">\r\n   <article id=\"post-11882\" class=\"post post-style-standard post-11882 type-post status-publish format-standard has-post-thumbnail hentry category-nexus-holiday-vi\">\r\n      \r\n               <div class=\"post-thumbnail\">\r\n            <a href=\"https:\/\/nexusvisa.com\/vi\/nguon-goc-cua-le-phuc-sinh-va-cac-hoat-dong-danh-cho-cha-me-va-con-cai-o-calgary\/\">\r\n               <img decoding=\"async\" width=\"900\" height=\"506\" data-src=\"https:\/\/nexusvisa.com\/wp-content\/uploads\/2023\/04\/family-celebrating-easter-2022-03-29-08-45-30-utc-1024x576.jpg\" class=\"attachment-large size-large wp-post-image lazyload\" alt=\"Ngu\u1ed3n g\u1ed1c c\u1ee7a l\u1ec5 Ph\u1ee5c sinh v\u00e0 c\u00e1c ho\u1ea1t \u0111\u1ed9ng d\u00e0nh cho cha m\u1eb9 v\u00e0 con c\u00e1i \u1edf Calgary\" data-srcset=\"https:\/\/nexusvisa.com\/wp-content\/uploads\/2023\/04\/family-celebrating-easter-2022-03-29-08-45-30-utc-1024x576.jpg 1024w, https:\/\/nexusvisa.com\/wp-content\/uploads\/2023\/04\/family-celebrating-easter-2022-03-29-08-45-30-utc-768x432.jpg 768w, https:\/\/nexusvisa.com\/wp-content\/uploads\/2023\/04\/family-celebrating-easter-2022-03-29-08-45-30-utc-600x338.jpg 600w, https:\/\/nexusvisa.com\/wp-content\/uploads\/2023\/04\/family-celebrating-easter-2022-03-29-08-45-30-utc.jpg 1280w\" data-sizes=\"(max-width: 900px) 100vw, 900px\" src=\"data:image\/svg+xml;base64,PHN2ZyB3aWR0aD0iMSIgaGVpZ2h0PSIxIiB4bWxucz0iaHR0cDovL3d3dy53My5vcmcvMjAwMC9zdmciPjwvc3ZnPg==\" style=\"--smush-placeholder-width: 900px; --smush-placeholder-aspect-ratio: 900\/506;\" \/>            <\/a>\r\n         <\/div>   \r\n         \r\n\r\n      <div class=\"entry-content has-thumbnail\">\r\n         <div class=\"content-inner\">\r\n            <div class=\"entry-meta\">\r\n               <div class=\"clearfix meta-inline post-meta-2\"><span class=\"entry-date\"><i class=\"far fa-calendar-alt\"><\/i>April 3, 2023<\/span><\/div>            <\/div> \r\n            <h3 class=\"entry-title\"><a href=\"https:\/\/nexusvisa.com\/vi\/nguon-goc-cua-le-phuc-sinh-va-cac-hoat-dong-danh-cho-cha-me-va-con-cai-o-calgary\/\" rel=\"bookmark\">Ngu\u1ed3n g\u1ed1c c\u1ee7a l\u1ec5 Ph\u1ee5c sinh v\u00e0 c\u00e1c ho\u1ea1t \u0111\u1ed9ng d\u00e0nh cho cha m\u1eb9 v\u00e0 con c\u00e1i \u1edf Calgary<\/a><\/h3>\r\n                           <div class=\"entry-desc\">\r\n                  L\u1ec5 Ph\u1ee5c Sinh hay c\u00f2n g\u1ecdi l\u00e0 \u201cNg\u00e0y Ch\u00faa Gi\u00easu Ph\u1ee5c Sinh\u201d. Theo m\u00f4 t\u1ea3               <\/div>   \r\n                        <div class=\"read-more\">\r\n               <a class=\"btn-border\" href=\"https:\/\/nexusvisa.com\/vi\/nguon-goc-cua-le-phuc-sinh-va-cac-hoat-dong-danh-cho-cha-me-va-con-cai-o-calgary\/\">Read more<\/a>\r\n            <\/div>\r\n         <\/div>\r\n\r\n      <\/div>\r\n   <\/article>   \r\n\r\n  <\/div><div class=\"item-post\">\r\n   <article id=\"post-10752\" class=\"post post-style-standard post-10752 type-post status-publish format-standard has-post-thumbnail hentry category-nexus-shopping-vi\">\r\n      \r\n               <div class=\"post-thumbnail\">\r\n            <a href=\"https:\/\/nexusvisa.com\/vi\/nhung-thuong-hieu-canada-ma-hau-het-moi-nguoi-nghi-rang-chung-co-nguon-goc-tu-hoa-ky\/\">\r\n               <img decoding=\"async\" width=\"900\" height=\"506\" data-src=\"https:\/\/nexusvisa.com\/wp-content\/uploads\/2023\/03\/canadabrands-1024x576.jpg\" class=\"attachment-large size-large wp-post-image lazyload\" alt=\"Nh\u1eefng th\u01b0\u01a1ng hi\u1ec7u Canada m\u00e0 h\u1ea7u h\u1ebft m\u1ecdi ng\u01b0\u1eddi ngh\u0129 r\u1eb1ng ch\u00fang c\u00f3 ngu\u1ed3n g\u1ed1c t\u1eeb Hoa K\u1ef3\" data-srcset=\"https:\/\/nexusvisa.com\/wp-content\/uploads\/2023\/03\/canadabrands-1024x576.jpg 1024w, https:\/\/nexusvisa.com\/wp-content\/uploads\/2023\/03\/canadabrands-768x432.jpg 768w, https:\/\/nexusvisa.com\/wp-content\/uploads\/2023\/03\/canadabrands-600x338.jpg 600w, https:\/\/nexusvisa.com\/wp-content\/uploads\/2023\/03\/canadabrands.jpg 1200w\" data-sizes=\"(max-width: 900px) 100vw, 900px\" src=\"data:image\/svg+xml;base64,PHN2ZyB3aWR0aD0iMSIgaGVpZ2h0PSIxIiB4bWxucz0iaHR0cDovL3d3dy53My5vcmcvMjAwMC9zdmciPjwvc3ZnPg==\" style=\"--smush-placeholder-width: 900px; --smush-placeholder-aspect-ratio: 900\/506;\" \/>            <\/a>\r\n         <\/div>   \r\n         \r\n\r\n      <div class=\"entry-content has-thumbnail\">\r\n         <div class=\"content-inner\">\r\n            <div class=\"entry-meta\">\r\n               <div class=\"clearfix meta-inline post-meta-2\"><span class=\"entry-date\"><i class=\"far fa-calendar-alt\"><\/i>March 23, 2023<\/span><\/div>            <\/div> \r\n            <h3 class=\"entry-title\"><a href=\"https:\/\/nexusvisa.com\/vi\/nhung-thuong-hieu-canada-ma-hau-het-moi-nguoi-nghi-rang-chung-co-nguon-goc-tu-hoa-ky\/\" rel=\"bookmark\">Nh\u1eefng th\u01b0\u01a1ng hi\u1ec7u Canada m\u00e0 h\u1ea7u h\u1ebft m\u1ecdi ng\u01b0\u1eddi ngh\u0129 r\u1eb1ng ch\u00fang c\u00f3 ngu\u1ed3n g\u1ed1c t\u1eeb Hoa K\u1ef3<\/a><\/h3>\r\n                           <div class=\"entry-desc\">\r\n                  Hoa K\u1ef3 v\u00e0 Canada, hai qu\u1ed1c gia l\u1edbn \u1edf B\u1eafc M\u1ef9, kh\u00f4ng ch\u1ec9 li\u1ec1n k\u1ec1               <\/div>   \r\n                        <div class=\"read-more\">\r\n               <a class=\"btn-border\" href=\"https:\/\/nexusvisa.com\/vi\/nhung-thuong-hieu-canada-ma-hau-het-moi-nguoi-nghi-rang-chung-co-nguon-goc-tu-hoa-ky\/\">Read more<\/a>\r\n            <\/div>\r\n         <\/div>\r\n\r\n      <\/div>\r\n   <\/article>   \r\n\r\n  <\/div>\r\n\t\t\t\t\t<div class=\"pagination\">\r\n\t\t\t\t<div class=\"column one pager_wrapper\"><div class=\"pager\"><div class=\"paginations\"><a href=\"https:\/\/nexusvisa.com\/vi\/wp-json\/wp\/v2\/pages\/5667\/\" class=\"page-item active\">1<\/a><a href=\"https:\/\/nexusvisa.com\/vi\/wp-json\/wp\/v2\/pages\/5667\/page\/2\/\" class=\"page-item\">2<\/a><a href=\"https:\/\/nexusvisa.com\/vi\/wp-json\/wp\/v2\/pages\/5667\/page\/3\/\" class=\"page-item\">3<\/a><span class=\"page-item\">... <\/span><a href=\"https:\/\/nexusvisa.com\/vi\/wp-json\/wp\/v2\/pages\/5667\/page\/6\/\" class=\"page-item\">6<\/a><a class=\"next_page\" href=\"https:\/\/nexusvisa.com\/vi\/wp-json\/wp\/v2\/pages\/5667\/page\/2\/\"><i class=\"fas fa-chevron-right\"><\/i><\/a><\/div><\/div><\/div>\n\t\t\t<\/div>\r\n\t\t\t<\/div>\r\n\r\n<\/div>\r\n\r\n<\/div>\t\t\t\t<\/div>\n\t\t\t\t<\/div>\n\t\t\t\t\t<\/div>\n\t\t<\/div>\n\t\t\t\t<div class=\"elementor-column elementor-col-33 elementor-top-column elementor-element elementor-element-8aa7d18\" data-id=\"8aa7d18\" data-element_type=\"column\" data-e-type=\"column\">\n\t\t\t<div class=\"elementor-widget-wrap elementor-element-populated\">\n\t\t\t\t\t\t<div class=\"elementor-element elementor-element-8159445 elementor-widget elementor-widget-wp-widget-categories\" data-id=\"8159445\" data-element_type=\"widget\" data-e-type=\"widget\" data-widget_type=\"wp-widget-categories.default\">\n\t\t\t\t<div class=\"elementor-widget-container\">\n\t\t\t\t\t<h5>T\u1ea5t c\u1ea3 danh m\u1ee5c<\/h5>\n\t\t\t<ul>\n\t\t\t\t\t<li class=\"cat-item cat-item-91\"><a href=\"https:\/\/nexusvisa.com\/vi\/category\/nexus-foodies-vi\/\">Nexus Foodies<\/a>\n<\/li>\n\t<li class=\"cat-item cat-item-258\"><a href=\"https:\/\/nexusvisa.com\/vi\/category\/nexus-health-vi\/\">Nexus Health<\/a>\n<\/li>\n\t<li class=\"cat-item cat-item-277\"><a href=\"https:\/\/nexusvisa.com\/vi\/category\/nexus-holiday-vi\/\">Nexus Holiday<\/a>\n<\/li>\n\t<li class=\"cat-item cat-item-255\"><a href=\"https:\/\/nexusvisa.com\/vi\/category\/nexus-living-vi\/\">Nexus Living<\/a>\n<\/li>\n\t<li class=\"cat-item cat-item-280\"><a href=\"https:\/\/nexusvisa.com\/vi\/category\/nexus-policy-vi\/\">Nexus Policy<\/a>\n<\/li>\n\t<li class=\"cat-item cat-item-267\"><a href=\"https:\/\/nexusvisa.com\/vi\/category\/nexus-shopping-vi\/\">Nexus Shopping<\/a>\n<\/li>\n\t<li class=\"cat-item cat-item-271\"><a href=\"https:\/\/nexusvisa.com\/vi\/category\/nexus-travel-vi\/\">Nexus Travel<\/a>\n<\/li>\n\t\t\t<\/ul>\n\n\t\t\t\t\t\t\t<\/div>\n\t\t\t\t<\/div>\n\t\t\t\t<section class=\"elementor-section elementor-inner-section elementor-element elementor-element-a009fd2 elementor-section-boxed elementor-section-height-default elementor-section-height-default\" data-id=\"a009fd2\" data-element_type=\"section\" data-e-type=\"section\" data-settings=\"{&quot;background_background&quot;:&quot;classic&quot;}\">\n\t\t\t\t\t\t<div class=\"elementor-container elementor-column-gap-default\">\n\t\t\t\t\t<div class=\"elementor-column elementor-col-100 elementor-inner-column elementor-element elementor-element-0efe563\" data-id=\"0efe563\" data-element_type=\"column\" data-e-type=\"column\">\n\t\t\t<div class=\"elementor-widget-wrap elementor-element-populated\">\n\t\t\t\t\t\t<div class=\"elementor-element elementor-element-7d356da elementor-widget elementor-widget-gva-posts\" data-id=\"7d356da\" data-element_type=\"widget\" data-e-type=\"widget\" data-widget_type=\"gva-posts.default\">\n\t\t\t\t<div class=\"elementor-widget-container\">\n\t\t\t\t\t<div class=\"gva-element-gva-posts gva-element\">  \r\n  <div class=\"gva-posts-list-small clearfix gva-posts\">\r\n      <div class=\"gva-content-items\"> \r\n         <div class=\"post post-block-small\">      \r\n   <div class=\"post-content\">\r\n      <div class=\"post-thumbnail\">\r\n         <a class=\"link-image-content\" href=\"https:\/\/nexusvisa.com\/vi\/qua-luu-niem-duoc-de-xuat-tu-canada\/\">\r\n            <img decoding=\"async\" width=\"175\" height=\"175\" data-src=\"https:\/\/nexusvisa.com\/wp-content\/uploads\/2023\/04\/group-of-happy-women-friends-having-fun-shopping-2021-09-23-20-16-44-utc2-175x175.jpg\" class=\"attachment-thumbnail size-thumbnail wp-post-image lazyload\" alt=\"\" src=\"data:image\/svg+xml;base64,PHN2ZyB3aWR0aD0iMSIgaGVpZ2h0PSIxIiB4bWxucz0iaHR0cDovL3d3dy53My5vcmcvMjAwMC9zdmciPjwvc3ZnPg==\" style=\"--smush-placeholder-width: 175px; --smush-placeholder-aspect-ratio: 175\/175;\" \/>         <\/a>\r\n      <\/div>\r\n      <div class=\"content-inner\">\r\n         <div class=\"entry-meta clearfix\">\r\n            <div class=\"clearfix meta-inline post-meta-1\"><span class=\"author vcard\"><i class=\"far fa-user-circle\"><\/i>Nexus Immigration &amp; Recruitment<\/span><\/div>         <\/div> \r\n         <h3 class=\"entry-title\"><a href=\"https:\/\/nexusvisa.com\/vi\/qua-luu-niem-duoc-de-xuat-tu-canada\/\">Qu\u00e0 l\u01b0u ni\u1ec7m \u0111\u01b0\u1ee3c \u0111\u1ec1 xu\u1ea5t t\u1eeb \u200b\u200bCanada<\/a><\/h3> \r\n      <\/div>    \r\n   <\/div>   \r\n<\/div>\r\n\r\n  <div class=\"post post-block-small\">      \r\n   <div class=\"post-content\">\r\n      <div class=\"post-thumbnail\">\r\n         <a class=\"link-image-content\" href=\"https:\/\/nexusvisa.com\/vi\/nguon-goc-cua-le-phuc-sinh-va-cac-hoat-dong-danh-cho-cha-me-va-con-cai-o-calgary\/\">\r\n            <img decoding=\"async\" width=\"175\" height=\"175\" data-src=\"https:\/\/nexusvisa.com\/wp-content\/uploads\/2023\/04\/family-celebrating-easter-2022-03-29-08-45-30-utc-175x175.jpg\" class=\"attachment-thumbnail size-thumbnail wp-post-image lazyload\" alt=\"\" data-srcset=\"https:\/\/nexusvisa.com\/wp-content\/uploads\/2023\/04\/family-celebrating-easter-2022-03-29-08-45-30-utc-175x175.jpg 175w, https:\/\/nexusvisa.com\/wp-content\/uploads\/2023\/04\/family-celebrating-easter-2022-03-29-08-45-30-utc-300x300.jpg 300w, https:\/\/nexusvisa.com\/wp-content\/uploads\/2023\/04\/family-celebrating-easter-2022-03-29-08-45-30-utc-180x180.jpg 180w\" data-sizes=\"(max-width: 175px) 100vw, 175px\" src=\"data:image\/svg+xml;base64,PHN2ZyB3aWR0aD0iMSIgaGVpZ2h0PSIxIiB4bWxucz0iaHR0cDovL3d3dy53My5vcmcvMjAwMC9zdmciPjwvc3ZnPg==\" style=\"--smush-placeholder-width: 175px; --smush-placeholder-aspect-ratio: 175\/175;\" \/>         <\/a>\r\n      <\/div>\r\n      <div class=\"content-inner\">\r\n         <div class=\"entry-meta clearfix\">\r\n            <div class=\"clearfix meta-inline post-meta-1\"><span class=\"author vcard\"><i class=\"far fa-user-circle\"><\/i>Nexus Immigration &amp; Recruitment<\/span><\/div>         <\/div> \r\n         <h3 class=\"entry-title\"><a href=\"https:\/\/nexusvisa.com\/vi\/nguon-goc-cua-le-phuc-sinh-va-cac-hoat-dong-danh-cho-cha-me-va-con-cai-o-calgary\/\">Ngu\u1ed3n g\u1ed1c c\u1ee7a l\u1ec5 Ph\u1ee5c sinh v\u00e0 c\u00e1c ho\u1ea1t \u0111\u1ed9ng d\u00e0nh cho cha m\u1eb9 v\u00e0 con c\u00e1i \u1edf Calgary<\/a><\/h3> \r\n      <\/div>    \r\n   <\/div>   \r\n<\/div>\r\n\r\n  <div class=\"post post-block-small\">      \r\n   <div class=\"post-content\">\r\n      <div class=\"post-thumbnail\">\r\n         <a class=\"link-image-content\" href=\"https:\/\/nexusvisa.com\/vi\/nhung-thuong-hieu-canada-ma-hau-het-moi-nguoi-nghi-rang-chung-co-nguon-goc-tu-hoa-ky\/\">\r\n            <img decoding=\"async\" width=\"175\" height=\"175\" data-src=\"https:\/\/nexusvisa.com\/wp-content\/uploads\/2023\/03\/canadabrands-175x175.jpg\" class=\"attachment-thumbnail size-thumbnail wp-post-image lazyload\" alt=\"\" data-srcset=\"https:\/\/nexusvisa.com\/wp-content\/uploads\/2023\/03\/canadabrands-175x175.jpg 175w, https:\/\/nexusvisa.com\/wp-content\/uploads\/2023\/03\/canadabrands-300x300.jpg 300w, https:\/\/nexusvisa.com\/wp-content\/uploads\/2023\/03\/canadabrands-180x180.jpg 180w\" data-sizes=\"(max-width: 175px) 100vw, 175px\" src=\"data:image\/svg+xml;base64,PHN2ZyB3aWR0aD0iMSIgaGVpZ2h0PSIxIiB4bWxucz0iaHR0cDovL3d3dy53My5vcmcvMjAwMC9zdmciPjwvc3ZnPg==\" style=\"--smush-placeholder-width: 175px; --smush-placeholder-aspect-ratio: 175\/175;\" \/>         <\/a>\r\n      <\/div>\r\n      <div class=\"content-inner\">\r\n         <div class=\"entry-meta clearfix\">\r\n            <div class=\"clearfix meta-inline post-meta-1\"><span class=\"author vcard\"><i class=\"far fa-user-circle\"><\/i>Nexus Immigration &amp; Recruitment<\/span><\/div>         <\/div> \r\n         <h3 class=\"entry-title\"><a href=\"https:\/\/nexusvisa.com\/vi\/nhung-thuong-hieu-canada-ma-hau-het-moi-nguoi-nghi-rang-chung-co-nguon-goc-tu-hoa-ky\/\">Nh\u1eefng th\u01b0\u01a1ng hi\u1ec7u Canada m\u00e0 h\u1ea7u h\u1ebft m\u1ecdi ng\u01b0\u1eddi ngh\u0129 r\u1eb1ng ch\u00fang c\u00f3 ngu\u1ed3n g\u1ed1c t\u1eeb Hoa K\u1ef3<\/a><\/h3> \r\n      <\/div>    \r\n   <\/div>   \r\n<\/div>\r\n\r\n        <\/div>\r\n        <\/div>\r\n  <\/div>\t\t\t\t<\/div>\n\t\t\t\t<\/div>\n\t\t\t\t\t<\/div>\n\t\t<\/div>\n\t\t\t\t\t<\/div>\n\t\t<\/section>\n\t\t\t\t\t<\/div>\n\t\t<\/div>\n\t\t\t\t\t<\/div>\n\t\t<\/section>\n\t\t\t\t<\/div>\n\t\t","protected":false},"excerpt":{"rendered":"<p>Tin T\u1ee9c March 23, 2023 Nh\u1eefng th\u01b0\u01a1ng hi\u1ec7u Canada m\u00e0 h\u1ea7u h\u1ebft m\u1ecdi ng\u01b0\u1eddi ngh\u0129 r\u1eb1ng ch\u00fang c\u00f3 ngu\u1ed3n g\u1ed1c t\u1eeb Hoa K\u1ef3 Hoa K\u1ef3 v\u00e0 Canada, hai qu\u1ed1c gia l\u1edbn \u1edf B\u1eafc M\u1ef9, kh\u00f4ng ch\u1ec9 li\u1ec1n k\u1ec1 Read more March 20, 2023 Chi ph\u00ed sinh ho\u1ea1t h\u00e0ng th\u00e1ng cho m\u1ed9t gia \u0111\u00ecnh b\u1ed1n ng\u01b0\u1eddi [&hellip;]<\/p>\n","protected":false},"author":9,"featured_media":0,"parent":0,"menu_order":0,"comment_status":"closed","ping_status":"closed","template":"","meta":{"footnotes":""},"class_list":["post-5667","page","type-page","status-publish","hentry"],"_links":{"self":[{"href":"https:\/\/nexusvisa.com\/vi\/wp-json\/wp\/v2\/pages\/5667","targetHints":{"allow":["GET"]}}],"collection":[{"href":"https:\/\/nexusvisa.com\/vi\/wp-json\/wp\/v2\/pages"}],"about":[{"href":"https:\/\/nexusvisa.com\/vi\/wp-json\/wp\/v2\/types\/page"}],"author":[{"embeddable":true,"href":"https:\/\/nexusvisa.com\/vi\/wp-json\/wp\/v2\/users\/9"}],"replies":[{"embeddable":true,"href":"https:\/\/nexusvisa.com\/vi\/wp-json\/wp\/v2\/comments?post=5667"}],"version-history":[{"count":24,"href":"https:\/\/nexusvisa.com\/vi\/wp-json\/wp\/v2\/pages\/5667\/revisions"}],"predecessor-version":[{"id":11706,"href":"https:\/\/nexusvisa.com\/vi\/wp-json\/wp\/v2\/pages\/5667\/revisions\/11706"}],"wp:attachment":[{"href":"https:\/\/nexusvisa.com\/vi\/wp-json\/wp\/v2\/media?parent=5667"}],"curies":[{"name":"wp","href":"https:\/\/api.w.org\/{rel}","templated":true}]}}