{"id":5656,"date":"2023-01-23T10:13:31","date_gmt":"2023-01-23T17:13:31","guid":{"rendered":"http:\/\/nexusvisa.com\/nhap-canh-nhanh\/"},"modified":"2023-03-29T16:48:00","modified_gmt":"2023-03-29T22:48:00","slug":"dinh-cu-dien-express-entry","status":"publish","type":"page","link":"https:\/\/nexusvisa.com\/vi\/dinh-cu-dien-express-entry\/","title":{"rendered":"\u0110\u1ecbnh C\u01b0 Di\u1ec7n Express Entry"},"content":{"rendered":"\t\t<div data-elementor-type=\"wp-page\" data-elementor-id=\"5656\" class=\"elementor elementor-5656 elementor-2105\">\n\t\t\t\t\t\t<section class=\"elementor-section elementor-top-section elementor-element elementor-element-571250d elementor-section-boxed elementor-section-height-default elementor-section-height-default\" data-id=\"571250d\" data-element_type=\"section\" data-e-type=\"section\">\n\t\t\t\t\t\t<div class=\"elementor-container elementor-column-gap-default\">\n\t\t\t\t\t<div class=\"elementor-column elementor-col-100 elementor-top-column elementor-element elementor-element-eec0d0f\" data-id=\"eec0d0f\" data-element_type=\"column\" data-e-type=\"column\">\n\t\t\t<div class=\"elementor-widget-wrap elementor-element-populated\">\n\t\t\t\t\t\t<div class=\"elementor-element elementor-element-7704b26 animated-slow elementor-invisible elementor-widget elementor-widget-heading\" data-id=\"7704b26\" data-element_type=\"widget\" data-e-type=\"widget\" data-settings=\"{&quot;_animation&quot;:&quot;fadeIn&quot;}\" data-widget_type=\"heading.default\">\n\t\t\t\t<div class=\"elementor-widget-container\">\n\t\t\t\t\t<h1 class=\"elementor-heading-title elementor-size-default\">\u0110\u1ecbnh C\u01b0 Di\u1ec7n Express Entry<\/h1>\t\t\t\t<\/div>\n\t\t\t\t<\/div>\n\t\t\t\t\t<\/div>\n\t\t<\/div>\n\t\t\t\t\t<\/div>\n\t\t<\/section>\n\t\t\t\t<section class=\"elementor-section elementor-top-section elementor-element elementor-element-5e9a5b7 elementor-section-boxed elementor-section-height-default elementor-section-height-default\" data-id=\"5e9a5b7\" data-element_type=\"section\" data-e-type=\"section\">\n\t\t\t\t\t\t<div class=\"elementor-container elementor-column-gap-default\">\n\t\t\t\t\t<div class=\"elementor-column elementor-col-50 elementor-top-column elementor-element elementor-element-b8f068e\" data-id=\"b8f068e\" data-element_type=\"column\" data-e-type=\"column\">\n\t\t\t<div class=\"elementor-widget-wrap elementor-element-populated\">\n\t\t\t\t\t\t<div class=\"elementor-element elementor-element-53170b3 elementor-invisible elementor-widget elementor-widget-image\" data-id=\"53170b3\" data-element_type=\"widget\" data-e-type=\"widget\" data-settings=\"{&quot;_animation&quot;:&quot;fadeInLeft&quot;,&quot;_animation_delay&quot;:&quot;500&quot;}\" data-widget_type=\"image.default\">\n\t\t\t\t<div class=\"elementor-widget-container\">\n\t\t\t\t\t\t\t\t\t\t\t\t\t\t\t<img fetchpriority=\"high\" decoding=\"async\" width=\"768\" height=\"512\" src=\"https:\/\/nexusvisa.com\/wp-content\/uploads\/2023\/01\/traveler-in-airport-terminal-2021-08-26-22-38-58-utc-768x512.jpg\" class=\"attachment-medium_large size-medium_large wp-image-5005\" alt=\"\" srcset=\"https:\/\/nexusvisa.com\/wp-content\/uploads\/2023\/01\/traveler-in-airport-terminal-2021-08-26-22-38-58-utc-768x512.jpg 768w, https:\/\/nexusvisa.com\/wp-content\/uploads\/2023\/01\/traveler-in-airport-terminal-2021-08-26-22-38-58-utc-600x400.jpg 600w, https:\/\/nexusvisa.com\/wp-content\/uploads\/2023\/01\/traveler-in-airport-terminal-2021-08-26-22-38-58-utc-1024x682.jpg 1024w, https:\/\/nexusvisa.com\/wp-content\/uploads\/2023\/01\/traveler-in-airport-terminal-2021-08-26-22-38-58-utc.jpg 1508w\" sizes=\"(max-width: 768px) 100vw, 768px\" \/>\t\t\t\t\t\t\t\t\t\t\t\t\t\t\t<\/div>\n\t\t\t\t<\/div>\n\t\t\t\t\t<\/div>\n\t\t<\/div>\n\t\t\t\t<div class=\"elementor-column elementor-col-50 elementor-top-column elementor-element elementor-element-7914bf8\" data-id=\"7914bf8\" data-element_type=\"column\" data-e-type=\"column\">\n\t\t\t<div class=\"elementor-widget-wrap elementor-element-populated\">\n\t\t\t\t\t\t<div class=\"elementor-element elementor-element-a6858bb animated-slow elementor-invisible elementor-widget elementor-widget-text-editor\" data-id=\"a6858bb\" data-element_type=\"widget\" data-e-type=\"widget\" data-settings=\"{&quot;_animation&quot;:&quot;fadeIn&quot;,&quot;_animation_delay&quot;:&quot;500&quot;}\" data-widget_type=\"text-editor.default\">\n\t\t\t\t<div class=\"elementor-widget-container\">\n\t\t\t\t\t\t\t\t\t<p><strong>Express Entry (EE)<\/strong> l\u00e0 ch\u01b0\u01a1ng tr\u00ecnh d\u00e0nh cho nh\u1eefng lao \u0111\u1ed9ng l\u00e0nh ngh\u1ec1 c\u00f3 quan t\u00e2m \u0111\u1ebfn vi\u1ec7c l\u00e0m lao \u0111\u1ed9ng, ch\u01b0\u01a1ng tr\u00ecnh tuy\u1ec3n d\u1ee5ng t\u1ea1i Canada. H\u1ec7 th\u1ed1ng n\u00e0y cho ph\u00e9p lao \u0111\u1ed9ng t\u1ea1o v\u00e0 n\u1ed9p h\u1ed3 s\u01a1 tr\u1ef1c tuy\u1ebfn. \u0110\u1ed1i v\u1edbi lao \u0111\u1ed9ng tay ngh\u1ec1 n\u01b0\u1edbc ngo\u00e0i mong mu\u1ed1n \u0111\u1ecbnh c\u01b0 t\u1ea1i Canada, Express Entry l\u00e0 con \u0111\u01b0\u1eddng nhanh v\u00e0 thu\u1eadn ti\u1ec7n nh\u1ea5t \u0111\u1ec3 \u0111\u1ecbnh c\u01b0 canada theo di\u1ec7n tay ngh\u1ec1.<\/p><p>\u0110\u00e2y l\u00e0 ch\u01b0\u01a1ng tr\u00ecnh nh\u1eadp c\u01b0 s\u1eed d\u1ee5ng h\u1ec7 th\u1ed1ng ch\u1ea5m \u0111i\u1ec3m \u0111\u1ecbnh c\u01b0 \u0111\u1ec3 qu\u1ea3n l\u00fd \u0111\u01a1n \u1ee9ng tuy\u1ec3n th\u01b0\u1eddng tr\u00fa t\u1ea1i Canada. Nh\u1eefng \u1ee9ng vi\u00ean ti\u1ec1m n\u0103ng ho\u00e0n th\u00e0nh h\u1ed3 s\u01a1 Express Entry b\u1eb1ng c\u00e1ch cung c\u1ea5p t\u1ea5t c\u1ea3 th\u00f4ng tin d\u1ef1a theo k\u1ef9 n\u0103ng, kinh nghi\u1ec7m, h\u1ecdc v\u1ea5n, kh\u1ea3 n\u0103ng ng\u00f4n ng\u1eef c\u00f9ng nh\u1eefng th\u00f4ng tin kh\u00e1c s\u1ebd \u0111\u01b0\u1ee3c h\u1ec7 th\u1ed1ng t\u00ednh \u0111i\u1ec3m m\u1ed9t c\u00e1ch minh b\u1ea1ch, ch\u1eb7t ch\u1ebd.<\/p><p>Express Entry l\u00e0 m\u1ed9t h\u1ec7 th\u1ed1ng l\u1ef1a ch\u1ecdn ng\u01b0\u1eddi nh\u1eadp c\u01b0 \u0111\u01a1n gi\u1ea3n v\u00e0 nhanh ch\u00f3ng \u0111\u01b0\u1ee3c IRCC s\u1eed d\u1ee5ng \u0111\u1ec3 ch\u1ecdn c\u00e1c \u1ee9ng vi\u00ean nh\u1eadp c\u01b0 v\u00e0o Canada b\u1eb1ng c\u00e1c ch\u01b0\u01a1ng tr\u00ecnh nh\u1eadp c\u01b0 kinh t\u1ebf:<\/p>\t\t\t\t\t\t\t\t<\/div>\n\t\t\t\t<\/div>\n\t\t\t\t<div class=\"elementor-element elementor-element-9967326 animated-slow elementor-invisible elementor-widget elementor-widget-toggle\" data-id=\"9967326\" data-element_type=\"widget\" data-e-type=\"widget\" data-settings=\"{&quot;_animation&quot;:&quot;fadeIn&quot;,&quot;_animation_delay&quot;:&quot;500&quot;}\" data-widget_type=\"toggle.default\">\n\t\t\t\t<div class=\"elementor-widget-container\">\n\t\t\t\t\t\t\t<div class=\"elementor-toggle\">\n\t\t\t\t\t\t\t<div class=\"elementor-toggle-item\">\n\t\t\t\t\t<div id=\"elementor-tab-title-1601\" class=\"elementor-tab-title\" data-tab=\"1\" role=\"button\" aria-controls=\"elementor-tab-content-1601\" aria-expanded=\"false\">\n\t\t\t\t\t\t\t\t\t\t\t\t<span class=\"elementor-toggle-icon elementor-toggle-icon-left\" aria-hidden=\"true\">\n\t\t\t\t\t\t\t\t\t\t\t\t\t\t\t<span class=\"elementor-toggle-icon-closed\"><i class=\"fas fa-caret-right\"><\/i><\/span>\n\t\t\t\t\t\t\t\t<span class=\"elementor-toggle-icon-opened\"><i class=\"elementor-toggle-icon-opened fas fa-caret-up\"><\/i><\/span>\n\t\t\t\t\t\t\t\t\t\t\t\t\t<\/span>\n\t\t\t\t\t\t\t\t\t\t\t\t<a class=\"elementor-toggle-title\" tabindex=\"0\">Ch\u01b0\u01a1ng Tr\u00ecnh Lao \u0110\u1ed9ng Tr\u00ecnh \u0110\u1ed9 Cao Li\u00ean Bang (The Federal Skilled Worker Program (FSW))<\/a>\n\t\t\t\t\t<\/div>\n\n\t\t\t\t\t<div id=\"elementor-tab-content-1601\" class=\"elementor-tab-content elementor-clearfix\" data-tab=\"1\" role=\"region\" aria-labelledby=\"elementor-tab-title-1601\"><div>Ch\u1ee7 y\u1ebfu d\u00e0nh cho \u1ee9ng vi\u00ean c\u00f3 kinh nghi\u1ec7m l\u00e0m vi\u1ec7c \u1edf n\u01b0\u1edbc ngo\u00e0i.<\/div><div>\u00a0<\/div><div>Ph\u1ea3i \u0111\u1ea1t \u0110i\u1ec3m chu\u1ea9n Ng\u00f4n ng\u1eef Canada \u1edf c\u1ea5p \u0111\u1ed9 7 \u0111\u1ed1i v\u1edbi tr\u00ecnh \u0111\u1ed9 ti\u1ebfng Anh ho\u1eb7c ti\u1ebfng Ph\u00e1p v\u1ec1 \u0110\u1ecdc, Vi\u1ebft, Nghe v\u00e0 N\u00f3i \u1edf c\u1ea5p \u0111\u1ed9 ngh\u1ec1 nghi\u1ec7p l\u00e0nh ngh\u1ec1 \u1edf NOC 0, A, B (NOC 2016) ho\u1eb7c TEER 0, 1, 2, 3 (NOC 2021) .<\/div><div>\u00a0<\/div><div>Ph\u1ea3i \u0111\u1ea1t t\u1ed1i thi\u1ec3u 67 \u0111i\u1ec3m trong s\u00e1u y\u1ebfu t\u1ed1 l\u1ef1a ch\u1ecdn v\u1ec1 Ng\u00f4n ng\u1eef, Gi\u00e1o d\u1ee5c, Kinh nghi\u1ec7m l\u00e0m vi\u1ec7c, Tu\u1ed5i t\u00e1c, Vi\u1ec7c l\u00e0m \u0111\u01b0\u1ee3c s\u1eafp x\u1ebfp \u1edf Canada v\u00e0 Kh\u1ea3 n\u0103ng th\u00edch \u1ee9ng.<\/div><div>\u00a0<\/div><div>Ph\u1ea3i c\u00f3 \u0111\u1ee7 \u0111i\u1ec3m Comprehensive Ranking System (CRS) ngo\u00e0i s\u00e1u y\u1ebfu t\u1ed1 l\u1ef1a ch\u1ecdn \u0111\u1ec3 \u0111\u01b0\u1ee3c xem x\u00e9t nh\u1eadn L\u1eddi m\u1eddi \u0111\u0103ng k\u00fd (ITA).<\/div><\/div>\n\t\t\t\t<\/div>\n\t\t\t\t\t\t\t<div class=\"elementor-toggle-item\">\n\t\t\t\t\t<div id=\"elementor-tab-title-1602\" class=\"elementor-tab-title\" data-tab=\"2\" role=\"button\" aria-controls=\"elementor-tab-content-1602\" aria-expanded=\"false\">\n\t\t\t\t\t\t\t\t\t\t\t\t<span class=\"elementor-toggle-icon elementor-toggle-icon-left\" aria-hidden=\"true\">\n\t\t\t\t\t\t\t\t\t\t\t\t\t\t\t<span class=\"elementor-toggle-icon-closed\"><i class=\"fas fa-caret-right\"><\/i><\/span>\n\t\t\t\t\t\t\t\t<span class=\"elementor-toggle-icon-opened\"><i class=\"elementor-toggle-icon-opened fas fa-caret-up\"><\/i><\/span>\n\t\t\t\t\t\t\t\t\t\t\t\t\t<\/span>\n\t\t\t\t\t\t\t\t\t\t\t\t<a class=\"elementor-toggle-title\" tabindex=\"0\">Ch\u01b0\u01a1ng Tr\u00ecnh Lao \u0110\u1ed9ng Tay Ngh\u1ec1 Cao Li\u00ean Bang (The Federal Skill Trades Program (FST))<\/a>\n\t\t\t\t\t<\/div>\n\n\t\t\t\t\t<div id=\"elementor-tab-content-1602\" class=\"elementor-tab-content elementor-clearfix\" data-tab=\"2\" role=\"region\" aria-labelledby=\"elementor-tab-title-1602\"><p>Ch\u01b0\u01a1ng tr\u00ecnh n\u00e0y d\u00e0nh cho th\u01b0\u01a1ng nh\u00e2n l\u00e0nh ngh\u1ec1 c\u00f3 kinh nghi\u1ec7m l\u00e0m vi\u1ec7c \u1edf n\u01b0\u1edbc ngo\u00e0i (c\u1ea3 trong n\u01b0\u1edbc v\u00e0 qu\u1ed1c t\u1ebf), nh\u1eefng ng\u01b0\u1eddi mu\u1ed1n nh\u1eadp c\u01b0 v\u0129nh vi\u1ec5n v\u00e0o Canada.<\/p><div>Ng\u01b0\u1eddi n\u1ed9p \u0111\u01a1n ch\u1ee7 y\u1ebfu l\u00e0 ng\u01b0\u1eddi \u0111\u00e3 c\u00f3 kinh nghi\u1ec7m l\u00e0m vi\u1ec7c \u1edf n\u01b0\u1edbc ngo\u00e0i ho\u1eb7c \u1edf Canada trong nh\u00f3m ch\u00ednh NOC 72, 73, 82, 83, 92, 93, nh\u00f3m ph\u1ee5 6320 v\u00e0 nh\u00f3m \u0111\u01a1n v\u1ecb 62200. Ngo\u1ea1i tr\u1eeb nh\u00f3m ph\u1ee5 726 v\u00e0 932.<\/div><div>\u00a0<\/div><div>Ph\u1ea3i \u0111\u1ea1t \u0110i\u1ec3m chu\u1ea9n Ng\u00f4n ng\u1eef Canada \u1edf c\u1ea5p \u0111\u1ed9 5 \u0111\u1ed1i v\u1edbi tr\u00ecnh \u0111\u1ed9 th\u00f4ng th\u1ea1o ti\u1ebfng Anh ho\u1eb7c ti\u1ebfng Ph\u00e1p trong Nghe v\u00e0 N\u00f3i, v\u00e0 c\u1ea5p \u0111\u1ed9 4 \u0111\u1ed1i v\u1edbi \u0110\u1ecdc, Vi\u1ebft, \u0111\u1ed1i v\u1edbi c\u00e1c ngh\u1ec1 trong NOC B (NOC 2016) ho\u1eb7c TEER 2 ho\u1eb7c 3 (NOC 2021).<\/div><div>\u00a0<\/div><\/div>\n\t\t\t\t<\/div>\n\t\t\t\t\t\t\t<div class=\"elementor-toggle-item\">\n\t\t\t\t\t<div id=\"elementor-tab-title-1603\" class=\"elementor-tab-title\" data-tab=\"3\" role=\"button\" aria-controls=\"elementor-tab-content-1603\" aria-expanded=\"false\">\n\t\t\t\t\t\t\t\t\t\t\t\t<span class=\"elementor-toggle-icon elementor-toggle-icon-left\" aria-hidden=\"true\">\n\t\t\t\t\t\t\t\t\t\t\t\t\t\t\t<span class=\"elementor-toggle-icon-closed\"><i class=\"fas fa-caret-right\"><\/i><\/span>\n\t\t\t\t\t\t\t\t<span class=\"elementor-toggle-icon-opened\"><i class=\"elementor-toggle-icon-opened fas fa-caret-up\"><\/i><\/span>\n\t\t\t\t\t\t\t\t\t\t\t\t\t<\/span>\n\t\t\t\t\t\t\t\t\t\t\t\t<a class=\"elementor-toggle-title\" tabindex=\"0\">Ch\u01b0\u01a1ng Tr\u00ecnh Lao \u0110\u1ed9ng C\u00f3 Kinh Nghi\u1ec7m (The Canadian Experience Class (CEC))<\/a>\n\t\t\t\t\t<\/div>\n\n\t\t\t\t\t<div id=\"elementor-tab-content-1603\" class=\"elementor-tab-content elementor-clearfix\" data-tab=\"3\" role=\"region\" aria-labelledby=\"elementor-tab-title-1603\"><p>Ch\u1ee7 y\u1ebfu d\u00e0nh cho ng\u01b0\u1eddi n\u1ed9p \u0111\u01a1n c\u00f3 kinh nghi\u1ec7m l\u00e0m vi\u1ec7c t\u1ea1i Canada c\u00f3 \u0111\u01b0\u1ee3c trong ba n\u0103m tr\u01b0\u1edbc khi \u0111\u0103ng k\u00fd c\u1ea5p \u0111\u1ed9 k\u1ef9 n\u0103ng ngh\u1ec1 nghi\u1ec7p t\u1eeb NOC 0, A, B (NOC 2016) ho\u1eb7c TEER 0, 1, 2, 3 (NOC 2021).<\/p><p>Ph\u1ea3i \u0111\u1ea1t \u0110i\u1ec3m chu\u1ea9n Ng\u00f4n ng\u1eef Canada \u1edf c\u1ea5p \u0111\u1ed9 7 \u0111\u1ed1i v\u1edbi tr\u00ecnh \u0111\u1ed9 ti\u1ebfng Anh ho\u1eb7c ti\u1ebfng Ph\u00e1p v\u1ec1 \u0110\u1ecdc, Vi\u1ebft, Nghe v\u00e0 N\u00f3i \u0111\u1ed1i v\u1edbi c\u00e1c ngh\u1ec1 nghi\u1ec7p trong NOC 0 &amp; A (NOC 2016) ho\u1eb7c TEER 0 ho\u1eb7c 1 (NOC 2021).<\/p><p>Ph\u1ea3i \u0111\u1ea1t \u0110i\u1ec3m chu\u1ea9n Ng\u00f4n ng\u1eef Canada \u1edf c\u1ea5p \u0111\u1ed9 5 \u0111\u1ed1i v\u1edbi tr\u00ecnh \u0111\u1ed9 ti\u1ebfng Anh ho\u1eb7c ti\u1ebfng Ph\u00e1p v\u1ec1 \u0110\u1ecdc, Vi\u1ebft, Nghe v\u00e0 N\u00f3i \u0111\u1ed1i v\u1edbi c\u00e1c ngh\u1ec1 nghi\u1ec7p trong NOC B (NOC 2016) ho\u1eb7c TEER 2 ho\u1eb7c 3 (NOC 2021).<\/p><\/div>\n\t\t\t\t<\/div>\n\t\t\t\t\t\t\t\t<\/div>\n\t\t\t\t\t\t<\/div>\n\t\t\t\t<\/div>\n\t\t\t\t\t<\/div>\n\t\t<\/div>\n\t\t\t\t\t<\/div>\n\t\t<\/section>\n\t\t\t\t<section class=\"elementor-section elementor-top-section elementor-element elementor-element-2a758ad animated-slow elementor-section-boxed elementor-section-height-default elementor-section-height-default elementor-invisible\" data-id=\"2a758ad\" data-element_type=\"section\" data-e-type=\"section\" data-settings=\"{&quot;animation&quot;:&quot;fadeIn&quot;,&quot;animation_delay&quot;:&quot;500&quot;}\">\n\t\t\t\t\t\t<div class=\"elementor-container elementor-column-gap-default\">\n\t\t\t\t\t<div class=\"elementor-column elementor-col-100 elementor-top-column elementor-element elementor-element-47e1f7c\" data-id=\"47e1f7c\" data-element_type=\"column\" data-e-type=\"column\">\n\t\t\t<div class=\"elementor-widget-wrap elementor-element-populated\">\n\t\t\t\t\t\t<div class=\"elementor-element elementor-element-91a81bd elementor-widget elementor-widget-text-editor\" data-id=\"91a81bd\" data-element_type=\"widget\" data-e-type=\"widget\" data-widget_type=\"text-editor.default\">\n\t\t\t\t<div class=\"elementor-widget-container\">\n\t\t\t\t\t\t\t\t\t<p><strong>H\u1ec7 th\u1ed1ng x\u1ebfp h\u1ea1ng to\u00e0n di\u1ec7n (CRS)<\/strong> n\u00e0y cung c\u1ea5p cho ng\u01b0\u1eddi n\u1ed9p \u0111\u01a1n nh\u1eefng l\u1ee3i \u00edch c\u1ee7a s\u1ef1 minh b\u1ea1ch &#8211; bi\u1ebft ch\u00ednh x\u00e1c \u0111i\u1ec3m CRS m\u00e0 h\u1ecd c\u1ea7n \u0111\u1ec3 \u0111\u1ee7 \u0111i\u1ec1u ki\u1ec7n nh\u1eadn ITA v\u00e0 tr\u1edf th\u00e0nh th\u01b0\u1eddng tr\u00fa nh\u00e2n t\u1ea1i Canada.<\/p><p>Thang \u0111i\u1ec3m c\u00f3 s\u1ed1 \u0111i\u1ec3m t\u1ed1i \u0111a l\u00e0 1200 \u0111i\u1ec3m v\u00e0 \u0111\u00e1nh gi\u00e1 b\u1ea1n v\u00e0 v\u1ee3\/ch\u1ed3ng (n\u1ebfu c\u00f3) v\u1ec1:<\/p><ul><li>Tu\u1ed5i<\/li><li>C\u1ea5p \u0111\u1ed9 gi\u00e1o d\u1ee5c<\/li><li>K\u1ef9 n\u0103ng ng\u00f4n ng\u1eef (ti\u1ebfng Anh\/ti\u1ebfng Ph\u00e1p)\u200b<\/li><li>Kinh nghi\u1ec7m l\u00e0m vi\u1ec7c t\u1ea1i Canada\u200b<\/li><li>Kinh nghi\u1ec7m l\u00e0m vi\u1ec7c b\u00ean ngo\u00e0i Canada<\/li><li>Kh\u1ea3 n\u0103ng th\u00edch \u1ee9ng k\u1ef9 n\u0103ng<\/li><\/ul>\t\t\t\t\t\t\t\t<\/div>\n\t\t\t\t<\/div>\n\t\t\t\t\t<\/div>\n\t\t<\/div>\n\t\t\t\t\t<\/div>\n\t\t<\/section>\n\t\t\t\t<\/div>\n\t\t","protected":false},"excerpt":{"rendered":"<p>\u0110\u1ecbnh C\u01b0 Di\u1ec7n Express Entry Express Entry (EE) l\u00e0 ch\u01b0\u01a1ng tr\u00ecnh d\u00e0nh cho nh\u1eefng lao \u0111\u1ed9ng l\u00e0nh ngh\u1ec1 c\u00f3 quan t\u00e2m \u0111\u1ebfn vi\u1ec7c l\u00e0m lao \u0111\u1ed9ng, ch\u01b0\u01a1ng tr\u00ecnh tuy\u1ec3n d\u1ee5ng t\u1ea1i Canada. H\u1ec7 th\u1ed1ng n\u00e0y cho ph\u00e9p lao \u0111\u1ed9ng t\u1ea1o v\u00e0 n\u1ed9p h\u1ed3 s\u01a1 tr\u1ef1c tuy\u1ebfn. \u0110\u1ed1i v\u1edbi lao \u0111\u1ed9ng tay ngh\u1ec1 n\u01b0\u1edbc ngo\u00e0i mong [&hellip;]<\/p>\n","protected":false},"author":9,"featured_media":0,"parent":0,"menu_order":0,"comment_status":"closed","ping_status":"closed","template":"","meta":{"footnotes":""},"class_list":["post-5656","page","type-page","status-publish","hentry"],"_links":{"self":[{"href":"https:\/\/nexusvisa.com\/vi\/wp-json\/wp\/v2\/pages\/5656","targetHints":{"allow":["GET"]}}],"collection":[{"href":"https:\/\/nexusvisa.com\/vi\/wp-json\/wp\/v2\/pages"}],"about":[{"href":"https:\/\/nexusvisa.com\/vi\/wp-json\/wp\/v2\/types\/page"}],"author":[{"embeddable":true,"href":"https:\/\/nexusvisa.com\/vi\/wp-json\/wp\/v2\/users\/9"}],"replies":[{"embeddable":true,"href":"https:\/\/nexusvisa.com\/vi\/wp-json\/wp\/v2\/comments?post=5656"}],"version-history":[{"count":38,"href":"https:\/\/nexusvisa.com\/vi\/wp-json\/wp\/v2\/pages\/5656\/revisions"}],"predecessor-version":[{"id":11767,"href":"https:\/\/nexusvisa.com\/vi\/wp-json\/wp\/v2\/pages\/5656\/revisions\/11767"}],"wp:attachment":[{"href":"https:\/\/nexusvisa.com\/vi\/wp-json\/wp\/v2\/media?parent=5656"}],"curies":[{"name":"wp","href":"https:\/\/api.w.org\/{rel}","templated":true}]}}