{"id":5603,"date":"2023-01-19T14:32:56","date_gmt":"2023-01-19T21:32:56","guid":{"rendered":"http:\/\/nexusvisa.com\/danh-cho-doanh-nghiep\/"},"modified":"2023-04-11T09:39:19","modified_gmt":"2023-04-11T15:39:19","slug":"danh-cho-doanh-nghiep","status":"publish","type":"page","link":"https:\/\/nexusvisa.com\/vi\/danh-cho-doanh-nghiep\/","title":{"rendered":"D\u00e0nh Cho Doanh Nghi\u1ec7p"},"content":{"rendered":"\t\t<div data-elementor-type=\"wp-page\" data-elementor-id=\"5603\" class=\"elementor elementor-5603 elementor-1971\">\n\t\t\t\t\t\t<section class=\"elementor-section elementor-top-section elementor-element elementor-element-2c2e6f6 elementor-section-boxed elementor-section-height-default elementor-section-height-default\" data-id=\"2c2e6f6\" data-element_type=\"section\" data-e-type=\"section\">\n\t\t\t\t\t\t<div class=\"elementor-container elementor-column-gap-default\">\n\t\t\t\t\t<div class=\"elementor-column elementor-col-100 elementor-top-column elementor-element elementor-element-2e7a599\" data-id=\"2e7a599\" data-element_type=\"column\" data-e-type=\"column\">\n\t\t\t<div class=\"elementor-widget-wrap elementor-element-populated\">\n\t\t\t\t\t\t<div class=\"elementor-element elementor-element-3c2eb11 animated-slow elementor-invisible elementor-widget elementor-widget-heading\" data-id=\"3c2eb11\" data-element_type=\"widget\" data-e-type=\"widget\" data-settings=\"{&quot;_animation&quot;:&quot;fadeIn&quot;}\" data-widget_type=\"heading.default\">\n\t\t\t\t<div class=\"elementor-widget-container\">\n\t\t\t\t\t<h1 class=\"elementor-heading-title elementor-size-default\">D\u00e0nh Cho Doanh Nghi\u1ec7p<\/h1>\t\t\t\t<\/div>\n\t\t\t\t<\/div>\n\t\t\t\t\t<\/div>\n\t\t<\/div>\n\t\t\t\t\t<\/div>\n\t\t<\/section>\n\t\t\t\t<section class=\"elementor-section elementor-top-section elementor-element elementor-element-74494a8 animated-slow elementor-section-boxed elementor-section-height-default elementor-section-height-default elementor-invisible\" data-id=\"74494a8\" data-element_type=\"section\" data-e-type=\"section\" data-settings=\"{&quot;animation&quot;:&quot;fadeIn&quot;,&quot;animation_delay&quot;:500}\">\n\t\t\t\t\t\t<div class=\"elementor-container elementor-column-gap-default\">\n\t\t\t\t\t<div class=\"elementor-column elementor-col-100 elementor-top-column elementor-element elementor-element-6212425\" data-id=\"6212425\" data-element_type=\"column\" data-e-type=\"column\">\n\t\t\t<div class=\"elementor-widget-wrap elementor-element-populated\">\n\t\t\t\t\t\t<div class=\"elementor-element elementor-element-cffa4bd elementor-widget elementor-widget-text-editor\" data-id=\"cffa4bd\" data-element_type=\"widget\" data-e-type=\"widget\" data-widget_type=\"text-editor.default\">\n\t\t\t\t<div class=\"elementor-widget-container\">\n\t\t\t\t\t\t\t\t\t<p>NEXUS cung c\u1ea5p nhi\u1ec1u d\u1ecbch v\u1ee5 cho c\u00e1c t\u1ed5 ch\u1ee9c kinh doanh Canada mu\u1ed1n tuy\u1ec3n d\u1ee5ng lao \u0111\u1ed9ng n\u01b0\u1edbc ngo\u00e0i t\u1ea1m th\u1eddi c\u00f3 tr\u00ecnh \u0111\u1ed9, c\u0169ng nh\u01b0 c\u00e1c t\u1eadp \u0111o\u00e0n qu\u1ed1c t\u1ebf c\u00f3 \u00fd \u0111\u1ecbnh th\u00e0nh l\u1eadp ho\u1eb7c m\u1edf r\u1ed9ng ho\u1ea1t \u0111\u1ed9ng kinh doanh c\u1ee7a h\u1ecd tr\u00ean to\u00e0n c\u1ea7u.<\/p>\n<p>T\u1ea1i Nexus, ch\u00fang t\u00f4i cung c\u1ea5p c\u00e1c gi\u1ea3i ph\u00e1p \u0111\u01a1n gi\u1ea3n v\u1ec1 t\u01b0 v\u1ea5n nh\u1eadp c\u01b0 Canada \u0111\u1ec3 t\u00ecm ra c\u00e1c ph\u01b0\u01a1ng ph\u00e1p t\u1ed1t nh\u1ea5t gi\u00fap b\u1ea1n t\u00ecm \u0111\u01b0\u1ee3c \u1ee9ng vi\u00ean qu\u1ed1c t\u1ebf ho\u00e0n h\u1ea3o \u2013 m\u1ed9t ng\u01b0\u1eddi t\u00ecnh c\u1edd c\u1ea7n \u0111\u01b0\u1ee3c ph\u00e9p l\u00e0m vi\u1ec7c t\u1ea1i Canada.<\/p>\n\t\t\t\t\t\t\t\t<\/div>\n\t\t\t\t<\/div>\n\t\t\t\t\t<\/div>\n\t\t<\/div>\n\t\t\t\t\t<\/div>\n\t\t<\/section>\n\t\t\t\t<section class=\"elementor-section elementor-top-section elementor-element elementor-element-34c2584 elementor-section-boxed elementor-section-height-default elementor-section-height-default\" data-id=\"34c2584\" data-element_type=\"section\" data-e-type=\"section\">\n\t\t\t\t\t\t<div class=\"elementor-container elementor-column-gap-default\">\n\t\t\t\t\t<div class=\"elementor-column elementor-col-50 elementor-top-column elementor-element elementor-element-3bd8638\" data-id=\"3bd8638\" data-element_type=\"column\" data-e-type=\"column\">\n\t\t\t<div class=\"elementor-widget-wrap elementor-element-populated\">\n\t\t\t\t\t\t<div class=\"elementor-element elementor-element-b44b153 elementor-invisible elementor-widget elementor-widget-image\" data-id=\"b44b153\" data-element_type=\"widget\" data-e-type=\"widget\" data-settings=\"{&quot;_animation&quot;:&quot;fadeInLeft&quot;,&quot;_animation_delay&quot;:500}\" data-widget_type=\"image.default\">\n\t\t\t\t<div class=\"elementor-widget-container\">\n\t\t\t\t\t\t\t\t\t\t\t\t\t\t\t<img fetchpriority=\"high\" decoding=\"async\" width=\"560\" height=\"420\" src=\"https:\/\/nexusvisa.com\/wp-content\/uploads\/2023\/01\/job-interview-concept-senior-manager-reading-a-r-2022-11-09-06-47-30-utc-560x420.jpg\" class=\"attachment-post-thumbnail size-post-thumbnail wp-image-4955\" alt=\"\" \/>\t\t\t\t\t\t\t\t\t\t\t\t\t\t\t<\/div>\n\t\t\t\t<\/div>\n\t\t\t\t\t<\/div>\n\t\t<\/div>\n\t\t\t\t<div class=\"elementor-column elementor-col-50 elementor-top-column elementor-element elementor-element-ef4400f\" data-id=\"ef4400f\" data-element_type=\"column\" data-e-type=\"column\">\n\t\t\t<div class=\"elementor-widget-wrap elementor-element-populated\">\n\t\t\t\t\t\t<div class=\"elementor-element elementor-element-35997ae animated-slow elementor-invisible elementor-widget elementor-widget-text-editor\" data-id=\"35997ae\" data-element_type=\"widget\" data-e-type=\"widget\" data-settings=\"{&quot;_animation&quot;:&quot;fadeIn&quot;,&quot;_animation_delay&quot;:500}\" data-widget_type=\"text-editor.default\">\n\t\t\t\t<div class=\"elementor-widget-container\">\n\t\t\t\t\t\t\t\t\t\n          <p>\n            <strong>ch\u00fang t\u00f4i c\u00f3 th\u1ec3 cung c\u1ea5p<\/strong>\n          <\/p>\n          \n\n          <ul>\n            \n\n            <li>Ngu\u1ed3n nh\u00e2n l\u1ef1c to\u00e0n c\u1ea7u.<\/li>\n            \n\n            <li>Lao \u0111\u1ed9ng \u0111a d\u1ea1ng, t\u1eeb k\u1ef9 s\u01b0 tay ngh\u1ec1 cao \u0111\u1ebfn lao \u0111\u1ed9ng ph\u1ed5 th\u00f4ng.<\/li>\n            \n\n            <li>Tr\u1ee3 gi\u00fap chuy\u1ec3n nh\u1eefng ng\u01b0\u1eddi \u0111\u1ee7 \u0111i\u1ec1u ki\u1ec7n sang doanh nghi\u1ec7p c\u1ee7a b\u1ea1n \u0111\u1ec3 l\u00e0m c\u00f4ng vi\u1ec7c t\u1ea1m th\u1eddi ho\u1eb7c tr\u1edf th\u00e0nh th\u00e0nh vi\u00ean l\u00e2u d\u00e0i trong nh\u00f3m c\u1ee7a b\u1ea1n.<\/li>\n            \n\n            <li>Gi\u00fap t\u00ecm ki\u1ebfm \u1ee9ng vi\u00ean ph\u00f9 h\u1ee3p cho v\u1ecb tr\u00ed m\u00e0 kh\u00f4ng l\u00e3ng ph\u00ed th\u1eddi gian v\u00e0 ti\u1ec1n b\u1ea1c c\u1ee7a b\u1ea1n.<\/li>\n            \n\n          <\/ul>\n        \t\t\t\t\t\t\t\t<\/div>\n\t\t\t\t<\/div>\n\t\t\t\t\t<\/div>\n\t\t<\/div>\n\t\t\t\t\t<\/div>\n\t\t<\/section>\n\t\t\t\t<section class=\"elementor-section elementor-top-section elementor-element elementor-element-d1404b9 elementor-section-boxed elementor-section-height-default elementor-section-height-default elementor-invisible\" data-id=\"d1404b9\" data-element_type=\"section\" data-e-type=\"section\" data-settings=\"{&quot;animation&quot;:&quot;fadeIn&quot;}\">\n\t\t\t\t\t\t<div class=\"elementor-container elementor-column-gap-default\">\n\t\t\t\t\t<div class=\"elementor-column elementor-col-50 elementor-top-column elementor-element elementor-element-4ccd59a\" data-id=\"4ccd59a\" data-element_type=\"column\" data-e-type=\"column\">\n\t\t\t<div class=\"elementor-widget-wrap elementor-element-populated\">\n\t\t\t\t\t\t<div class=\"elementor-element elementor-element-8433b1c elementor-widget elementor-widget-image\" data-id=\"8433b1c\" data-element_type=\"widget\" data-e-type=\"widget\" data-widget_type=\"image.default\">\n\t\t\t\t<div class=\"elementor-widget-container\">\n\t\t\t\t\t\t\t\t\t\t\t\t\t\t\t<img decoding=\"async\" width=\"560\" height=\"690\" data-src=\"https:\/\/nexusvisa.com\/wp-content\/uploads\/2023\/01\/teamwork-process-2022-11-15-15-28-53-utc-560x690.jpg\" class=\"attachment-conult_medium size-conult_medium wp-image-5175 lazyload\" alt=\"\" src=\"data:image\/svg+xml;base64,PHN2ZyB3aWR0aD0iMSIgaGVpZ2h0PSIxIiB4bWxucz0iaHR0cDovL3d3dy53My5vcmcvMjAwMC9zdmciPjwvc3ZnPg==\" style=\"--smush-placeholder-width: 560px; --smush-placeholder-aspect-ratio: 560\/690;\" \/>\t\t\t\t\t\t\t\t\t\t\t\t\t\t\t<\/div>\n\t\t\t\t<\/div>\n\t\t\t\t\t<\/div>\n\t\t<\/div>\n\t\t\t\t<div class=\"elementor-column elementor-col-50 elementor-top-column elementor-element elementor-element-8787e87\" data-id=\"8787e87\" data-element_type=\"column\" data-e-type=\"column\">\n\t\t\t<div class=\"elementor-widget-wrap elementor-element-populated\">\n\t\t\t\t\t\t<div class=\"elementor-element elementor-element-1986be1 elementor-widget elementor-widget-heading\" data-id=\"1986be1\" data-element_type=\"widget\" data-e-type=\"widget\" data-widget_type=\"heading.default\">\n\t\t\t\t<div class=\"elementor-widget-container\">\n\t\t\t\t\t<h2 class=\"elementor-heading-title elementor-size-default\">Quy tr\u00ecnh\/C\u00e1c b\u01b0\u1edbc:<\/h2>\t\t\t\t<\/div>\n\t\t\t\t<\/div>\n\t\t\t\t<div class=\"elementor-element elementor-element-1dec9f9 elementor-widget elementor-widget-progress\" data-id=\"1dec9f9\" data-element_type=\"widget\" data-e-type=\"widget\" data-widget_type=\"progress.default\">\n\t\t\t\t<div class=\"elementor-widget-container\">\n\t\t\t\t\t\t\t\t<span class=\"elementor-title\" id=\"elementor-progress-bar-1dec9f9\">\n\t\t\t\t1. Hi\u1ec3u nhu c\u1ea7u tuy\u1ec3n d\u1ee5ng c\u1ee7a b\u1ea1n\t\t\t<\/span>\n\t\t\n\t\t<div aria-labelledby=\"elementor-progress-bar-1dec9f9\" class=\"elementor-progress-wrapper\" role=\"progressbar\" aria-valuemin=\"0\" aria-valuemax=\"100\" aria-valuenow=\"10\">\n\t\t\t<div class=\"elementor-progress-bar\" data-max=\"10\">\n\t\t\t\t<span class=\"elementor-progress-text\"><\/span>\n\t\t\t\t\t\t\t\t\t<span class=\"elementor-progress-percentage\">10%<\/span>\n\t\t\t\t\t\t\t<\/div>\n\t\t<\/div>\n\t\t\t\t\t\t<\/div>\n\t\t\t\t<\/div>\n\t\t\t\t<div class=\"elementor-element elementor-element-260601a elementor-widget elementor-widget-progress\" data-id=\"260601a\" data-element_type=\"widget\" data-e-type=\"widget\" data-widget_type=\"progress.default\">\n\t\t\t\t<div class=\"elementor-widget-container\">\n\t\t\t\t\t\t\t\t<span class=\"elementor-title\" id=\"elementor-progress-bar-260601a\">\n\t\t\t\t2. X\u00e1c \u0111\u1ecbnh LMIA ho\u1eb7c LMIA mi\u1ec5n tr\u1eeb\t\t\t<\/span>\n\t\t\n\t\t<div aria-labelledby=\"elementor-progress-bar-260601a\" class=\"elementor-progress-wrapper\" role=\"progressbar\" aria-valuemin=\"0\" aria-valuemax=\"100\" aria-valuenow=\"20\">\n\t\t\t<div class=\"elementor-progress-bar\" data-max=\"20\">\n\t\t\t\t<span class=\"elementor-progress-text\"><\/span>\n\t\t\t\t\t\t\t\t\t<span class=\"elementor-progress-percentage\">20%<\/span>\n\t\t\t\t\t\t\t<\/div>\n\t\t<\/div>\n\t\t\t\t\t\t<\/div>\n\t\t\t\t<\/div>\n\t\t\t\t<div class=\"elementor-element elementor-element-24455c4 elementor-widget elementor-widget-progress\" data-id=\"24455c4\" data-element_type=\"widget\" data-e-type=\"widget\" data-widget_type=\"progress.default\">\n\t\t\t\t<div class=\"elementor-widget-container\">\n\t\t\t\t\t\t\t\t<span class=\"elementor-title\" id=\"elementor-progress-bar-24455c4\">\n\t\t\t\t3. \u0110\u0103ng qu\u1ea3ng c\u00e1o\t\t\t<\/span>\n\t\t\n\t\t<div aria-labelledby=\"elementor-progress-bar-24455c4\" class=\"elementor-progress-wrapper\" role=\"progressbar\" aria-valuemin=\"0\" aria-valuemax=\"100\" aria-valuenow=\"30\">\n\t\t\t<div class=\"elementor-progress-bar\" data-max=\"30\">\n\t\t\t\t<span class=\"elementor-progress-text\"><\/span>\n\t\t\t\t\t\t\t\t\t<span class=\"elementor-progress-percentage\">30%<\/span>\n\t\t\t\t\t\t\t<\/div>\n\t\t<\/div>\n\t\t\t\t\t\t<\/div>\n\t\t\t\t<\/div>\n\t\t\t\t<div class=\"elementor-element elementor-element-e6d94a9 elementor-widget elementor-widget-progress\" data-id=\"e6d94a9\" data-element_type=\"widget\" data-e-type=\"widget\" data-widget_type=\"progress.default\">\n\t\t\t\t<div class=\"elementor-widget-container\">\n\t\t\t\t\t\t\t\t<span class=\"elementor-title\" id=\"elementor-progress-bar-e6d94a9\">\n\t\t\t\t4. B\u1eaft \u0111\u1ea7u quy tr\u00ecnh tuy\u1ec3n d\u1ee5ng\t\t\t<\/span>\n\t\t\n\t\t<div aria-labelledby=\"elementor-progress-bar-e6d94a9\" class=\"elementor-progress-wrapper\" role=\"progressbar\" aria-valuemin=\"0\" aria-valuemax=\"100\" aria-valuenow=\"40\">\n\t\t\t<div class=\"elementor-progress-bar\" data-max=\"40\">\n\t\t\t\t<span class=\"elementor-progress-text\"><\/span>\n\t\t\t\t\t\t\t\t\t<span class=\"elementor-progress-percentage\">40%<\/span>\n\t\t\t\t\t\t\t<\/div>\n\t\t<\/div>\n\t\t\t\t\t\t<\/div>\n\t\t\t\t<\/div>\n\t\t\t\t<div class=\"elementor-element elementor-element-c7bbb90 elementor-widget elementor-widget-progress\" data-id=\"c7bbb90\" data-element_type=\"widget\" data-e-type=\"widget\" data-widget_type=\"progress.default\">\n\t\t\t\t<div class=\"elementor-widget-container\">\n\t\t\t\t\t\t\t\t<span class=\"elementor-title\" id=\"elementor-progress-bar-c7bbb90\">\n\t\t\t\t5. S\u1eafp x\u1ebfp ph\u1ecfng v\u1ea5n v\u00e0 ki\u1ec3m tra ng\u01b0\u1eddi tham kh\u1ea3o\t\t\t<\/span>\n\t\t\n\t\t<div aria-labelledby=\"elementor-progress-bar-c7bbb90\" class=\"elementor-progress-wrapper\" role=\"progressbar\" aria-valuemin=\"0\" aria-valuemax=\"100\" aria-valuenow=\"60\">\n\t\t\t<div class=\"elementor-progress-bar\" data-max=\"60\">\n\t\t\t\t<span class=\"elementor-progress-text\"><\/span>\n\t\t\t\t\t\t\t\t\t<span class=\"elementor-progress-percentage\">60%<\/span>\n\t\t\t\t\t\t\t<\/div>\n\t\t<\/div>\n\t\t\t\t\t\t<\/div>\n\t\t\t\t<\/div>\n\t\t\t\t<div class=\"elementor-element elementor-element-a4e2811 elementor-widget elementor-widget-progress\" data-id=\"a4e2811\" data-element_type=\"widget\" data-e-type=\"widget\" data-widget_type=\"progress.default\">\n\t\t\t\t<div class=\"elementor-widget-container\">\n\t\t\t\t\t\t\t\t<span class=\"elementor-title\" id=\"elementor-progress-bar-a4e2811\">\n\t\t\t\t6. Chu\u1ea9n b\u1ecb h\u1ed3 s\u01a1 v\u00e0 n\u1ed9p LMIA\t\t\t<\/span>\n\t\t\n\t\t<div aria-labelledby=\"elementor-progress-bar-a4e2811\" class=\"elementor-progress-wrapper\" role=\"progressbar\" aria-valuemin=\"0\" aria-valuemax=\"100\" aria-valuenow=\"80\">\n\t\t\t<div class=\"elementor-progress-bar\" data-max=\"80\">\n\t\t\t\t<span class=\"elementor-progress-text\"><\/span>\n\t\t\t\t\t\t\t\t\t<span class=\"elementor-progress-percentage\">80%<\/span>\n\t\t\t\t\t\t\t<\/div>\n\t\t<\/div>\n\t\t\t\t\t\t<\/div>\n\t\t\t\t<\/div>\n\t\t\t\t<div class=\"elementor-element elementor-element-f362a7d elementor-widget elementor-widget-progress\" data-id=\"f362a7d\" data-element_type=\"widget\" data-e-type=\"widget\" data-widget_type=\"progress.default\">\n\t\t\t\t<div class=\"elementor-widget-container\">\n\t\t\t\t\t\t\t\t<span class=\"elementor-title\" id=\"elementor-progress-bar-f362a7d\">\n\t\t\t\t7. Sau khi \u0111\u01b0\u1ee3c ph\u00ea duy\u1ec7t, xin gi\u1ea5y ph\u00e9p lao \u0111\u1ed9ng \t\t\t<\/span>\n\t\t\n\t\t<div aria-labelledby=\"elementor-progress-bar-f362a7d\" class=\"elementor-progress-wrapper\" role=\"progressbar\" aria-valuemin=\"0\" aria-valuemax=\"100\" aria-valuenow=\"100\">\n\t\t\t<div class=\"elementor-progress-bar\" data-max=\"100\">\n\t\t\t\t<span class=\"elementor-progress-text\"><\/span>\n\t\t\t\t\t\t\t\t\t<span class=\"elementor-progress-percentage\">100%<\/span>\n\t\t\t\t\t\t\t<\/div>\n\t\t<\/div>\n\t\t\t\t\t\t<\/div>\n\t\t\t\t<\/div>\n\t\t\t\t\t<\/div>\n\t\t<\/div>\n\t\t\t\t\t<\/div>\n\t\t<\/section>\n\t\t\t\t<section class=\"elementor-section elementor-top-section elementor-element elementor-element-9ad1310 elementor-section-boxed elementor-section-height-default elementor-section-height-default elementor-invisible\" data-id=\"9ad1310\" data-element_type=\"section\" data-e-type=\"section\" data-settings=\"{&quot;animation&quot;:&quot;fadeIn&quot;}\">\n\t\t\t\t\t\t<div class=\"elementor-container elementor-column-gap-default\">\n\t\t\t\t\t<div class=\"elementor-column elementor-col-100 elementor-top-column elementor-element elementor-element-46e36dc\" data-id=\"46e36dc\" data-element_type=\"column\" data-e-type=\"column\">\n\t\t\t<div class=\"elementor-widget-wrap elementor-element-populated\">\n\t\t\t\t\t\t<div class=\"elementor-element elementor-element-f2dcc9c elementor-align-center elementor-widget elementor-widget-button\" data-id=\"f2dcc9c\" data-element_type=\"widget\" data-e-type=\"widget\" data-widget_type=\"button.default\">\n\t\t\t\t<div class=\"elementor-widget-container\">\n\t\t\t\t\t\t\t\t\t<div class=\"elementor-button-wrapper\">\n\t\t\t\t\t<a class=\"elementor-button elementor-button-link elementor-size-xl elementor-animation-grow\" href=\"https:\/\/nexusvisa.com\/vi\/lien-he\/\">\n\t\t\t\t\t\t<span class=\"elementor-button-content-wrapper\">\n\t\t\t\t\t\t\t\t\t<span class=\"elementor-button-text\">Li\u00ean k\u1ebft kinh doanh<\/span>\n\t\t\t\t\t<\/span>\n\t\t\t\t\t<\/a>\n\t\t\t\t<\/div>\n\t\t\t\t\t\t\t\t<\/div>\n\t\t\t\t<\/div>\n\t\t\t\t\t<\/div>\n\t\t<\/div>\n\t\t\t\t\t<\/div>\n\t\t<\/section>\n\t\t\t\t<\/div>\n\t\t","protected":false},"excerpt":{"rendered":"<p>D\u00e0nh Cho Doanh Nghi\u1ec7p NEXUS cung c\u1ea5p nhi\u1ec1u d\u1ecbch v\u1ee5 cho c\u00e1c t\u1ed5 ch\u1ee9c kinh doanh Canada mu\u1ed1n tuy\u1ec3n d\u1ee5ng lao \u0111\u1ed9ng n\u01b0\u1edbc ngo\u00e0i t\u1ea1m th\u1eddi c\u00f3 tr\u00ecnh \u0111\u1ed9, c\u0169ng nh\u01b0 c\u00e1c t\u1eadp \u0111o\u00e0n qu\u1ed1c t\u1ebf c\u00f3 \u00fd \u0111\u1ecbnh th\u00e0nh l\u1eadp ho\u1eb7c m\u1edf r\u1ed9ng ho\u1ea1t \u0111\u1ed9ng kinh doanh c\u1ee7a h\u1ecd tr\u00ean to\u00e0n c\u1ea7u. T\u1ea1i Nexus, [&hellip;]<\/p>\n","protected":false},"author":9,"featured_media":0,"parent":0,"menu_order":0,"comment_status":"closed","ping_status":"closed","template":"","meta":{"footnotes":""},"class_list":["post-5603","page","type-page","status-publish","hentry"],"_links":{"self":[{"href":"https:\/\/nexusvisa.com\/vi\/wp-json\/wp\/v2\/pages\/5603","targetHints":{"allow":["GET"]}}],"collection":[{"href":"https:\/\/nexusvisa.com\/vi\/wp-json\/wp\/v2\/pages"}],"about":[{"href":"https:\/\/nexusvisa.com\/vi\/wp-json\/wp\/v2\/types\/page"}],"author":[{"embeddable":true,"href":"https:\/\/nexusvisa.com\/vi\/wp-json\/wp\/v2\/users\/9"}],"replies":[{"embeddable":true,"href":"https:\/\/nexusvisa.com\/vi\/wp-json\/wp\/v2\/comments?post=5603"}],"version-history":[{"count":20,"href":"https:\/\/nexusvisa.com\/vi\/wp-json\/wp\/v2\/pages\/5603\/revisions"}],"predecessor-version":[{"id":11990,"href":"https:\/\/nexusvisa.com\/vi\/wp-json\/wp\/v2\/pages\/5603\/revisions\/11990"}],"wp:attachment":[{"href":"https:\/\/nexusvisa.com\/vi\/wp-json\/wp\/v2\/media?parent=5603"}],"curies":[{"name":"wp","href":"https:\/\/api.w.org\/{rel}","templated":true}]}}