{"id":5514,"date":"2023-01-24T09:26:38","date_gmt":"2023-01-24T16:26:38","guid":{"rendered":"http:\/\/nexusvisa.com\/chuong-trinh-tai-tro-gia-dinh\/"},"modified":"2023-04-06T14:14:44","modified_gmt":"2023-04-06T20:14:44","slug":"dinh-cu-dien-bao-lanh-gia-dinh","status":"publish","type":"page","link":"https:\/\/nexusvisa.com\/vi\/dinh-cu-dien-bao-lanh-gia-dinh\/","title":{"rendered":"\u0110\u1ecbnh C\u01b0 Di\u1ec7n B\u1ea3o L\u00e3nh Gia \u0110\u00ecnh"},"content":{"rendered":"\t\t<div data-elementor-type=\"wp-page\" data-elementor-id=\"5514\" class=\"elementor elementor-5514 elementor-2197\">\n\t\t\t\t\t\t<section class=\"elementor-section elementor-top-section elementor-element elementor-element-17c72fd elementor-section-boxed elementor-section-height-default elementor-section-height-default\" data-id=\"17c72fd\" data-element_type=\"section\" data-e-type=\"section\">\n\t\t\t\t\t\t<div class=\"elementor-container elementor-column-gap-default\">\n\t\t\t\t\t<div class=\"elementor-column elementor-col-100 elementor-top-column elementor-element elementor-element-61ffe73\" data-id=\"61ffe73\" data-element_type=\"column\" data-e-type=\"column\">\n\t\t\t<div class=\"elementor-widget-wrap elementor-element-populated\">\n\t\t\t\t\t\t<div class=\"elementor-element elementor-element-f4c5754 animated-slow elementor-invisible elementor-widget elementor-widget-heading\" data-id=\"f4c5754\" data-element_type=\"widget\" data-e-type=\"widget\" data-settings=\"{&quot;_animation&quot;:&quot;fadeIn&quot;}\" data-widget_type=\"heading.default\">\n\t\t\t\t<div class=\"elementor-widget-container\">\n\t\t\t\t\t<h1 class=\"elementor-heading-title elementor-size-default\">\u0110\u1ecbnh C\u01b0 Di\u1ec7n B\u1ea3o L\u00e3nh Gia \u0110\u00ecnh<\/h1>\t\t\t\t<\/div>\n\t\t\t\t<\/div>\n\t\t\t\t\t<\/div>\n\t\t<\/div>\n\t\t\t\t\t<\/div>\n\t\t<\/section>\n\t\t\t\t<section class=\"elementor-section elementor-top-section elementor-element elementor-element-d97411c elementor-section-boxed elementor-section-height-default elementor-section-height-default\" data-id=\"d97411c\" data-element_type=\"section\" data-e-type=\"section\">\n\t\t\t\t\t\t<div class=\"elementor-container elementor-column-gap-default\">\n\t\t\t\t\t<div class=\"elementor-column elementor-col-50 elementor-top-column elementor-element elementor-element-fbe54b2\" data-id=\"fbe54b2\" data-element_type=\"column\" data-e-type=\"column\">\n\t\t\t<div class=\"elementor-widget-wrap elementor-element-populated\">\n\t\t\t\t\t\t<div class=\"elementor-element elementor-element-5633bb3 elementor-invisible elementor-widget elementor-widget-image\" data-id=\"5633bb3\" data-element_type=\"widget\" data-e-type=\"widget\" data-settings=\"{&quot;_animation&quot;:&quot;fadeInLeft&quot;,&quot;_animation_delay&quot;:500}\" data-widget_type=\"image.default\">\n\t\t\t\t<div class=\"elementor-widget-container\">\n\t\t\t\t\t\t\t\t\t\t\t\t\t\t\t<img fetchpriority=\"high\" decoding=\"async\" width=\"560\" height=\"690\" src=\"https:\/\/nexusvisa.com\/wp-content\/uploads\/2023\/01\/happy-extended-family-enjoying-in-lunch-at-dining-2022-09-29-20-58-57-utc-560x690.jpg\" class=\"attachment-conult_medium size-conult_medium wp-image-4940\" alt=\"\" \/>\t\t\t\t\t\t\t\t\t\t\t\t\t\t\t<\/div>\n\t\t\t\t<\/div>\n\t\t\t\t\t<\/div>\n\t\t<\/div>\n\t\t\t\t<div class=\"elementor-column elementor-col-50 elementor-top-column elementor-element elementor-element-c4dbb48\" data-id=\"c4dbb48\" data-element_type=\"column\" data-e-type=\"column\">\n\t\t\t<div class=\"elementor-widget-wrap elementor-element-populated\">\n\t\t\t\t\t\t<div class=\"elementor-element elementor-element-89f6ff5 animated-slow elementor-invisible elementor-widget elementor-widget-text-editor\" data-id=\"89f6ff5\" data-element_type=\"widget\" data-e-type=\"widget\" data-settings=\"{&quot;_animation&quot;:&quot;fadeIn&quot;,&quot;_animation_delay&quot;:500}\" data-widget_type=\"text-editor.default\">\n\t\t\t\t<div class=\"elementor-widget-container\">\n\t\t\t\t\t\t\t\t\t<p>\u0110o\u00e0n t\u1ee5 v\u1edbi v\u1ee3\/ch\u1ed3ng, con c\u00e1i v\u00e0 c\u00e1c th\u00e0nh vi\u00ean gia \u0111\u00ecnh th\u00e2n y\u00eau nh\u1ea5t c\u1ee7a b\u1ea1n \u1edf m\u1ed9t qu\u1ed1c gia kh\u00e1c \u0111\u1ec3 b\u1eaft \u0111\u1ea7u m\u1ed9t t\u01b0\u01a1ng lai t\u01b0\u01a1i s\u00e1ng v\u00e0 t\u1ed1t \u0111\u1eb9p h\u01a1n l\u00e0 \u01b0\u1edbc m\u01a1 h\u00e0ng \u0111\u1ea7u c\u1ee7a m\u1ecdi ng\u01b0\u1eddi. \u0110o\u00e0n t\u1ee5 gia \u0111\u00ecnh v\u1eabn l\u00e0 m\u1ed9t trong nh\u1eefng \u01b0u ti\u00ean c\u1ee7a h\u1ec7 th\u1ed1ng nh\u1eadp c\u01b0 Canada. <strong>Ch\u01b0\u01a1ng tr\u00ecnh \u0110\u1ec9nh C\u01b0 Di\u1ec7n \u0110o\u00e0n T\u1ee5 Gia \u0110\u00ecnh<\/strong> gi\u00fap cho c\u00e1c gia \u0111\u00ecnh \u0111o\u00e0n t\u1ee5 b\u1eb1ng c\u00e1ch cho ph\u00e9p th\u01b0\u1eddng tr\u00fa nh\u00e2n ho\u1eb7c c\u00f4ng d\u00e2n tr\u01b0\u1edfng th\u00e0nh b\u1ea3o l\u00e3nh ng\u01b0\u1eddi th\u00e2n nh\u1eadp c\u01b0 v\u00e0o Canada.<\/p>\n<p>\u0110\u1ec3 \u0111\u1ee7 \u0111i\u1ec1u ki\u1ec7n, ng\u01b0\u1eddi t\u00ecm ki\u1ebfm t\u00e0i tr\u1ee3 ph\u1ea3i l\u00e0:<\/p>\n<ul>\n<li>V\u1ee3 ch\u1ed3ng<\/li>\n<li>Nam\/N\u1eef s\u1ed1ng chung \u00edt nh\u1ea5t 1 n\u0103m, nh\u01b0ng kh\u00f4ng k\u1ebft h\u00f4n<\/li>\n<li>Nam\/N\u1eef s\u1ed1ng chung \u00edt nh\u1ea5t 1 n\u0103m, nh\u01b0ng kh\u00f4ng th\u1ec3 k\u1ebft h\u00f4n v\u00ec ng\u0103n c\u1ea3n b\u1edfi ph\u00e1p lu\u1eadt<\/li>\n<li>Con nu\u00f4i<\/li>\n<li>Con ru\u1ed9t<\/li>\n<li>Cha m\u1eb9<\/li>\n<li>\u00d4ng b\u00e0<\/li>\n<li>Th\u00e2n nh\u00e2n c\u1ee7a ng\u01b0\u1eddi n\u1ed9p \u0111\u01a1n<\/li>\n<\/ul>\t\t\t\t\t\t\t\t<\/div>\n\t\t\t\t<\/div>\n\t\t\t\t<div class=\"elementor-element elementor-element-dabe251 animated-slow elementor-hidden-desktop elementor-hidden-tablet elementor-invisible elementor-widget elementor-widget-text-editor\" data-id=\"dabe251\" data-element_type=\"widget\" data-e-type=\"widget\" data-settings=\"{&quot;_animation&quot;:&quot;fadeIn&quot;,&quot;_animation_delay&quot;:500}\" data-widget_type=\"text-editor.default\">\n\t\t\t\t<div class=\"elementor-widget-container\">\n\t\t\t\t\t\t\t\t\t<ul>\n<li>V\u1ee3\/ch\u1ed3ng, Common-law, ho\u1eb7c Conjugal \u0111\u1ed1i t\u00e1c<\/li>\n<li>Con ph\u1ee5 thu\u1ed9c<\/li>\n<li>Cha m\u1eb9<\/li>\n<li>\u00d4ng b\u00e0<\/li>\n<li>Ng\u01b0\u1eddi th\u00e2n c\u1ee7a nh\u00e0 t\u00e0i tr\u1ee3 <\/li>\n<\/ul>\n\t\t\t\t\t\t\t\t<\/div>\n\t\t\t\t<\/div>\n\t\t\t\t\t<\/div>\n\t\t<\/div>\n\t\t\t\t\t<\/div>\n\t\t<\/section>\n\t\t\t\t<section class=\"elementor-section elementor-top-section elementor-element elementor-element-3185208 elementor-section-boxed elementor-section-height-default elementor-section-height-default elementor-invisible\" data-id=\"3185208\" data-element_type=\"section\" data-e-type=\"section\" data-settings=\"{&quot;animation&quot;:&quot;fadeIn&quot;}\">\n\t\t\t\t\t\t<div class=\"elementor-container elementor-column-gap-default\">\n\t\t\t\t\t<div class=\"elementor-column elementor-col-100 elementor-top-column elementor-element elementor-element-2f5e059\" data-id=\"2f5e059\" data-element_type=\"column\" data-e-type=\"column\">\n\t\t\t<div class=\"elementor-widget-wrap elementor-element-populated\">\n\t\t\t\t\t\t<div class=\"elementor-element elementor-element-233fe81 elementor-invisible elementor-widget elementor-widget-text-editor\" data-id=\"233fe81\" data-element_type=\"widget\" data-e-type=\"widget\" data-settings=\"{&quot;_animation&quot;:&quot;fadeIn&quot;}\" data-widget_type=\"text-editor.default\">\n\t\t\t\t<div class=\"elementor-widget-container\">\n\t\t\t\t\t\t\t\t\t<p><strong>Ai c\u00f3 th\u1ec3 b\u1ea3o l\u00e3nh:<\/strong><\/p><ul><li>Ng\u01b0\u1eddi b\u1ea3o l\u00e3nh ph\u1ea3i l\u00e0 th\u01b0\u1eddng tr\u00fa nh\u00e2n tr\u01b0\u1edfng th\u00e0nh v\u00e0\/ho\u1eb7c c\u00f4ng d\u00e2n tr\u00ean 18 tu\u1ed5i.<\/li><li>Ng\u01b0\u1eddi b\u1ea3o tr\u1ee3 ph\u1ea3i c\u01b0 tr\u00fa t\u1ea1i Canada, tr\u1eeb khi h\u1ecd l\u00e0 c\u00f4ng d\u00e2n hi\u1ec7n \u0111ang s\u1ed1ng \u1edf n\u01b0\u1edbc ngo\u00e0i v\u00e0 d\u1ef1 \u0111\u1ecbnh c\u01b0 tr\u00fa t\u1ea1i Canada sau khi c\u00e1 nh\u00e2n \u0111\u01b0\u1ee3c b\u1ea3o tr\u1ee3 \u0111\u1ebfn.<\/li><\/ul>\t\t\t\t\t\t\t\t<\/div>\n\t\t\t\t<\/div>\n\t\t\t\t\t<\/div>\n\t\t<\/div>\n\t\t\t\t\t<\/div>\n\t\t<\/section>\n\t\t\t\t<\/div>\n\t\t","protected":false},"excerpt":{"rendered":"<p>\u0110\u1ecbnh C\u01b0 Di\u1ec7n B\u1ea3o L\u00e3nh Gia \u0110\u00ecnh \u0110o\u00e0n t\u1ee5 v\u1edbi v\u1ee3\/ch\u1ed3ng, con c\u00e1i v\u00e0 c\u00e1c th\u00e0nh vi\u00ean gia \u0111\u00ecnh th\u00e2n y\u00eau nh\u1ea5t c\u1ee7a b\u1ea1n \u1edf m\u1ed9t qu\u1ed1c gia kh\u00e1c \u0111\u1ec3 b\u1eaft \u0111\u1ea7u m\u1ed9t t\u01b0\u01a1ng lai t\u01b0\u01a1i s\u00e1ng v\u00e0 t\u1ed1t \u0111\u1eb9p h\u01a1n l\u00e0 \u01b0\u1edbc m\u01a1 h\u00e0ng \u0111\u1ea7u c\u1ee7a m\u1ecdi ng\u01b0\u1eddi. \u0110o\u00e0n t\u1ee5 gia \u0111\u00ecnh v\u1eabn l\u00e0 [&hellip;]<\/p>\n","protected":false},"author":9,"featured_media":0,"parent":0,"menu_order":0,"comment_status":"closed","ping_status":"closed","template":"","meta":{"footnotes":""},"class_list":["post-5514","page","type-page","status-publish","hentry"],"_links":{"self":[{"href":"https:\/\/nexusvisa.com\/vi\/wp-json\/wp\/v2\/pages\/5514","targetHints":{"allow":["GET"]}}],"collection":[{"href":"https:\/\/nexusvisa.com\/vi\/wp-json\/wp\/v2\/pages"}],"about":[{"href":"https:\/\/nexusvisa.com\/vi\/wp-json\/wp\/v2\/types\/page"}],"author":[{"embeddable":true,"href":"https:\/\/nexusvisa.com\/vi\/wp-json\/wp\/v2\/users\/9"}],"replies":[{"embeddable":true,"href":"https:\/\/nexusvisa.com\/vi\/wp-json\/wp\/v2\/comments?post=5514"}],"version-history":[{"count":36,"href":"https:\/\/nexusvisa.com\/vi\/wp-json\/wp\/v2\/pages\/5514\/revisions"}],"predecessor-version":[{"id":11931,"href":"https:\/\/nexusvisa.com\/vi\/wp-json\/wp\/v2\/pages\/5514\/revisions\/11931"}],"wp:attachment":[{"href":"https:\/\/nexusvisa.com\/vi\/wp-json\/wp\/v2\/media?parent=5514"}],"curies":[{"name":"wp","href":"https:\/\/api.w.org\/{rel}","templated":true}]}}