{"id":5495,"date":"2023-01-24T10:44:15","date_gmt":"2023-01-24T17:44:15","guid":{"rendered":"http:\/\/nexusvisa.com\/chuong-trinh-thi-thuc-khoi-nghiep\/"},"modified":"2023-03-29T16:45:27","modified_gmt":"2023-03-29T22:45:27","slug":"dinh-cu-dien-dau-tu","status":"publish","type":"page","link":"https:\/\/nexusvisa.com\/vi\/dinh-cu-dien-dau-tu\/","title":{"rendered":"\u0110\u1ecbnh C\u01b0 Di\u1ec7n \u0110\u1ea7u T\u01b0"},"content":{"rendered":"\t\t<div data-elementor-type=\"wp-page\" data-elementor-id=\"5495\" class=\"elementor elementor-5495 elementor-2262\">\n\t\t\t\t\t\t<section class=\"elementor-section elementor-top-section elementor-element elementor-element-40dd103 elementor-section-boxed elementor-section-height-default elementor-section-height-default\" data-id=\"40dd103\" data-element_type=\"section\" data-e-type=\"section\">\n\t\t\t\t\t\t<div class=\"elementor-container elementor-column-gap-default\">\n\t\t\t\t\t<div class=\"elementor-column elementor-col-100 elementor-top-column elementor-element elementor-element-0173554\" data-id=\"0173554\" data-element_type=\"column\" data-e-type=\"column\">\n\t\t\t<div class=\"elementor-widget-wrap elementor-element-populated\">\n\t\t\t\t\t\t<div class=\"elementor-element elementor-element-7f9b914 animated-slow elementor-invisible elementor-widget elementor-widget-heading\" data-id=\"7f9b914\" data-element_type=\"widget\" data-e-type=\"widget\" data-settings=\"{&quot;_animation&quot;:&quot;fadeIn&quot;}\" data-widget_type=\"heading.default\">\n\t\t\t\t<div class=\"elementor-widget-container\">\n\t\t\t\t\t<h1 class=\"elementor-heading-title elementor-size-default\">\u0110\u1ecbnh C\u01b0 Di\u1ec7n \u0110\u1ea7u T\u01b0 <\/h1>\t\t\t\t<\/div>\n\t\t\t\t<\/div>\n\t\t\t\t\t<\/div>\n\t\t<\/div>\n\t\t\t\t\t<\/div>\n\t\t<\/section>\n\t\t\t\t<section class=\"elementor-section elementor-top-section elementor-element elementor-element-d4f6e1c elementor-section-boxed elementor-section-height-default elementor-section-height-default\" data-id=\"d4f6e1c\" data-element_type=\"section\" data-e-type=\"section\">\n\t\t\t\t\t\t<div class=\"elementor-container elementor-column-gap-default\">\n\t\t\t\t\t<div class=\"elementor-column elementor-col-50 elementor-top-column elementor-element elementor-element-ac779e0\" data-id=\"ac779e0\" data-element_type=\"column\" data-e-type=\"column\">\n\t\t\t<div class=\"elementor-widget-wrap elementor-element-populated\">\n\t\t\t\t\t\t<div class=\"elementor-element elementor-element-907ca90 elementor-invisible elementor-widget elementor-widget-image\" data-id=\"907ca90\" data-element_type=\"widget\" data-e-type=\"widget\" data-settings=\"{&quot;_animation&quot;:&quot;fadeInLeft&quot;,&quot;_animation_delay&quot;:500}\" data-widget_type=\"image.default\">\n\t\t\t\t<div class=\"elementor-widget-container\">\n\t\t\t\t\t\t\t\t\t\t\t\t\t\t\t<img fetchpriority=\"high\" decoding=\"async\" width=\"768\" height=\"512\" src=\"https:\/\/nexusvisa.com\/wp-content\/uploads\/2023\/01\/creative-process-2021-09-24-04-00-47-utc-768x512.jpg\" class=\"attachment-medium_large size-medium_large wp-image-5170\" alt=\"\" srcset=\"https:\/\/nexusvisa.com\/wp-content\/uploads\/2023\/01\/creative-process-2021-09-24-04-00-47-utc-768x512.jpg 768w, https:\/\/nexusvisa.com\/wp-content\/uploads\/2023\/01\/creative-process-2021-09-24-04-00-47-utc-600x400.jpg 600w, https:\/\/nexusvisa.com\/wp-content\/uploads\/2023\/01\/creative-process-2021-09-24-04-00-47-utc-1024x683.jpg 1024w, https:\/\/nexusvisa.com\/wp-content\/uploads\/2023\/01\/creative-process-2021-09-24-04-00-47-utc.jpg 1200w\" sizes=\"(max-width: 768px) 100vw, 768px\" \/>\t\t\t\t\t\t\t\t\t\t\t\t\t\t\t<\/div>\n\t\t\t\t<\/div>\n\t\t\t\t\t<\/div>\n\t\t<\/div>\n\t\t\t\t<div class=\"elementor-column elementor-col-50 elementor-top-column elementor-element elementor-element-3d90528\" data-id=\"3d90528\" data-element_type=\"column\" data-e-type=\"column\">\n\t\t\t<div class=\"elementor-widget-wrap elementor-element-populated\">\n\t\t\t\t\t\t<div class=\"elementor-element elementor-element-79417ea animated-slow elementor-invisible elementor-widget elementor-widget-text-editor\" data-id=\"79417ea\" data-element_type=\"widget\" data-e-type=\"widget\" data-settings=\"{&quot;_animation&quot;:&quot;fadeIn&quot;,&quot;_animation_delay&quot;:500}\" data-widget_type=\"text-editor.default\">\n\t\t\t\t<div class=\"elementor-widget-container\">\n\t\t\t\t\t\t\t\t\t<p><strong>Ch\u01b0\u01a1ng tr\u00ecnh \u0110\u1ecbnh C\u01b0 Di\u1ec7n \u0110\u1ea7u T\u01b0 (SUV)<\/strong> Canada l\u00e0 con \u0111\u01b0\u1eddng duy nh\u1ea5t d\u00e0nh cho c\u00e1c doanh nh\u00e2n n\u01b0\u1edbc ngo\u00e0i c\u00f3 \u00fd t\u01b0\u1edfng kinh doanh s\u00e1ng t\u1ea1o v\u00e0 \u0111\u1ed5i m\u1edbi \u0111\u1ec3 c\u1ea1nh tranh tr\u00ean th\u1ecb tr\u01b0\u1eddng to\u00e0n c\u1ea7u. Ch\u01b0\u01a1ng tr\u00ecnh n\u00e0y cung c\u1ea5p cho nh\u1eefng doanh nh\u00e2n n\u00e0y n\u1ec1n t\u1ea3ng ho\u00e0n h\u1ea3o \u0111\u1ec3 kh\u1edfi \u0111\u1ed9ng doanh nghi\u1ec7p c\u1ee7a h\u1ecd v\u1edbi s\u1ef1 h\u1ed7 tr\u1ee3 m\u00e0 h\u1ecd c\u1ea7n \u1edf Canada. \u0110i\u1ec1u n\u00e0y gi\u00fap k\u00edch th\u00edch t\u0103ng tr\u01b0\u1edfng kinh t\u1ebf v\u00e0 t\u1ea1o vi\u1ec7c l\u00e0m cho c\u00f4ng d\u00e2n Canada v\u00e0 th\u01b0\u1eddng tr\u00fa nh\u00e2n hi\u1ec7n t\u1ea1i. Ch\u00ednh ph\u1ee7 Canada khuy\u1ebfn kh\u00edch c\u00e1c C\u00f4ng ty kh\u1edfi nghi\u1ec7p nh\u01b0 v\u1eady v\u00e0 cung c\u1ea5p cho h\u1ecd c\u00e1c ngu\u1ed3n l\u1ef1c c\u1ea7n thi\u1ebft \u0111\u1ec3 gi\u00fap h\u1ecd th\u00e0nh c\u00f4ng.<\/p><p>Nh\u1eefng ng\u01b0\u1eddi n\u1ed9p \u0111\u01a1n xin Th\u1ecb th\u1ef1c Kh\u1edfi nghi\u1ec7p ti\u1ec1m n\u0103ng th\u00e0nh c\u00f4ng theo ch\u01b0\u01a1ng tr\u00ecnh n\u00e0y c\u00f3 th\u1ec3 nh\u1eadn \u0111\u01b0\u1ee3c t\u01b0 c\u00e1ch th\u01b0\u1eddng tr\u00fa nh\u00e2n v\u00e0 ti\u1ebfp t\u1ee5c \u0111i\u1ec1u h\u00e0nh C\u00f4ng ty Kh\u1edfi nghi\u1ec7p c\u1ee7a h\u1ecd nh\u01b0 d\u1ef1 ki\u1ebfn.<\/p>\t\t\t\t\t\t\t\t<\/div>\n\t\t\t\t<\/div>\n\t\t\t\t\t<\/div>\n\t\t<\/div>\n\t\t\t\t\t<\/div>\n\t\t<\/section>\n\t\t\t\t<\/div>\n\t\t","protected":false},"excerpt":{"rendered":"<p>\u0110\u1ecbnh C\u01b0 Di\u1ec7n \u0110\u1ea7u T\u01b0 Ch\u01b0\u01a1ng tr\u00ecnh \u0110\u1ecbnh C\u01b0 Di\u1ec7n \u0110\u1ea7u T\u01b0 (SUV) Canada l\u00e0 con \u0111\u01b0\u1eddng duy nh\u1ea5t d\u00e0nh cho c\u00e1c doanh nh\u00e2n n\u01b0\u1edbc ngo\u00e0i c\u00f3 \u00fd t\u01b0\u1edfng kinh doanh s\u00e1ng t\u1ea1o v\u00e0 \u0111\u1ed5i m\u1edbi \u0111\u1ec3 c\u1ea1nh tranh tr\u00ean th\u1ecb tr\u01b0\u1eddng to\u00e0n c\u1ea7u. Ch\u01b0\u01a1ng tr\u00ecnh n\u00e0y cung c\u1ea5p cho nh\u1eefng doanh nh\u00e2n n\u00e0y n\u1ec1n [&hellip;]<\/p>\n","protected":false},"author":9,"featured_media":0,"parent":0,"menu_order":0,"comment_status":"closed","ping_status":"closed","template":"","meta":{"footnotes":""},"class_list":["post-5495","page","type-page","status-publish","hentry"],"_links":{"self":[{"href":"https:\/\/nexusvisa.com\/vi\/wp-json\/wp\/v2\/pages\/5495","targetHints":{"allow":["GET"]}}],"collection":[{"href":"https:\/\/nexusvisa.com\/vi\/wp-json\/wp\/v2\/pages"}],"about":[{"href":"https:\/\/nexusvisa.com\/vi\/wp-json\/wp\/v2\/types\/page"}],"author":[{"embeddable":true,"href":"https:\/\/nexusvisa.com\/vi\/wp-json\/wp\/v2\/users\/9"}],"replies":[{"embeddable":true,"href":"https:\/\/nexusvisa.com\/vi\/wp-json\/wp\/v2\/comments?post=5495"}],"version-history":[{"count":27,"href":"https:\/\/nexusvisa.com\/vi\/wp-json\/wp\/v2\/pages\/5495\/revisions"}],"predecessor-version":[{"id":11758,"href":"https:\/\/nexusvisa.com\/vi\/wp-json\/wp\/v2\/pages\/5495\/revisions\/11758"}],"wp:attachment":[{"href":"https:\/\/nexusvisa.com\/vi\/wp-json\/wp\/v2\/media?parent=5495"}],"curies":[{"name":"wp","href":"https:\/\/api.w.org\/{rel}","templated":true}]}}