{"id":5451,"date":"2023-01-18T17:21:01","date_gmt":"2023-01-19T00:21:01","guid":{"rendered":"http:\/\/nexusvisa.com\/ve-canada\/"},"modified":"2023-03-29T16:38:49","modified_gmt":"2023-03-29T22:38:49","slug":"ve-canada","status":"publish","type":"page","link":"https:\/\/nexusvisa.com\/vi\/ve-canada\/","title":{"rendered":"V\u1ec1 Canada"},"content":{"rendered":"\t\t<div data-elementor-type=\"wp-page\" data-elementor-id=\"5451\" class=\"elementor elementor-5451 elementor-1894\">\n\t\t\t\t\t\t<section class=\"elementor-section elementor-top-section elementor-element elementor-element-ac095ec elementor-section-boxed elementor-section-height-default elementor-section-height-default\" data-id=\"ac095ec\" data-element_type=\"section\" data-e-type=\"section\">\n\t\t\t\t\t\t<div class=\"elementor-container elementor-column-gap-default\">\n\t\t\t\t\t<div class=\"elementor-column elementor-col-100 elementor-top-column elementor-element elementor-element-9675495\" data-id=\"9675495\" data-element_type=\"column\" data-e-type=\"column\">\n\t\t\t<div class=\"elementor-widget-wrap elementor-element-populated\">\n\t\t\t\t\t\t<div class=\"elementor-element elementor-element-c3ff36e animated-slow elementor-invisible elementor-widget elementor-widget-heading\" data-id=\"c3ff36e\" data-element_type=\"widget\" data-e-type=\"widget\" data-settings=\"{&quot;_animation&quot;:&quot;fadeIn&quot;}\" data-widget_type=\"heading.default\">\n\t\t\t\t<div class=\"elementor-widget-container\">\n\t\t\t\t\t<h1 class=\"elementor-heading-title elementor-size-default\">V\u1ec1 Canada<\/h1>\t\t\t\t<\/div>\n\t\t\t\t<\/div>\n\t\t\t\t\t<\/div>\n\t\t<\/div>\n\t\t\t\t\t<\/div>\n\t\t<\/section>\n\t\t\t\t<section class=\"elementor-section elementor-top-section elementor-element elementor-element-a57f66e elementor-section-boxed elementor-section-height-default elementor-section-height-default\" data-id=\"a57f66e\" data-element_type=\"section\" data-e-type=\"section\">\n\t\t\t\t\t\t<div class=\"elementor-container elementor-column-gap-default\">\n\t\t\t\t\t<div class=\"elementor-column elementor-col-50 elementor-top-column elementor-element elementor-element-9c25f9e\" data-id=\"9c25f9e\" data-element_type=\"column\" data-e-type=\"column\">\n\t\t\t<div class=\"elementor-widget-wrap elementor-element-populated\">\n\t\t\t\t\t\t<div class=\"elementor-element elementor-element-73809c5 elementor-invisible elementor-widget elementor-widget-image\" data-id=\"73809c5\" data-element_type=\"widget\" data-e-type=\"widget\" data-settings=\"{&quot;_animation&quot;:&quot;fadeInLeft&quot;,&quot;_animation_delay&quot;:500}\" data-widget_type=\"image.default\">\n\t\t\t\t<div class=\"elementor-widget-container\">\n\t\t\t\t\t\t\t\t\t\t\t\t\t\t\t<img fetchpriority=\"high\" decoding=\"async\" width=\"800\" height=\"800\" src=\"https:\/\/nexusvisa.com\/wp-content\/uploads\/2023\/02\/canada_map.jpg\" class=\"attachment-large size-large wp-image-5290\" alt=\"\" srcset=\"https:\/\/nexusvisa.com\/wp-content\/uploads\/2023\/02\/canada_map.jpg 800w, https:\/\/nexusvisa.com\/wp-content\/uploads\/2023\/02\/canada_map-300x300.jpg 300w, https:\/\/nexusvisa.com\/wp-content\/uploads\/2023\/02\/canada_map-180x180.jpg 180w, https:\/\/nexusvisa.com\/wp-content\/uploads\/2023\/02\/canada_map-600x600.jpg 600w, https:\/\/nexusvisa.com\/wp-content\/uploads\/2023\/02\/canada_map-175x175.jpg 175w, https:\/\/nexusvisa.com\/wp-content\/uploads\/2023\/02\/canada_map-768x768.jpg 768w\" sizes=\"(max-width: 800px) 100vw, 800px\" \/>\t\t\t\t\t\t\t\t\t\t\t\t\t\t\t<\/div>\n\t\t\t\t<\/div>\n\t\t\t\t\t<\/div>\n\t\t<\/div>\n\t\t\t\t<div class=\"elementor-column elementor-col-50 elementor-top-column elementor-element elementor-element-cc929e1\" data-id=\"cc929e1\" data-element_type=\"column\" data-e-type=\"column\">\n\t\t\t<div class=\"elementor-widget-wrap elementor-element-populated\">\n\t\t\t\t\t\t<div class=\"elementor-element elementor-element-8252199 animated-slow elementor-invisible elementor-widget elementor-widget-heading\" data-id=\"8252199\" data-element_type=\"widget\" data-e-type=\"widget\" data-settings=\"{&quot;_animation&quot;:&quot;fadeIn&quot;,&quot;_animation_delay&quot;:500}\" data-widget_type=\"heading.default\">\n\t\t\t\t<div class=\"elementor-widget-container\">\n\t\t\t\t\t<h2 class=\"elementor-heading-title elementor-size-default\">Xin ch\u00e0o!\u200b<\/h2>\t\t\t\t<\/div>\n\t\t\t\t<\/div>\n\t\t\t\t<div class=\"elementor-element elementor-element-b3634bf animated-slow elementor-invisible elementor-widget elementor-widget-text-editor\" data-id=\"b3634bf\" data-element_type=\"widget\" data-e-type=\"widget\" data-settings=\"{&quot;_animation&quot;:&quot;fadeIn&quot;,&quot;_animation_delay&quot;:500}\" data-widget_type=\"text-editor.default\">\n\t\t\t\t<div class=\"elementor-widget-container\">\n\t\t\t\t\t\t\t\t\t<p>Canada l\u00e0 m\u1ed9t \u0111\u1ea5t n\u01b0\u1edbc xinh \u0111\u1eb9p v\u1edbi n\u1ec1n v\u0103n h\u00f3a \u0111a d\u1ea1ng v\u00e0 nh\u1eefng con ng\u01b0\u1eddi v\u00f4 c\u00f9ng l\u1ecbch s\u1ef1. \u0110\u00e2y l\u00e0 m\u1ed9t trong s\u1ed1 nh\u1eefng qu\u1ed1c gia c\u00f3 phong c\u1ea3nh \u0111\u1eb9p v\u00e0 ngo\u1ea1n m\u1ee5c nh\u1ea5t tr\u00ean th\u1ebf gi\u1edbi, c\u0169ng nh\u01b0 s\u1ef1 phong ph\u00fa c\u1ee7a \u0111\u1ed9ng v\u1eadt hoang d\u00e3 v\u00e0 xi-r\u00f4 phong n\u1ed5i ti\u1ebfng.<\/p><p>Canada \u0111\u00e3 ch\u00e0o \u0111\u00f3n nhi\u1ec1u th\u1ebf h\u1ec7 ng\u01b0\u1eddi m\u1edbi \u0111\u1ebfn \u0111\u1ec3 gi\u00fap x\u00e2y d\u1ef1ng m\u1ed9t x\u00e3 h\u1ed9i t\u1ef1 do, c\u00f4ng b\u1eb1ng v\u00e0 th\u1ecbnh v\u01b0\u1ee3ng trong 150 n\u0103m, nh\u1eefng ng\u01b0\u1eddi \u0111\u1ecbnh c\u01b0 v\u00e0 nh\u1eadp c\u01b0 \u0111\u00e3 \u0111\u00f3ng g\u00f3p v\u00e0o s\u1ef1 \u0111a d\u1ea1ng v\u00e0 phong ph\u00fa c\u1ee7a Canada, v\u1ed1n \u0111\u01b0\u1ee3c x\u00e2y d\u1ef1ng tr\u00ean m\u1ed9t l\u1ecbch s\u1eed \u0111\u00e1ng t\u1ef1 h\u00e0o v\u00e0 m\u1ed9t b\u1ea3n s\u1eafc m\u1ea1nh m\u1ebd.<\/p><p>Canada l\u00e0 qu\u1ed1c gia l\u1edbn th\u1ee9 hai tr\u00ean tr\u00e1i \u0111\u1ea5t v\u1edbi 10 tri\u1ec7u km2. N\u00f3 chi\u1ebfm ph\u1ea7n l\u1edbn ph\u00eda b\u1eafc c\u1ee7a B\u1eafc M\u1ef9. \u0110\u1ea5t n\u01b0\u1edbc n\u00e0y \u0111\u01b0\u1ee3c bao b\u1ecdc b\u1edfi B\u1eafc \u0110\u1ea1i T\u00e2y D\u01b0\u01a1ng \u1edf ph\u00eda \u0111\u00f4ng, B\u1eafc Th\u00e1i B\u00ecnh D\u01b0\u01a1ng \u1edf ph\u00eda t\u00e2y v\u00e0 B\u1eafc B\u0103ng D\u01b0\u01a1ng \u1edf ph\u00eda b\u1eafc.<\/p><p>N\u00f3 gi\u00e1p v\u1edbi Alaska (Hoa K\u1ef3) \u1edf ph\u00eda t\u00e2y, v\u00e0 m\u01b0\u1eddi hai ti\u1ec3u bang Hoa K\u1ef3 thu\u1ed9c ph\u1ea7n l\u1ee5c \u0111\u1ecba c\u1ee7a Hoa K\u1ef3 \u1edf ph\u00eda nam. Bi\u00ean gi\u1edbi c\u1ee7a n\u00f3 v\u1edbi n\u01b0\u1edbc l\u00e1ng gi\u1ec1ng ph\u00eda nam ch\u1ea1y ch\u1ee7 y\u1ebfu d\u1ecdc theo v\u0129 tuy\u1ebfn 45 (ph\u00eda b\u1eafc). \u0110\u00e2y l\u00e0 bi\u00ean gi\u1edbi qu\u1ed1c t\u1ebf d\u00e0i nh\u1ea5t th\u1ebf gi\u1edbi gi\u1eefa hai qu\u1ed1c gia.<\/p><p>Canada c\u00f3 chung bi\u00ean gi\u1edbi tr\u00ean bi\u1ec3n v\u1edbi Greenland (m\u1ed9t l\u00e3nh th\u1ed5 t\u1ef1 tr\u1ecb c\u1ee7a \u0110an M\u1ea1ch) v\u00e0 Saint Pierre v\u00e0 Miquelon, m\u1ed9t l\u00e3nh th\u1ed5 \u0111\u1ea3o nh\u1ecf thu\u1ed9c Ph\u00e1p.<\/p>\t\t\t\t\t\t\t\t<\/div>\n\t\t\t\t<\/div>\n\t\t\t\t\t<\/div>\n\t\t<\/div>\n\t\t\t\t\t<\/div>\n\t\t<\/section>\n\t\t\t\t<section class=\"elementor-section elementor-top-section elementor-element elementor-element-d59cf96 elementor-section-boxed elementor-section-height-default elementor-section-height-default\" data-id=\"d59cf96\" data-element_type=\"section\" data-e-type=\"section\">\n\t\t\t\t\t\t<div class=\"elementor-container elementor-column-gap-default\">\n\t\t\t\t\t<div class=\"elementor-column elementor-col-50 elementor-top-column elementor-element elementor-element-b8b9461\" data-id=\"b8b9461\" data-element_type=\"column\" data-e-type=\"column\">\n\t\t\t<div class=\"elementor-widget-wrap elementor-element-populated\">\n\t\t\t\t\t\t<div class=\"elementor-element elementor-element-f2eead0 animated-slow elementor-invisible elementor-widget elementor-widget-image\" data-id=\"f2eead0\" data-element_type=\"widget\" data-e-type=\"widget\" data-settings=\"{&quot;_animation&quot;:&quot;fadeIn&quot;,&quot;_animation_delay&quot;:500}\" data-widget_type=\"image.default\">\n\t\t\t\t<div class=\"elementor-widget-container\">\n\t\t\t\t\t\t\t\t\t\t\t\t\t\t\t<img decoding=\"async\" width=\"768\" height=\"994\" data-src=\"https:\/\/nexusvisa.com\/wp-content\/uploads\/2023\/01\/emerald-lake-in-autumn-at-the-yoho-national-park-a-2022-08-24-08-02-14-utc-768x994.jpg\" class=\"attachment-medium_large size-medium_large wp-image-4915 lazyload\" alt=\"\" data-srcset=\"https:\/\/nexusvisa.com\/wp-content\/uploads\/2023\/01\/emerald-lake-in-autumn-at-the-yoho-national-park-a-2022-08-24-08-02-14-utc-768x994.jpg 768w, https:\/\/nexusvisa.com\/wp-content\/uploads\/2023\/01\/emerald-lake-in-autumn-at-the-yoho-national-park-a-2022-08-24-08-02-14-utc-600x776.jpg 600w, https:\/\/nexusvisa.com\/wp-content\/uploads\/2023\/01\/emerald-lake-in-autumn-at-the-yoho-national-park-a-2022-08-24-08-02-14-utc-791x1024.jpg 791w, https:\/\/nexusvisa.com\/wp-content\/uploads\/2023\/01\/emerald-lake-in-autumn-at-the-yoho-national-park-a-2022-08-24-08-02-14-utc.jpg 1391w\" data-sizes=\"(max-width: 768px) 100vw, 768px\" src=\"data:image\/svg+xml;base64,PHN2ZyB3aWR0aD0iMSIgaGVpZ2h0PSIxIiB4bWxucz0iaHR0cDovL3d3dy53My5vcmcvMjAwMC9zdmciPjwvc3ZnPg==\" style=\"--smush-placeholder-width: 768px; --smush-placeholder-aspect-ratio: 768\/994;\" \/>\t\t\t\t\t\t\t\t\t\t\t\t\t\t\t<\/div>\n\t\t\t\t<\/div>\n\t\t\t\t\t<\/div>\n\t\t<\/div>\n\t\t\t\t<div class=\"elementor-column elementor-col-50 elementor-top-column elementor-element elementor-element-3432f1d\" data-id=\"3432f1d\" data-element_type=\"column\" data-e-type=\"column\">\n\t\t\t<div class=\"elementor-widget-wrap elementor-element-populated\">\n\t\t\t\t\t\t<div class=\"elementor-element elementor-element-416481b animated-slow elementor-invisible elementor-widget elementor-widget-text-editor\" data-id=\"416481b\" data-element_type=\"widget\" data-e-type=\"widget\" data-settings=\"{&quot;_animation&quot;:&quot;fadeIn&quot;,&quot;_animation_delay&quot;:500}\" data-widget_type=\"text-editor.default\">\n\t\t\t\t<div class=\"elementor-widget-container\">\n\t\t\t\t\t\t\t\t\t<div id=\"bgLayers_comp-lcicgnmw6\" class=\"MW5IWV\" data-hook=\"bgLayers\"><p><strong>C\u00e1c t\u1ec9nh v\u00e0 v\u00f9ng l\u00e3nh th\u1ed5<\/strong><\/p><p>Canada c\u00f3 m\u01b0\u1eddi t\u1ec9nh v\u00e0 ba v\u00f9ng l\u00e3nh th\u1ed5, m\u1ed7i v\u00f9ng c\u00f3 m\u1ed9t th\u00e0nh ph\u1ed1 th\u1ee7 ph\u1ee7 c\u1ee7a t\u1ec9nh\/l\u00e3nh th\u1ed5:<\/p><ul><li>Alberta<\/li><li>British Columbia<\/li><li>Manitoba<\/li><li>New Brunswick<\/li><li>Newfoundland v\u00e0 Labrador<\/li><li>V\u00f9ng l\u00e3nh th\u1ed5 T\u00e2y B\u1eafc<\/li><li>Nova Scotia<\/li><li>Nunavut<\/li><li>Ontario<\/li><li>\u0110\u1ea3o Ho\u00e0ng t\u1eed Edward<\/li><li>Qu\u00e9bec<\/li><li>Saskatchewan<\/li><li>Yukon<\/li><\/ul><p><strong>C\u00e1c v\u00f9ng c\u1ee7a Canada<\/strong><\/p><p>Canada bao g\u1ed3m nhi\u1ec1u khu v\u1ef1c \u0111\u1ecba l\u00fd kh\u00e1c nhau v\u00e0 n\u0103m khu v\u1ef1c ri\u00eang bi\u1ec7t:<\/p><ul><li>C\u00e1c T\u1ec9nh \u0110\u1ea1i T\u00e2y D\u01b0\u01a1ng<\/li><li>Mi\u1ec1n Trung Canada<\/li><li>C\u00e1c T\u1ec9nh \u0110\u1ed3ng B\u1eb1ng<\/li><li>B\u1ed3 T\u00e2y Canada<\/li><li>C\u00e1c L\u00e3nh Th\u1ed5 Ph\u00eda B\u1eafc<\/li><\/ul><\/div>\t\t\t\t\t\t\t\t<\/div>\n\t\t\t\t<\/div>\n\t\t\t\t\t<\/div>\n\t\t<\/div>\n\t\t\t\t\t<\/div>\n\t\t<\/section>\n\t\t\t\t<section class=\"elementor-section elementor-top-section elementor-element elementor-element-8542a2d elementor-section-boxed elementor-section-height-default elementor-section-height-default\" data-id=\"8542a2d\" data-element_type=\"section\" data-e-type=\"section\">\n\t\t\t\t\t\t<div class=\"elementor-container elementor-column-gap-default\">\n\t\t\t\t\t<div class=\"elementor-column elementor-col-100 elementor-top-column elementor-element elementor-element-57c4923\" data-id=\"57c4923\" data-element_type=\"column\" data-e-type=\"column\">\n\t\t\t<div class=\"elementor-widget-wrap elementor-element-populated\">\n\t\t\t\t\t\t<div class=\"elementor-element elementor-element-9bd7f66 elementor-invisible elementor-widget elementor-widget-text-editor\" data-id=\"9bd7f66\" data-element_type=\"widget\" data-e-type=\"widget\" data-settings=\"{&quot;_animation&quot;:&quot;fadeIn&quot;}\" data-widget_type=\"text-editor.default\">\n\t\t\t\t<div class=\"elementor-widget-container\">\n\t\t\t\t\t\t\t\t\t<p>\u0110\u01b0\u1ee3c bi\u1ebft \u0111\u1ebfn l\u00e0 &#8216;x\u00e3 h\u1ed9i c\u00f4ng b\u1eb1ng&#8217;, n\u1ec1n v\u0103n h\u00f3a c\u1ee7a Canada \u0111\u01b0\u1ee3c c\u1ee7ng c\u1ed1 b\u1edfi l\u00f2ng khoan dung, s\u1ef1 t\u00f4n tr\u1ecdng v\u00e0 \u0111\u1ecbnh h\u01b0\u1edbng c\u1ed9ng \u0111\u1ed3ng. Ng\u01b0\u1eddi Canada n\u00f3i chung l\u00e0 theo ch\u1ee7 ngh\u0129a c\u00e1 nh\u00e2n, nh\u01b0ng h\u1ecd c\u0169ng nh\u1ea5n m\u1ea1nh v\u00e0 \u0111\u00e1nh gi\u00e1 cao s\u1ef1 \u0111\u00f3ng g\u00f3p c\u1ee7a m\u1ecdi ng\u01b0\u1eddi cho c\u1ed9ng \u0111\u1ed3ng c\u1ee7a h\u1ecd. Nhi\u1ec1u ng\u01b0\u1eddi coi h\u1ee3p t\u00e1c \u0111a v\u0103n h\u00f3a l\u00e0 m\u1ed9t truy\u1ec1n th\u1ed1ng v\u00e0 \u0111\u1ee9c t\u00ednh \u0111i\u1ec3n h\u00ecnh c\u1ee7a Canada.<\/p>\n\t\t\t\t\t\t\t\t<\/div>\n\t\t\t\t<\/div>\n\t\t\t\t\t<\/div>\n\t\t<\/div>\n\t\t\t\t\t<\/div>\n\t\t<\/section>\n\t\t\t\t<\/div>\n\t\t","protected":false},"excerpt":{"rendered":"<p>V\u1ec1 Canada Xin ch\u00e0o!\u200b Canada l\u00e0 m\u1ed9t \u0111\u1ea5t n\u01b0\u1edbc xinh \u0111\u1eb9p v\u1edbi n\u1ec1n v\u0103n h\u00f3a \u0111a d\u1ea1ng v\u00e0 nh\u1eefng con ng\u01b0\u1eddi v\u00f4 c\u00f9ng l\u1ecbch s\u1ef1. \u0110\u00e2y l\u00e0 m\u1ed9t trong s\u1ed1 nh\u1eefng qu\u1ed1c gia c\u00f3 phong c\u1ea3nh \u0111\u1eb9p v\u00e0 ngo\u1ea1n m\u1ee5c nh\u1ea5t tr\u00ean th\u1ebf gi\u1edbi, c\u0169ng nh\u01b0 s\u1ef1 phong ph\u00fa c\u1ee7a \u0111\u1ed9ng v\u1eadt hoang d\u00e3 v\u00e0 [&hellip;]<\/p>\n","protected":false},"author":9,"featured_media":0,"parent":0,"menu_order":0,"comment_status":"closed","ping_status":"closed","template":"","meta":{"footnotes":""},"class_list":["post-5451","page","type-page","status-publish","hentry"],"_links":{"self":[{"href":"https:\/\/nexusvisa.com\/vi\/wp-json\/wp\/v2\/pages\/5451","targetHints":{"allow":["GET"]}}],"collection":[{"href":"https:\/\/nexusvisa.com\/vi\/wp-json\/wp\/v2\/pages"}],"about":[{"href":"https:\/\/nexusvisa.com\/vi\/wp-json\/wp\/v2\/types\/page"}],"author":[{"embeddable":true,"href":"https:\/\/nexusvisa.com\/vi\/wp-json\/wp\/v2\/users\/9"}],"replies":[{"embeddable":true,"href":"https:\/\/nexusvisa.com\/vi\/wp-json\/wp\/v2\/comments?post=5451"}],"version-history":[{"count":22,"href":"https:\/\/nexusvisa.com\/vi\/wp-json\/wp\/v2\/pages\/5451\/revisions"}],"predecessor-version":[{"id":11718,"href":"https:\/\/nexusvisa.com\/vi\/wp-json\/wp\/v2\/pages\/5451\/revisions\/11718"}],"wp:attachment":[{"href":"https:\/\/nexusvisa.com\/vi\/wp-json\/wp\/v2\/media?parent=5451"}],"curies":[{"name":"wp","href":"https:\/\/api.w.org\/{rel}","templated":true}]}}