{"id":5426,"date":"2023-01-20T11:16:21","date_gmt":"2023-01-20T18:16:21","guid":{"rendered":"http:\/\/nexusvisa.com\/nguoi-tim-viec\/"},"modified":"2023-03-29T16:56:49","modified_gmt":"2023-03-29T22:56:49","slug":"nguoi-tim-viec","status":"publish","type":"page","link":"https:\/\/nexusvisa.com\/vi\/nguoi-tim-viec\/","title":{"rendered":"Ng\u01b0\u1eddi T\u00ecm Vi\u1ec7c"},"content":{"rendered":"\t\t<div data-elementor-type=\"wp-page\" data-elementor-id=\"5426\" class=\"elementor elementor-5426 elementor-2044\">\n\t\t\t\t\t\t<section class=\"elementor-section elementor-top-section elementor-element elementor-element-d53a195 elementor-section-boxed elementor-section-height-default elementor-section-height-default\" data-id=\"d53a195\" data-element_type=\"section\" data-e-type=\"section\">\n\t\t\t\t\t\t<div class=\"elementor-container elementor-column-gap-default\">\n\t\t\t\t\t<div class=\"elementor-column elementor-col-100 elementor-top-column elementor-element elementor-element-44a41be\" data-id=\"44a41be\" data-element_type=\"column\" data-e-type=\"column\">\n\t\t\t<div class=\"elementor-widget-wrap elementor-element-populated\">\n\t\t\t\t\t\t<div class=\"elementor-element elementor-element-6ab0f2e animated-slow elementor-invisible elementor-widget elementor-widget-heading\" data-id=\"6ab0f2e\" data-element_type=\"widget\" data-e-type=\"widget\" data-settings=\"{&quot;_animation&quot;:&quot;fadeIn&quot;}\" data-widget_type=\"heading.default\">\n\t\t\t\t<div class=\"elementor-widget-container\">\n\t\t\t\t\t<h1 class=\"elementor-heading-title elementor-size-default\">Ng\u01b0\u1eddi T\u00ecm Vi\u1ec7c<\/h1>\t\t\t\t<\/div>\n\t\t\t\t<\/div>\n\t\t\t\t\t<\/div>\n\t\t<\/div>\n\t\t\t\t\t<\/div>\n\t\t<\/section>\n\t\t\t\t<section class=\"elementor-section elementor-top-section elementor-element elementor-element-84e6e52 elementor-section-boxed elementor-section-height-default elementor-section-height-default\" data-id=\"84e6e52\" data-element_type=\"section\" data-e-type=\"section\">\n\t\t\t\t\t\t<div class=\"elementor-container elementor-column-gap-default\">\n\t\t\t\t\t<div class=\"elementor-column elementor-col-50 elementor-top-column elementor-element elementor-element-ca703e5\" data-id=\"ca703e5\" data-element_type=\"column\" data-e-type=\"column\">\n\t\t\t<div class=\"elementor-widget-wrap elementor-element-populated\">\n\t\t\t\t\t\t<div class=\"elementor-element elementor-element-ffca195 elementor-invisible elementor-widget elementor-widget-image\" data-id=\"ffca195\" data-element_type=\"widget\" data-e-type=\"widget\" data-settings=\"{&quot;_animation&quot;:&quot;fadeInLeft&quot;,&quot;_animation_delay&quot;:500}\" data-widget_type=\"image.default\">\n\t\t\t\t<div class=\"elementor-widget-container\">\n\t\t\t\t\t\t\t\t\t\t\t\t\t\t\t<img fetchpriority=\"high\" decoding=\"async\" width=\"560\" height=\"420\" src=\"https:\/\/nexusvisa.com\/wp-content\/uploads\/2023\/01\/recruitment-agency-employee-standing-in-front-of-e-2022-11-17-13-32-51-utc-560x420.jpg\" class=\"attachment-post-thumbnail size-post-thumbnail wp-image-4980\" alt=\"\" \/>\t\t\t\t\t\t\t\t\t\t\t\t\t\t\t<\/div>\n\t\t\t\t<\/div>\n\t\t\t\t\t<\/div>\n\t\t<\/div>\n\t\t\t\t<div class=\"elementor-column elementor-col-50 elementor-top-column elementor-element elementor-element-b0d3d13\" data-id=\"b0d3d13\" data-element_type=\"column\" data-e-type=\"column\">\n\t\t\t<div class=\"elementor-widget-wrap elementor-element-populated\">\n\t\t\t\t\t\t<div class=\"elementor-element elementor-element-e572f95 animated-slow elementor-invisible elementor-widget elementor-widget-text-editor\" data-id=\"e572f95\" data-element_type=\"widget\" data-e-type=\"widget\" data-settings=\"{&quot;_animation&quot;:&quot;fadeIn&quot;,&quot;_animation_delay&quot;:500}\" data-widget_type=\"text-editor.default\">\n\t\t\t\t<div class=\"elementor-widget-container\">\n\t\t\t\t\t\t\t\t\t<p><strong>Nexus c\u00f3 th\u1ec3 l\u00e0m g\u00ec cho Ng\u01b0\u1eddi lao \u0111\u1ed9ng n\u01b0\u1edbc ngo\u00e0i:<\/strong><\/p><div id=\"comp-lcqgx5r4\" class=\"KcpHeO tz5f0K comp-lcqgx5r4\" data-testid=\"richTextElement\"><ul><li class=\"font_8\">Cung c\u1ea5p nh\u1eefng th\u00f4ng tin li\u00ean quan v\u1ec1 c\u00f4ng vi\u1ec7c chuy\u00ean nghi\u1ec7p v\u00e0 b\u00e1n l\u00e0nh ngh\u1ec1 v\u1ed1i c\u00e1c nh\u00e0 tuy\u1ec3n d\u1ee5ng \u1edf Canada<\/li><li class=\"font_8\">Gi\u00fap \u0111\u1ea3m b\u1ea3o \u0111\u1ed1i x\u1eed c\u00f4ng b\u1eb1ng n\u01a1i l\u00e0m vi\u1ec7c \u0111\u1ed1i v\u1edbi t\u1ea5t c\u1ea3 ng\u01b0\u1eddi lao \u0111\u1ed9ng tai Canada v\u00e0 ph\u1ea3n \u00e1nh c\u00e1c \u0111i\u1ec1u kho\u1ea3n v\u00e0 \u0111i\u1ec1u ki\u1ec7n \u0111\u01b0\u1ee3c quy \u0111\u1ecbnh trong h\u1ee3p \u0111\u1ed3ng lao \u0111\u1ed9ng.<\/li><li class=\"font_8\">\u0110\u1ea3m b\u1ea3o t\u1ea5t c\u1ea3 kinh nghi\u1ec7m l\u00e0m vi\u1ec7c t\u1ea1i Canada c\u00f3 gi\u00e1 tr\u1ecb tr\u01b0\u1edbc khi \u0111i\u1ec1n v\u00e0o v\u00e0 n\u1ed9p b\u1ea5t k\u1ef3 \u0111\u01a1n xin tr\u1edf th\u00e0nh th\u01b0\u1eddng tr\u00fa n\u00e0o cho B\u1ed9 Qu\u1ed1c t\u1ecbch v\u00e0 Nh\u1eadp c\u01b0 Canada.<\/li><li class=\"font_8\">G\u00f3p ph\u1ea7n \u0111\u00f3ng g\u00f3p \u0111\u1ec3 \u0111\u1ea1t \u0111\u01b0\u1ee3c c\u00e1c m\u1ee5c ti\u00eau tr\u1edf th\u00e0nh m\u1ed9t th\u00e0nh vi\u00ean \u0111\u00f3ng g\u00f3p cho x\u00e3 h\u1ed9i v\u00e0 v\u0103n h\u00f3a c\u1ee7a Canada.<\/li><li class=\"font_8\">Gi\u00fap chuy\u1ec3n \u0111\u1ed5i v\u00e0 h\u00f2a nh\u1eadp v\u00e0o x\u00e3 h\u1ed9i v\u00e0 l\u1ed1i s\u1ed1ng c\u1ee7a Canada.<\/li><\/ul><\/div>\t\t\t\t\t\t\t\t<\/div>\n\t\t\t\t<\/div>\n\t\t\t\t\t<\/div>\n\t\t<\/div>\n\t\t\t\t\t<\/div>\n\t\t<\/section>\n\t\t\t\t<\/div>\n\t\t","protected":false},"excerpt":{"rendered":"<p>Ng\u01b0\u1eddi T\u00ecm Vi\u1ec7c Nexus c\u00f3 th\u1ec3 l\u00e0m g\u00ec cho Ng\u01b0\u1eddi lao \u0111\u1ed9ng n\u01b0\u1edbc ngo\u00e0i: Cung c\u1ea5p nh\u1eefng th\u00f4ng tin li\u00ean quan v\u1ec1 c\u00f4ng vi\u1ec7c chuy\u00ean nghi\u1ec7p v\u00e0 b\u00e1n l\u00e0nh ngh\u1ec1 v\u1ed1i c\u00e1c nh\u00e0 tuy\u1ec3n d\u1ee5ng \u1edf Canada Gi\u00fap \u0111\u1ea3m b\u1ea3o \u0111\u1ed1i x\u1eed c\u00f4ng b\u1eb1ng n\u01a1i l\u00e0m vi\u1ec7c \u0111\u1ed1i v\u1edbi t\u1ea5t c\u1ea3 ng\u01b0\u1eddi lao \u0111\u1ed9ng tai [&hellip;]<\/p>\n","protected":false},"author":9,"featured_media":0,"parent":0,"menu_order":0,"comment_status":"closed","ping_status":"closed","template":"","meta":{"footnotes":""},"class_list":["post-5426","page","type-page","status-publish","hentry"],"_links":{"self":[{"href":"https:\/\/nexusvisa.com\/vi\/wp-json\/wp\/v2\/pages\/5426","targetHints":{"allow":["GET"]}}],"collection":[{"href":"https:\/\/nexusvisa.com\/vi\/wp-json\/wp\/v2\/pages"}],"about":[{"href":"https:\/\/nexusvisa.com\/vi\/wp-json\/wp\/v2\/types\/page"}],"author":[{"embeddable":true,"href":"https:\/\/nexusvisa.com\/vi\/wp-json\/wp\/v2\/users\/9"}],"replies":[{"embeddable":true,"href":"https:\/\/nexusvisa.com\/vi\/wp-json\/wp\/v2\/comments?post=5426"}],"version-history":[{"count":20,"href":"https:\/\/nexusvisa.com\/vi\/wp-json\/wp\/v2\/pages\/5426\/revisions"}],"predecessor-version":[{"id":11812,"href":"https:\/\/nexusvisa.com\/vi\/wp-json\/wp\/v2\/pages\/5426\/revisions\/11812"}],"wp:attachment":[{"href":"https:\/\/nexusvisa.com\/vi\/wp-json\/wp\/v2\/media?parent=5426"}],"curies":[{"name":"wp","href":"https:\/\/api.w.org\/{rel}","templated":true}]}}