{"id":5800,"date":"2023-01-31T14:58:07","date_gmt":"2023-01-31T21:58:07","guid":{"rendered":"http:\/\/nexusvisa.com\/politica-de-privacidad\/"},"modified":"2023-03-29T15:43:48","modified_gmt":"2023-03-29T21:43:48","slug":"politica-de-privacidad","status":"publish","type":"page","link":"https:\/\/nexusvisa.com\/es\/politica-de-privacidad\/","title":{"rendered":"Pol\u00edtica De Privacidad"},"content":{"rendered":"\t\t<div data-elementor-type=\"wp-page\" data-elementor-id=\"5800\" class=\"elementor elementor-5800 elementor-2759\">\n\t\t\t\t\t\t<section class=\"elementor-section elementor-top-section elementor-element elementor-element-257fd0b elementor-section-boxed elementor-section-height-default elementor-section-height-default\" data-id=\"257fd0b\" data-element_type=\"section\" data-e-type=\"section\">\n\t\t\t\t\t\t<div class=\"elementor-container elementor-column-gap-default\">\n\t\t\t\t\t<div class=\"elementor-column elementor-col-100 elementor-top-column elementor-element elementor-element-8e9182c\" data-id=\"8e9182c\" data-element_type=\"column\" data-e-type=\"column\">\n\t\t\t<div class=\"elementor-widget-wrap elementor-element-populated\">\n\t\t\t\t\t\t<div class=\"elementor-element elementor-element-7164df8 animated-slow elementor-invisible elementor-widget elementor-widget-heading\" data-id=\"7164df8\" data-element_type=\"widget\" data-e-type=\"widget\" data-settings=\"{&quot;_animation&quot;:&quot;fadeIn&quot;}\" data-widget_type=\"heading.default\">\n\t\t\t\t<div class=\"elementor-widget-container\">\n\t\t\t\t\t<h1 class=\"elementor-heading-title elementor-size-default\">Pol\u00edtica De Privacidad<\/h1>\t\t\t\t<\/div>\n\t\t\t\t<\/div>\n\t\t\t\t\t<\/div>\n\t\t<\/div>\n\t\t\t\t\t<\/div>\n\t\t<\/section>\n\t\t\t\t<section class=\"elementor-section elementor-top-section elementor-element elementor-element-628e426 animated-slow elementor-section-boxed elementor-section-height-default elementor-section-height-default elementor-invisible\" data-id=\"628e426\" data-element_type=\"section\" data-e-type=\"section\" data-settings=\"{&quot;animation&quot;:&quot;fadeIn&quot;,&quot;animation_delay&quot;:300}\">\n\t\t\t\t\t\t<div class=\"elementor-container elementor-column-gap-default\">\n\t\t\t\t\t<div class=\"elementor-column elementor-col-100 elementor-top-column elementor-element elementor-element-ecf1a2a\" data-id=\"ecf1a2a\" data-element_type=\"column\" data-e-type=\"column\">\n\t\t\t<div class=\"elementor-widget-wrap elementor-element-populated\">\n\t\t\t\t\t\t<div class=\"elementor-element elementor-element-d70338b elementor-widget elementor-widget-text-editor\" data-id=\"d70338b\" data-element_type=\"widget\" data-e-type=\"widget\" data-widget_type=\"text-editor.default\">\n\t\t\t\t<div class=\"elementor-widget-container\">\n\t\t\t\t\t\t\t\t\t<p>\n            <strong>Declaraci\u00f3n de privacidad de la informaci\u00f3n personal<\/strong>\n          <\/p>\n<p>Nexus Immigration &amp; Recruitment se compromete a proteger toda la informaci\u00f3n personal proporcionada por nuestros clientes. Trabajaremos para garantizar que toda la informaci\u00f3n personal y los materiales de nuestros clientes sean gestionados de manera efectiva de acuerdo con la Ley de Protecci\u00f3n de la Informaci\u00f3n Personal de Alberta y otras leyes relevantes y aplicables.<\/p>\n<p>Esta pol\u00edtica se aplica a cualquier persona que preste servicios en nuestro nombre.<\/p>\n<\/p>\n<p>\n            <strong>Informaci\u00f3n personal<\/strong>\n          <\/p>\n<p>La informaci\u00f3n personal significa informaci\u00f3n sobre una persona identificable. Esto incluye el nombre, la direcci\u00f3n y el n\u00famero de tel\u00e9fono de una persona, la edad, el sexo, el estado civil o familiar, un n\u00famero de identificaci\u00f3n, informaci\u00f3n financiera, historial educativo, etc.<\/p>\n<p>No recopilamos informaci\u00f3n de personas que visitan nuestro sitio web. Solo recopilamos informaci\u00f3n directamente de nuestros clientes. Tambi\u00e9n podemos recopilar informaci\u00f3n de otras personas con el consentimiento proporcionado por el cliente principal o seg\u00fan lo autorizado por la ley.<\/p>\n<p>Los clientes ser\u00e1n informados por completo antes o en el momento en que se obtiene la informaci\u00f3n y del prop\u00f3sito para el cual se utilizar\u00e1 la informaci\u00f3n. No recopilaremos ning\u00fan tipo de informaci\u00f3n personal o privilegiada sin el consentimiento o conocimiento de nuestros clientes.<\/p>\n<p>NO revendemos, distribuimos ni compartimos sus datos personales con terceros.<\/p>\n<\/p>\n<p>\n            <strong>Consentimiento<\/strong>\n          <\/p>\n<p>Nexus Immigration &amp; Recruitment siempre pedir\u00e1 consentimiento para recopilar, usar o divulgar la informaci\u00f3n personal y los materiales del cliente, excepto en circunstancias espec\u00edficas en las que la recopilaci\u00f3n, uso o divulgaci\u00f3n sin consentimiento est\u00e9 autorizada o requerida por la ley. Podemos suponer su consentimiento en los casos en que usted proporciona informaci\u00f3n voluntariamente para un prop\u00f3sito obvio.<\/p>\n<p>En los casos en que recopilamos informaci\u00f3n personal antes del 1 de enero de 2004, suponemos su consentimiento para nuestro uso y, cuando corresponda, divulgaci\u00f3n para el prop\u00f3sito para el cual se recopil\u00f3 la informaci\u00f3n.<\/p>\n<p>Pediremos su consentimiento expreso para algunos prop\u00f3sitos y es posible que no podamos proporcionar ciertos servicios si no est\u00e1 dispuesto a otorgar su consentimiento para la recopilaci\u00f3n, uso o divulgaci\u00f3n de cierta informaci\u00f3n personal y materiales. Cuando se requiera el consentimiento expreso, normalmente pediremos a los clientes que proporcionen su consentimiento verbalmente (en persona, por tel\u00e9fono), por escrito (firmando un formulario de consentimiento, marcando una casilla en un formulario) o electr\u00f3nicamente (haciendo clic en un bot\u00f3n).<\/p>\n<p>En casos que no involucren informaci\u00f3n o materiales personales sensibles, podemos confiar en el consentimiento &#8220;opt-out&#8221;. Por ejemplo, podemos divulgar su informaci\u00f3n de contacto a otras organizaciones que consideramos puedan ser de inter\u00e9s o beneficio para su situaci\u00f3n, a menos que solicite que no divulguemos su informaci\u00f3n.<\/p>\n<p>Un cliente puede retirar su consentimiento para el uso y divulgaci\u00f3n de informaci\u00f3n y materiales personales en cualquier momento, a menos que la informaci\u00f3n personal sea necesaria para que cumplamos con nuestras obligaciones y servicios profesionales o legales. Nos esforzaremos por respetar y apoyar su decisi\u00f3n, pero es posible que no podamos brindarle ciertos servicios si no tenemos la informaci\u00f3n personal necesaria.<\/p>\n<p>Podemos recopilar, utilizar o divulgar informaci\u00f3n personal del cliente sin su consentimiento solo cuando est\u00e9 autorizado por la ley. Por ejemplo, no podemos solicitar el consentimiento cuando la recopilaci\u00f3n, uso o divulgaci\u00f3n sea razonable para una investigaci\u00f3n o proceso legal, para cobrar una deuda que nos adeuda a nuestra organizaci\u00f3n, en una emergencia que amenaza la vida, salud o seguridad, o cuando la informaci\u00f3n personal es de un directorio telef\u00f3nico p\u00fablico.<\/p>\n<p>Utilizaremos y divulgaremos la informaci\u00f3n y materiales personales de un cliente solo para los fines para los cuales se recopil\u00f3 la informaci\u00f3n, excepto cuando est\u00e9 autorizado por la ley. La ley tambi\u00e9n nos permite utilizar esa informaci\u00f3n de contacto con el prop\u00f3sito de cobrar una deuda que nos adeuda a nuestra organizaci\u00f3n, si es necesario.<\/p>\n<p>Si deseamos utilizar o divulgar su informaci\u00f3n personal para cualquier prop\u00f3sito m\u00e1s all\u00e1 de los servicios espec\u00edficos que proporciona nuestra organizaci\u00f3n, siempre le pediremos su consentimiento previo.<\/p>\n<\/p>\n<p>\n            <strong>Protecci\u00f3n de la informaci\u00f3n personal<\/strong>\n          <\/p>\n<p>Nexus Immigration &amp; Recruitment har\u00e1 todos los esfuerzos razonables para garantizar que la informaci\u00f3n del cliente sea precisa y completa. Confiamos en que nuestros clientes nos notifiquen si hay alg\u00fan cambio en su informaci\u00f3n personal que pueda afectar su relaci\u00f3n con nuestra organizaci\u00f3n. Si usted est\u00e1 al tanto de alg\u00fan error en nuestra informaci\u00f3n sobre usted, por favor h\u00e1ganoslo saber y corregiremos lo solicitado siempre que sea posible.<\/p>\n<p>Protegeremos la informaci\u00f3n personal del cliente de manera adecuada seg\u00fan la sensibilidad de la informaci\u00f3n. Haremos todo lo posible para evitar cualquier p\u00e9rdida, mal uso, divulgaci\u00f3n o modificaci\u00f3n de informaci\u00f3n personal, as\u00ed como cualquier acceso no autorizado a la informaci\u00f3n personal.<\/p>\n<p>Notificaremos a la Oficina del Comisionado de Informaci\u00f3n y Privacidad de Alberta, sin demora, de cualquier violaci\u00f3n de seguridad que afecte la informaci\u00f3n personal si esta crea un riesgo real de da\u00f1o significativo a las personas.<\/p>\n<p>Mantendremos la informaci\u00f3n personal del cliente s\u00f3lo durante el tiempo que sea razonable para cumplir con los fines para los que se recopil\u00f3 la informaci\u00f3n o para fines legales o comerciales.<\/p>\n<p>Si y cuando sea necesario, haremos que la informaci\u00f3n personal del cliente no sea identificable o destruiremos los registros que contengan informaci\u00f3n personal una vez que la informaci\u00f3n ya no sea necesaria. Utilizaremos medidas de seguridad adecuadas al destruir informaci\u00f3n personal del cliente, como la trituraci\u00f3n de registros en papel y la eliminaci\u00f3n permanente de registros electr\u00f3nicos.<\/p>\n\t\t\t\t\t\t\t\t<\/div>\n\t\t\t\t<\/div>\n\t\t\t\t\t<\/div>\n\t\t<\/div>\n\t\t\t\t\t<\/div>\n\t\t<\/section>\n\t\t\t\t<\/div>\n\t\t","protected":false},"excerpt":{"rendered":"<p>Pol\u00edtica De Privacidad Declaraci\u00f3n de privacidad de la informaci\u00f3n personal Nexus Immigration &amp; Recruitment se compromete a proteger toda la informaci\u00f3n personal proporcionada por nuestros clientes. Trabajaremos para garantizar que toda la informaci\u00f3n personal y los materiales de nuestros clientes sean gestionados de manera efectiva de acuerdo con la Ley de Protecci\u00f3n de la Informaci\u00f3n [&hellip;]<\/p>\n","protected":false},"author":9,"featured_media":0,"parent":0,"menu_order":0,"comment_status":"closed","ping_status":"closed","template":"","meta":{"footnotes":""},"class_list":["post-5800","page","type-page","status-publish","hentry"],"_links":{"self":[{"href":"https:\/\/nexusvisa.com\/es\/wp-json\/wp\/v2\/pages\/5800","targetHints":{"allow":["GET"]}}],"collection":[{"href":"https:\/\/nexusvisa.com\/es\/wp-json\/wp\/v2\/pages"}],"about":[{"href":"https:\/\/nexusvisa.com\/es\/wp-json\/wp\/v2\/types\/page"}],"author":[{"embeddable":true,"href":"https:\/\/nexusvisa.com\/es\/wp-json\/wp\/v2\/users\/9"}],"replies":[{"embeddable":true,"href":"https:\/\/nexusvisa.com\/es\/wp-json\/wp\/v2\/comments?post=5800"}],"version-history":[{"count":13,"href":"https:\/\/nexusvisa.com\/es\/wp-json\/wp\/v2\/pages\/5800\/revisions"}],"predecessor-version":[{"id":11614,"href":"https:\/\/nexusvisa.com\/es\/wp-json\/wp\/v2\/pages\/5800\/revisions\/11614"}],"wp:attachment":[{"href":"https:\/\/nexusvisa.com\/es\/wp-json\/wp\/v2\/media?parent=5800"}],"curies":[{"name":"wp","href":"https:\/\/api.w.org\/{rel}","templated":true}]}}