{"id":5537,"date":"2023-01-24T14:42:12","date_gmt":"2023-01-24T21:42:12","guid":{"rendered":"http:\/\/nexusvisa.com\/acerca-de-alberta\/"},"modified":"2023-05-18T16:01:07","modified_gmt":"2023-05-18T22:01:07","slug":"sobre-alberta","status":"publish","type":"page","link":"https:\/\/nexusvisa.com\/es\/sobre-alberta\/","title":{"rendered":"Sobre Alberta"},"content":{"rendered":"\t\t<div data-elementor-type=\"wp-page\" data-elementor-id=\"5537\" class=\"elementor elementor-5537 elementor-2371\">\n\t\t\t\t\t\t<section class=\"elementor-section elementor-top-section elementor-element elementor-element-8c569ff elementor-section-boxed elementor-section-height-default elementor-section-height-default\" data-id=\"8c569ff\" data-element_type=\"section\" data-e-type=\"section\">\n\t\t\t\t\t\t<div class=\"elementor-container elementor-column-gap-default\">\n\t\t\t\t\t<div class=\"elementor-column elementor-col-100 elementor-top-column elementor-element elementor-element-da5ed65\" data-id=\"da5ed65\" data-element_type=\"column\" data-e-type=\"column\">\n\t\t\t<div class=\"elementor-widget-wrap elementor-element-populated\">\n\t\t\t\t\t\t<div class=\"elementor-element elementor-element-8403a2c animated-slow elementor-invisible elementor-widget elementor-widget-heading\" data-id=\"8403a2c\" data-element_type=\"widget\" data-e-type=\"widget\" data-settings=\"{&quot;_animation&quot;:&quot;fadeIn&quot;}\" data-widget_type=\"heading.default\">\n\t\t\t\t<div class=\"elementor-widget-container\">\n\t\t\t\t\t<h1 class=\"elementor-heading-title elementor-size-default\">Sobre Alberta<\/h1>\t\t\t\t<\/div>\n\t\t\t\t<\/div>\n\t\t\t\t\t<\/div>\n\t\t<\/div>\n\t\t\t\t\t<\/div>\n\t\t<\/section>\n\t\t\t\t<section class=\"elementor-section elementor-top-section elementor-element elementor-element-8fea94e elementor-section-boxed elementor-section-height-default elementor-section-height-default\" data-id=\"8fea94e\" data-element_type=\"section\" data-e-type=\"section\">\n\t\t\t\t\t\t<div class=\"elementor-container elementor-column-gap-default\">\n\t\t\t\t\t<div class=\"elementor-column elementor-col-50 elementor-top-column elementor-element elementor-element-2e3a4f1\" data-id=\"2e3a4f1\" data-element_type=\"column\" data-e-type=\"column\">\n\t\t\t<div class=\"elementor-widget-wrap elementor-element-populated\">\n\t\t\t\t\t\t<div class=\"elementor-element elementor-element-dd37b10 elementor-invisible elementor-widget elementor-widget-image\" data-id=\"dd37b10\" data-element_type=\"widget\" data-e-type=\"widget\" data-settings=\"{&quot;_animation&quot;:&quot;fadeInLeft&quot;,&quot;_animation_delay&quot;:500}\" data-widget_type=\"image.default\">\n\t\t\t\t<div class=\"elementor-widget-container\">\n\t\t\t\t\t\t\t\t\t\t\t\t\t\t\t<img fetchpriority=\"high\" decoding=\"async\" width=\"900\" height=\"675\" src=\"https:\/\/nexusvisa.com\/wp-content\/uploads\/2023\/02\/calgary-alberta-canada-2022-03-07-17-57-04-utc-2-1024x768.jpg\" class=\"attachment-large size-large wp-image-5294\" alt=\"\" srcset=\"https:\/\/nexusvisa.com\/wp-content\/uploads\/2023\/02\/calgary-alberta-canada-2022-03-07-17-57-04-utc-2-1024x768.jpg 1024w, https:\/\/nexusvisa.com\/wp-content\/uploads\/2023\/02\/calgary-alberta-canada-2022-03-07-17-57-04-utc-2-600x450.jpg 600w, https:\/\/nexusvisa.com\/wp-content\/uploads\/2023\/02\/calgary-alberta-canada-2022-03-07-17-57-04-utc-2-768x576.jpg 768w, https:\/\/nexusvisa.com\/wp-content\/uploads\/2023\/02\/calgary-alberta-canada-2022-03-07-17-57-04-utc-2-560x420.jpg 560w, https:\/\/nexusvisa.com\/wp-content\/uploads\/2023\/02\/calgary-alberta-canada-2022-03-07-17-57-04-utc-2.jpg 1240w\" sizes=\"(max-width: 900px) 100vw, 900px\" \/>\t\t\t\t\t\t\t\t\t\t\t\t\t\t\t<\/div>\n\t\t\t\t<\/div>\n\t\t\t\t\t<\/div>\n\t\t<\/div>\n\t\t\t\t<div class=\"elementor-column elementor-col-50 elementor-top-column elementor-element elementor-element-1d11d4e\" data-id=\"1d11d4e\" data-element_type=\"column\" data-e-type=\"column\">\n\t\t\t<div class=\"elementor-widget-wrap elementor-element-populated\">\n\t\t\t\t\t\t<div class=\"elementor-element elementor-element-463a3bc animated-slow elementor-invisible elementor-widget elementor-widget-gva-heading-block\" data-id=\"463a3bc\" data-element_type=\"widget\" data-e-type=\"widget\" data-settings=\"{&quot;_animation&quot;:&quot;fadeIn&quot;,&quot;_animation_delay&quot;:500}\" data-widget_type=\"gva-heading-block.default\">\n\t\t\t\t<div class=\"elementor-widget-container\">\n\t\t\t\t\t<div class=\"gva-element-gva-heading-block gva-element\">   <div class=\"align-left style-1 widget gsc-heading box-align-left auto-responsive\">\r\n      <div class=\"content-inner\">\r\n         \r\n         \r\n         <div class=\"heading-line\"><span><\/span><span><\/span><\/div>\r\n                     <div class=\"sub-title\">\r\n               <span class=\"tagline\">CONOCE ALBERTA<\/span> \r\n            <\/div>\r\n           \r\n         \r\n                     <h2 class=\"title\">\r\n               <span>\u00bfPor qu\u00e9 Alberta?<\/span>\r\n            <\/h2>\r\n                              <div class=\"title-desc\">Alberta es la cuarta provincia m\u00e1s poblada de Canad\u00e1, tambi\u00e9n es la cuarta m\u00e1s grande de Canad\u00e1. Las comunidades diversas son parte de lo que hace de Alberta un lugar tan excelente para vivir.\n\n<\/br><\/br>Alberta se toma muy en serio la preservaci\u00f3n del medio ambiente natural y est\u00e1 muy orgullosa de sus recursos naturales y trabaja arduamente para garantizar que se mantengan los parques de Alberta. En toda la provincia, hay cinco sitios del Patrimonio Mundial de la UNESCO y cinco parques nacionales, as\u00ed como m\u00e1s de 450 parques provinciales y \u00e1reas protegidas provinciales para cualquier actividad al aire libre, para que todos puedan disfrutar verdaderamente lo mejor del tema natural en Alberta.<\/div>\r\n         \r\n         \r\n      <\/div>\r\n   <\/div>\r\n<\/div>\t\t\t\t<\/div>\n\t\t\t\t<\/div>\n\t\t\t\t\t<\/div>\n\t\t<\/div>\n\t\t\t\t\t<\/div>\n\t\t<\/section>\n\t\t\t\t<section class=\"elementor-section elementor-top-section elementor-element elementor-element-65a5261 animated-slow elementor-section-boxed elementor-section-height-default elementor-section-height-default elementor-invisible\" data-id=\"65a5261\" data-element_type=\"section\" data-e-type=\"section\" data-settings=\"{&quot;animation&quot;:&quot;fadeIn&quot;,&quot;animation_delay&quot;:500}\">\n\t\t\t\t\t\t<div class=\"elementor-container elementor-column-gap-default\">\n\t\t\t\t\t<div class=\"elementor-column elementor-col-100 elementor-top-column elementor-element elementor-element-0b33e3b\" data-id=\"0b33e3b\" data-element_type=\"column\" data-e-type=\"column\">\n\t\t\t<div class=\"elementor-widget-wrap elementor-element-populated\">\n\t\t\t\t\t\t<div class=\"elementor-element elementor-element-f488b93 elementor-widget elementor-widget-text-editor\" data-id=\"f488b93\" data-element_type=\"widget\" data-e-type=\"widget\" data-widget_type=\"text-editor.default\">\n\t\t\t\t<div class=\"elementor-widget-container\">\n\t\t\t\t\t\t\t\t\t<p>Adem\u00e1s del paisaje asombroso e impresionante, Alberta tambi\u00e9n es conocida por:<\/p>\t\t\t\t\t\t\t\t<\/div>\n\t\t\t\t<\/div>\n\t\t\t\t<div class=\"elementor-element elementor-element-c707687 elementor-widget elementor-widget-accordion\" data-id=\"c707687\" data-element_type=\"widget\" data-e-type=\"widget\" data-widget_type=\"accordion.default\">\n\t\t\t\t<div class=\"elementor-widget-container\">\n\t\t\t\t\t\t\t<div class=\"elementor-accordion\">\n\t\t\t\t\t\t\t<div class=\"elementor-accordion-item\">\n\t\t\t\t\t<div id=\"elementor-tab-title-2081\" class=\"elementor-tab-title\" data-tab=\"1\" role=\"button\" aria-controls=\"elementor-tab-content-2081\" aria-expanded=\"false\">\n\t\t\t\t\t\t\t\t\t\t\t\t\t<span class=\"elementor-accordion-icon elementor-accordion-icon-left\" aria-hidden=\"true\">\n\t\t\t\t\t\t\t\t\t\t\t\t\t\t\t<span class=\"elementor-accordion-icon-closed\"><i class=\"fas fa-plus\"><\/i><\/span>\n\t\t\t\t\t\t\t\t<span class=\"elementor-accordion-icon-opened\"><i class=\"fas fa-minus\"><\/i><\/span>\n\t\t\t\t\t\t\t\t\t\t\t\t\t\t<\/span>\n\t\t\t\t\t\t\t\t\t\t\t\t<a class=\"elementor-accordion-title\" tabindex=\"0\">Sistema de Cuidado de la Salud<\/a>\n\t\t\t\t\t<\/div>\n\t\t\t\t\t<div id=\"elementor-tab-content-2081\" class=\"elementor-tab-content elementor-clearfix\" data-tab=\"1\" role=\"region\" aria-labelledby=\"elementor-tab-title-2081\"><ul><li>El sistema de atenci\u00f3n m\u00e9dica de clase mundial de Alberta brinda a las personas acceso a hospitales, cl\u00ednicas, una variedad de servicios de apoyo social y m\u00e9dicos y trabajadores de la salud calificados.<\/li><li>Todas las provincias y territorios proporcionan atenci\u00f3n m\u00e9dica universal financiada por el estado a todos los ciudadanos y residentes legales de Canad\u00e1.<\/li><li>Apoyo econ\u00f3mico para familias de escasos recursos.<\/li><li>Los servicios m\u00e9dicos de emergencia, como, Ambulancias, son gratuitos.<\/li><\/ul><\/div>\n\t\t\t\t<\/div>\n\t\t\t\t\t\t\t<div class=\"elementor-accordion-item\">\n\t\t\t\t\t<div id=\"elementor-tab-title-2082\" class=\"elementor-tab-title\" data-tab=\"2\" role=\"button\" aria-controls=\"elementor-tab-content-2082\" aria-expanded=\"false\">\n\t\t\t\t\t\t\t\t\t\t\t\t\t<span class=\"elementor-accordion-icon elementor-accordion-icon-left\" aria-hidden=\"true\">\n\t\t\t\t\t\t\t\t\t\t\t\t\t\t\t<span class=\"elementor-accordion-icon-closed\"><i class=\"fas fa-plus\"><\/i><\/span>\n\t\t\t\t\t\t\t\t<span class=\"elementor-accordion-icon-opened\"><i class=\"fas fa-minus\"><\/i><\/span>\n\t\t\t\t\t\t\t\t\t\t\t\t\t\t<\/span>\n\t\t\t\t\t\t\t\t\t\t\t\t<a class=\"elementor-accordion-title\" tabindex=\"0\">Sistema educativo<\/a>\n\t\t\t\t\t<\/div>\n\t\t\t\t\t<div id=\"elementor-tab-content-2082\" class=\"elementor-tab-content elementor-clearfix\" data-tab=\"2\" role=\"region\" aria-labelledby=\"elementor-tab-title-2082\"><ul><li>Alberta tiene un sistema educativo de renombre, desde el jard\u00edn de infantes hasta sus universidades, que produce investigaciones l\u00edderes en el mundo.<\/li><li>Los ni\u00f1os tendr\u00e1n varias opciones de educaci\u00f3n\u00a0escolar, todas financiadas por los impuestos y sin costo alguno.<\/li><li>Alberta tambi\u00e9n tiene programas de educaci\u00f3n virtual\/en l\u00ednea, as\u00ed como escuelas alternativas disponibles como opciones educativas.<\/li><li>El Plan de Educaci\u00f3n del Centenario de Alberta se lanz\u00f3 en 2005. El plan contribuir\u00e1 con $500 al Plan de Ahorro Educativo Registrado de cada ni\u00f1o nacido de residentes de Alberta en 2005 y en adelante.<\/li><\/ul><\/div>\n\t\t\t\t<\/div>\n\t\t\t\t\t\t\t<div class=\"elementor-accordion-item\">\n\t\t\t\t\t<div id=\"elementor-tab-title-2083\" class=\"elementor-tab-title\" data-tab=\"3\" role=\"button\" aria-controls=\"elementor-tab-content-2083\" aria-expanded=\"false\">\n\t\t\t\t\t\t\t\t\t\t\t\t\t<span class=\"elementor-accordion-icon elementor-accordion-icon-left\" aria-hidden=\"true\">\n\t\t\t\t\t\t\t\t\t\t\t\t\t\t\t<span class=\"elementor-accordion-icon-closed\"><i class=\"fas fa-plus\"><\/i><\/span>\n\t\t\t\t\t\t\t\t<span class=\"elementor-accordion-icon-opened\"><i class=\"fas fa-minus\"><\/i><\/span>\n\t\t\t\t\t\t\t\t\t\t\t\t\t\t<\/span>\n\t\t\t\t\t\t\t\t\t\t\t\t<a class=\"elementor-accordion-title\" tabindex=\"0\">Econom\u00eda y Empleo<\/a>\n\t\t\t\t\t<\/div>\n\t\t\t\t\t<div id=\"elementor-tab-content-2083\" class=\"elementor-tab-content elementor-clearfix\" data-tab=\"3\" role=\"region\" aria-labelledby=\"elementor-tab-title-2083\"><ul><li>Los impuestos m\u00e1s bajos en Canad\u00e1<\/li><li>Los salarios de empleo se encuentran entre los m\u00e1s altos de Canad\u00e1.<\/li><li>Los centros de apoyo de Alberta ofrecen programas y servicios de empleo en toda Alberta.<\/li><li>Desgravaci\u00f3n fiscal y reembolsos para ayudarlo a ahorrar en costos de energ\u00eda.<\/li><li>Las industrias agr\u00edcolas y ganaderas siguen siendo una parte importante de la cultura y la econom\u00eda de la provincia.<\/li><\/ul><\/div>\n\t\t\t\t<\/div>\n\t\t\t\t\t\t\t<div class=\"elementor-accordion-item\">\n\t\t\t\t\t<div id=\"elementor-tab-title-2084\" class=\"elementor-tab-title\" data-tab=\"4\" role=\"button\" aria-controls=\"elementor-tab-content-2084\" aria-expanded=\"false\">\n\t\t\t\t\t\t\t\t\t\t\t\t\t<span class=\"elementor-accordion-icon elementor-accordion-icon-left\" aria-hidden=\"true\">\n\t\t\t\t\t\t\t\t\t\t\t\t\t\t\t<span class=\"elementor-accordion-icon-closed\"><i class=\"fas fa-plus\"><\/i><\/span>\n\t\t\t\t\t\t\t\t<span class=\"elementor-accordion-icon-opened\"><i class=\"fas fa-minus\"><\/i><\/span>\n\t\t\t\t\t\t\t\t\t\t\t\t\t\t<\/span>\n\t\t\t\t\t\t\t\t\t\t\t\t<a class=\"elementor-accordion-title\" tabindex=\"0\">Inmigraci\u00f3n<\/a>\n\t\t\t\t\t<\/div>\n\t\t\t\t\t<div id=\"elementor-tab-content-2084\" class=\"elementor-tab-content elementor-clearfix\" data-tab=\"4\" role=\"region\" aria-labelledby=\"elementor-tab-title-2084\"><ul><li>El Programa de Candidatos para Inmigrantes de Alberta (AINP) est\u00e1 dise\u00f1ado para cubrir la escasez de mano de obra en la provincia, apoyar el crecimiento econ\u00f3mico y satisfacer las necesidades de los empleadores.<\/li><li>Alberta ofrece una gama de servicios y subvenciones para apoyar a los nuevos inmigrantes, como la Beca de innovaci\u00f3n de tutor\u00eda para inmigrantes de Alberta, el Premio de reconocimiento para reci\u00e9n llegados de Alberta, el Servicio de evaluaci\u00f3n de calificaciones internacionales (IQAS) y el Programa de integraci\u00f3n y establecimiento de Alberta.<\/li><li>La Oficina de Asesoramiento para Trabajadores Extranjeros Temporales (TFW) de Alberta ayuda a los trabajadores extranjeros temporales, estudiantes internacionales (con autorizaci\u00f3n de trabajo) y empleadores a comprender sus derechos y encontrar soluciones a situaciones que involucran condiciones de trabajo injustas, inseguras o insalubres.<\/li><\/ul><\/div>\n\t\t\t\t<\/div>\n\t\t\t\t\t\t\t\t<\/div>\n\t\t\t\t\t\t<\/div>\n\t\t\t\t<\/div>\n\t\t\t\t\t<\/div>\n\t\t<\/div>\n\t\t\t\t\t<\/div>\n\t\t<\/section>\n\t\t\t\t<\/div>\n\t\t","protected":false},"excerpt":{"rendered":"<p>Sobre Alberta CONOCE ALBERTA \u00bfPor qu\u00e9 Alberta? Alberta es la cuarta provincia m\u00e1s poblada de Canad\u00e1, tambi\u00e9n es la cuarta m\u00e1s grande de Canad\u00e1. Las comunidades diversas son parte de lo que hace de Alberta un lugar tan excelente para vivir. Alberta se toma muy en serio la preservaci\u00f3n del medio ambiente natural y est\u00e1 [&hellip;]<\/p>\n","protected":false},"author":9,"featured_media":0,"parent":0,"menu_order":0,"comment_status":"closed","ping_status":"closed","template":"","meta":{"footnotes":""},"class_list":["post-5537","page","type-page","status-publish","hentry"],"_links":{"self":[{"href":"https:\/\/nexusvisa.com\/es\/wp-json\/wp\/v2\/pages\/5537","targetHints":{"allow":["GET"]}}],"collection":[{"href":"https:\/\/nexusvisa.com\/es\/wp-json\/wp\/v2\/pages"}],"about":[{"href":"https:\/\/nexusvisa.com\/es\/wp-json\/wp\/v2\/types\/page"}],"author":[{"embeddable":true,"href":"https:\/\/nexusvisa.com\/es\/wp-json\/wp\/v2\/users\/9"}],"replies":[{"embeddable":true,"href":"https:\/\/nexusvisa.com\/es\/wp-json\/wp\/v2\/comments?post=5537"}],"version-history":[{"count":27,"href":"https:\/\/nexusvisa.com\/es\/wp-json\/wp\/v2\/pages\/5537\/revisions"}],"predecessor-version":[{"id":12979,"href":"https:\/\/nexusvisa.com\/es\/wp-json\/wp\/v2\/pages\/5537\/revisions\/12979"}],"wp:attachment":[{"href":"https:\/\/nexusvisa.com\/es\/wp-json\/wp\/v2\/media?parent=5537"}],"curies":[{"name":"wp","href":"https:\/\/api.w.org\/{rel}","templated":true}]}}