{"id":5536,"date":"2023-01-24T11:54:35","date_gmt":"2023-01-24T18:54:35","guid":{"rendered":"http:\/\/nexusvisa.com\/programa-de-cuidadores\/"},"modified":"2023-05-18T15:30:33","modified_gmt":"2023-05-18T21:30:33","slug":"programa-de-cuidadores","status":"publish","type":"page","link":"https:\/\/nexusvisa.com\/es\/programa-de-cuidadores\/","title":{"rendered":"Programa de Cuidadores"},"content":{"rendered":"\t\t<div data-elementor-type=\"wp-page\" data-elementor-id=\"5536\" class=\"elementor elementor-5536 elementor-2341\">\n\t\t\t\t\t\t<section class=\"elementor-section elementor-top-section elementor-element elementor-element-4fd4f77 elementor-section-boxed elementor-section-height-default elementor-section-height-default\" data-id=\"4fd4f77\" data-element_type=\"section\" data-e-type=\"section\">\n\t\t\t\t\t\t<div class=\"elementor-container elementor-column-gap-default\">\n\t\t\t\t\t<div class=\"elementor-column elementor-col-100 elementor-top-column elementor-element elementor-element-7e322a7\" data-id=\"7e322a7\" data-element_type=\"column\" data-e-type=\"column\">\n\t\t\t<div class=\"elementor-widget-wrap elementor-element-populated\">\n\t\t\t\t\t\t<div class=\"elementor-element elementor-element-b67d174 animated-slow elementor-invisible elementor-widget elementor-widget-heading\" data-id=\"b67d174\" data-element_type=\"widget\" data-e-type=\"widget\" data-settings=\"{&quot;_animation&quot;:&quot;fadeIn&quot;}\" data-widget_type=\"heading.default\">\n\t\t\t\t<div class=\"elementor-widget-container\">\n\t\t\t\t\t<h1 class=\"elementor-heading-title elementor-size-default\">Programa de Cuidadores<\/h1>\t\t\t\t<\/div>\n\t\t\t\t<\/div>\n\t\t\t\t\t<\/div>\n\t\t<\/div>\n\t\t\t\t\t<\/div>\n\t\t<\/section>\n\t\t\t\t<section class=\"elementor-section elementor-top-section elementor-element elementor-element-ee423b4 elementor-section-boxed elementor-section-height-default elementor-section-height-default\" data-id=\"ee423b4\" data-element_type=\"section\" data-e-type=\"section\">\n\t\t\t\t\t\t<div class=\"elementor-container elementor-column-gap-default\">\n\t\t\t\t\t<div class=\"elementor-column elementor-col-50 elementor-top-column elementor-element elementor-element-977320e\" data-id=\"977320e\" data-element_type=\"column\" data-e-type=\"column\">\n\t\t\t<div class=\"elementor-widget-wrap elementor-element-populated\">\n\t\t\t\t\t\t<div class=\"elementor-element elementor-element-f12d4ee elementor-invisible elementor-widget elementor-widget-image\" data-id=\"f12d4ee\" data-element_type=\"widget\" data-e-type=\"widget\" data-settings=\"{&quot;_animation&quot;:&quot;fadeInLeft&quot;,&quot;_animation_delay&quot;:500}\" data-widget_type=\"image.default\">\n\t\t\t\t<div class=\"elementor-widget-container\">\n\t\t\t\t\t\t\t\t\t\t\t\t\t\t\t<img fetchpriority=\"high\" decoding=\"async\" width=\"768\" height=\"512\" src=\"https:\/\/nexusvisa.com\/wp-content\/uploads\/2023\/01\/children-making-cookies-2022-02-17-17-23-18-utc-768x512.jpg\" class=\"attachment-medium_large size-medium_large wp-image-4894\" alt=\"\" srcset=\"https:\/\/nexusvisa.com\/wp-content\/uploads\/2023\/01\/children-making-cookies-2022-02-17-17-23-18-utc-768x512.jpg 768w, https:\/\/nexusvisa.com\/wp-content\/uploads\/2023\/01\/children-making-cookies-2022-02-17-17-23-18-utc-600x400.jpg 600w, https:\/\/nexusvisa.com\/wp-content\/uploads\/2023\/01\/children-making-cookies-2022-02-17-17-23-18-utc-1024x683.jpg 1024w, https:\/\/nexusvisa.com\/wp-content\/uploads\/2023\/01\/children-making-cookies-2022-02-17-17-23-18-utc.jpg 1800w\" sizes=\"(max-width: 768px) 100vw, 768px\" \/>\t\t\t\t\t\t\t\t\t\t\t\t\t\t\t<\/div>\n\t\t\t\t<\/div>\n\t\t\t\t\t<\/div>\n\t\t<\/div>\n\t\t\t\t<div class=\"elementor-column elementor-col-50 elementor-top-column elementor-element elementor-element-ea83de2\" data-id=\"ea83de2\" data-element_type=\"column\" data-e-type=\"column\">\n\t\t\t<div class=\"elementor-widget-wrap elementor-element-populated\">\n\t\t\t\t\t\t<div class=\"elementor-element elementor-element-6ef4ce2 animated-slow elementor-invisible elementor-widget elementor-widget-text-editor\" data-id=\"6ef4ce2\" data-element_type=\"widget\" data-e-type=\"widget\" data-settings=\"{&quot;_animation&quot;:&quot;fadeIn&quot;,&quot;_animation_delay&quot;:500}\" data-widget_type=\"text-editor.default\">\n\t\t\t\t<div class=\"elementor-widget-container\">\n\t\t\t\t\t\t\t\t\t<p>El Programa para cuidadores proporciona una puerta de entrada para que los profesionales calificados del cuidado obtengan la residencia permanente en Canad\u00e1.\u00a0Brinda oportunidades laborales y ofrece un camino para que las personas con uno o dos a\u00f1os de experiencia laboral en el cuidado de ni\u00f1os o con personas mayores sean elegibles para la residencia permanente.\u00a0Este programa es incre\u00edblemente beneficioso para quienes brindan cuidado de ni\u00f1os o apoyo en el hogar para personas mayores o personas con discapacidades, lo que hace que sea m\u00e1s f\u00e1cil que nunca para los cuidadores lograr sus aspiraciones profesionales en Canad\u00e1.<\/p>\t\t\t\t\t\t\t\t<\/div>\n\t\t\t\t<\/div>\n\t\t\t\t\t<\/div>\n\t\t<\/div>\n\t\t\t\t\t<\/div>\n\t\t<\/section>\n\t\t\t\t<section class=\"elementor-section elementor-top-section elementor-element elementor-element-8e80685 animated-slow elementor-section-boxed elementor-section-height-default elementor-section-height-default elementor-invisible\" data-id=\"8e80685\" data-element_type=\"section\" data-e-type=\"section\" data-settings=\"{&quot;animation&quot;:&quot;fadeIn&quot;,&quot;animation_delay&quot;:500}\">\n\t\t\t\t\t\t<div class=\"elementor-container elementor-column-gap-default\">\n\t\t\t\t\t<div class=\"elementor-column elementor-col-100 elementor-top-column elementor-element elementor-element-dfb81fe\" data-id=\"dfb81fe\" data-element_type=\"column\" data-e-type=\"column\">\n\t\t\t<div class=\"elementor-widget-wrap elementor-element-populated\">\n\t\t\t\t\t\t<div class=\"elementor-element elementor-element-0e744e7 elementor-widget elementor-widget-text-editor\" data-id=\"0e744e7\" data-element_type=\"widget\" data-e-type=\"widget\" data-widget_type=\"text-editor.default\">\n\t\t\t\t<div class=\"elementor-widget-container\">\n\t\t\t\t\t\t\t\t\t<p>El Programa consta de tres categor\u00edas:<\/p>\n\t\t\t\t\t\t\t\t<\/div>\n\t\t\t\t<\/div>\n\t\t\t\t<section class=\"elementor-section elementor-inner-section elementor-element elementor-element-aeb7187 elementor-section-boxed elementor-section-height-default elementor-section-height-default\" data-id=\"aeb7187\" data-element_type=\"section\" data-e-type=\"section\">\n\t\t\t\t\t\t<div class=\"elementor-container elementor-column-gap-default\">\n\t\t\t\t\t<div class=\"elementor-column elementor-col-33 elementor-inner-column elementor-element elementor-element-8d829ee\" data-id=\"8d829ee\" data-element_type=\"column\" data-e-type=\"column\" data-settings=\"{&quot;background_background&quot;:&quot;classic&quot;}\">\n\t\t\t<div class=\"elementor-widget-wrap elementor-element-populated\">\n\t\t\t\t\t\t<div class=\"elementor-element elementor-element-93fcadd elementor-widget elementor-widget-heading\" data-id=\"93fcadd\" data-element_type=\"widget\" data-e-type=\"widget\" data-widget_type=\"heading.default\">\n\t\t\t\t<div class=\"elementor-widget-container\">\n\t\t\t\t\t<h2 class=\"elementor-heading-title elementor-size-default\">Programa de Cuidado de Ni\u00f1os Residente (LCP)<\/h2>\t\t\t\t<\/div>\n\t\t\t\t<\/div>\n\t\t\t\t<div class=\"elementor-element elementor-element-c659868 elementor-widget elementor-widget-text-editor\" data-id=\"c659868\" data-element_type=\"widget\" data-e-type=\"widget\" data-widget_type=\"text-editor.default\">\n\t\t\t\t<div class=\"elementor-widget-container\">\n\t\t\t\t\t\t\t\t\t<p>El (LCP) es para extranjeros con al menos 1 a\u00f1o de experiencia en el cuidado de ni\u00f1os que son contratados por un ciudadano canadiense y residentes permanentes como ni\u00f1era para sus hijos menores de edad.<\/p>\n\t\t\t\t\t\t\t\t<\/div>\n\t\t\t\t<\/div>\n\t\t\t\t\t<\/div>\n\t\t<\/div>\n\t\t\t\t<div class=\"elementor-column elementor-col-33 elementor-inner-column elementor-element elementor-element-32a78b5\" data-id=\"32a78b5\" data-element_type=\"column\" data-e-type=\"column\" data-settings=\"{&quot;background_background&quot;:&quot;classic&quot;}\">\n\t\t\t<div class=\"elementor-widget-wrap elementor-element-populated\">\n\t\t\t\t\t\t<div class=\"elementor-element elementor-element-7a4dfc3 elementor-widget elementor-widget-heading\" data-id=\"7a4dfc3\" data-element_type=\"widget\" data-e-type=\"widget\" data-widget_type=\"heading.default\">\n\t\t\t\t<div class=\"elementor-widget-container\">\n\t\t\t\t\t<h2 class=\"elementor-heading-title elementor-size-default\">Programa Piloto de proveedor de cuidado infantil en el hogar<\/h2>\t\t\t\t<\/div>\n\t\t\t\t<\/div>\n\t\t\t\t<div class=\"elementor-element elementor-element-97b54ce elementor-widget elementor-widget-text-editor\" data-id=\"97b54ce\" data-element_type=\"widget\" data-e-type=\"widget\" data-widget_type=\"text-editor.default\">\n\t\t\t\t<div class=\"elementor-widget-container\">\n\t\t\t\t\t\t\t\t\t<p>Se trata de un programa piloto de 5 a\u00f1os lanzado en junio de 2019 que permite a los cuidadores calificados y a sus familiares la oportunidad de venir a Canad\u00e1 con el objetivo de convertirse en residentes permanentes.<\/p>\t\t\t\t\t\t\t\t<\/div>\n\t\t\t\t<\/div>\n\t\t\t\t\t<\/div>\n\t\t<\/div>\n\t\t\t\t<div class=\"elementor-column elementor-col-33 elementor-inner-column elementor-element elementor-element-aa14e70\" data-id=\"aa14e70\" data-element_type=\"column\" data-e-type=\"column\" data-settings=\"{&quot;background_background&quot;:&quot;classic&quot;}\">\n\t\t\t<div class=\"elementor-widget-wrap elementor-element-populated\">\n\t\t\t\t\t\t<div class=\"elementor-element elementor-element-bcb5362 elementor-widget elementor-widget-heading\" data-id=\"bcb5362\" data-element_type=\"widget\" data-e-type=\"widget\" data-widget_type=\"heading.default\">\n\t\t\t\t<div class=\"elementor-widget-container\">\n\t\t\t\t\t<h2 class=\"elementor-heading-title elementor-size-default\">Programa Piloto de trabajador de apoyo<\/h2>\t\t\t\t<\/div>\n\t\t\t\t<\/div>\n\t\t\t\t<div class=\"elementor-element elementor-element-f71dcfe elementor-widget elementor-widget-text-editor\" data-id=\"f71dcfe\" data-element_type=\"widget\" data-e-type=\"widget\" data-widget_type=\"text-editor.default\">\n\t\t\t\t<div class=\"elementor-widget-container\">\n\t\t\t\t\t\t\t\t\t<p>Un trabajador de apoyo en el hogar \u00a0se encarga de ayudar a personas mayores, personas con discapacidad y personas en rehabilitaci\u00f3n. Este programa concede a los extranjeros, junto con su familia, la oportunidad de obtener un permiso de trabajo temporal y solicitar la residencia permanente canadiense tras contar con suficiente experiencia laboral (al menos 2 a\u00f1os) o una oferta de trabajo v\u00e1lida.<\/p>\t\t\t\t\t\t\t\t<\/div>\n\t\t\t\t<\/div>\n\t\t\t\t\t<\/div>\n\t\t<\/div>\n\t\t\t\t\t<\/div>\n\t\t<\/section>\n\t\t\t\t\t<\/div>\n\t\t<\/div>\n\t\t\t\t\t<\/div>\n\t\t<\/section>\n\t\t\t\t<\/div>\n\t\t","protected":false},"excerpt":{"rendered":"<p>Programa de Cuidadores El Programa para cuidadores proporciona una puerta de entrada para que los profesionales calificados del cuidado obtengan la residencia permanente en Canad\u00e1.\u00a0Brinda oportunidades laborales y ofrece un camino para que las personas con uno o dos a\u00f1os de experiencia laboral en el cuidado de ni\u00f1os o con personas mayores sean elegibles para [&hellip;]<\/p>\n","protected":false},"author":9,"featured_media":0,"parent":0,"menu_order":0,"comment_status":"closed","ping_status":"closed","template":"","meta":{"footnotes":""},"class_list":["post-5536","page","type-page","status-publish","hentry"],"_links":{"self":[{"href":"https:\/\/nexusvisa.com\/es\/wp-json\/wp\/v2\/pages\/5536","targetHints":{"allow":["GET"]}}],"collection":[{"href":"https:\/\/nexusvisa.com\/es\/wp-json\/wp\/v2\/pages"}],"about":[{"href":"https:\/\/nexusvisa.com\/es\/wp-json\/wp\/v2\/types\/page"}],"author":[{"embeddable":true,"href":"https:\/\/nexusvisa.com\/es\/wp-json\/wp\/v2\/users\/9"}],"replies":[{"embeddable":true,"href":"https:\/\/nexusvisa.com\/es\/wp-json\/wp\/v2\/comments?post=5536"}],"version-history":[{"count":25,"href":"https:\/\/nexusvisa.com\/es\/wp-json\/wp\/v2\/pages\/5536\/revisions"}],"predecessor-version":[{"id":12944,"href":"https:\/\/nexusvisa.com\/es\/wp-json\/wp\/v2\/pages\/5536\/revisions\/12944"}],"wp:attachment":[{"href":"https:\/\/nexusvisa.com\/es\/wp-json\/wp\/v2\/media?parent=5536"}],"curies":[{"name":"wp","href":"https:\/\/api.w.org\/{rel}","templated":true}]}}