{"id":5504,"date":"2023-01-24T09:26:38","date_gmt":"2023-01-24T16:26:38","guid":{"rendered":"http:\/\/nexusvisa.com\/programa-de-apadrinamiento-familiar\/"},"modified":"2023-05-16T16:36:31","modified_gmt":"2023-05-16T22:36:31","slug":"programa-de-patrocinio-familiar","status":"publish","type":"page","link":"https:\/\/nexusvisa.com\/es\/programa-de-patrocinio-familiar\/","title":{"rendered":"Programa de Patrocinio Familiar"},"content":{"rendered":"\t\t<div data-elementor-type=\"wp-page\" data-elementor-id=\"5504\" class=\"elementor elementor-5504 elementor-2197\">\n\t\t\t\t\t\t<section class=\"elementor-section elementor-top-section elementor-element elementor-element-17c72fd elementor-section-boxed elementor-section-height-default elementor-section-height-default\" data-id=\"17c72fd\" data-element_type=\"section\" data-e-type=\"section\">\n\t\t\t\t\t\t<div class=\"elementor-container elementor-column-gap-default\">\n\t\t\t\t\t<div class=\"elementor-column elementor-col-100 elementor-top-column elementor-element elementor-element-61ffe73\" data-id=\"61ffe73\" data-element_type=\"column\" data-e-type=\"column\">\n\t\t\t<div class=\"elementor-widget-wrap elementor-element-populated\">\n\t\t\t\t\t\t<div class=\"elementor-element elementor-element-f4c5754 animated-slow elementor-invisible elementor-widget elementor-widget-heading\" data-id=\"f4c5754\" data-element_type=\"widget\" data-e-type=\"widget\" data-settings=\"{&quot;_animation&quot;:&quot;fadeIn&quot;}\" data-widget_type=\"heading.default\">\n\t\t\t\t<div class=\"elementor-widget-container\">\n\t\t\t\t\t<h1 class=\"elementor-heading-title elementor-size-default\">Programa de Patrocinio Familiar<\/h1>\t\t\t\t<\/div>\n\t\t\t\t<\/div>\n\t\t\t\t\t<\/div>\n\t\t<\/div>\n\t\t\t\t\t<\/div>\n\t\t<\/section>\n\t\t\t\t<section class=\"elementor-section elementor-top-section elementor-element elementor-element-d97411c elementor-section-boxed elementor-section-height-default elementor-section-height-default\" data-id=\"d97411c\" data-element_type=\"section\" data-e-type=\"section\">\n\t\t\t\t\t\t<div class=\"elementor-container elementor-column-gap-default\">\n\t\t\t\t\t<div class=\"elementor-column elementor-col-50 elementor-top-column elementor-element elementor-element-fbe54b2\" data-id=\"fbe54b2\" data-element_type=\"column\" data-e-type=\"column\">\n\t\t\t<div class=\"elementor-widget-wrap elementor-element-populated\">\n\t\t\t\t\t\t<div class=\"elementor-element elementor-element-5633bb3 elementor-invisible elementor-widget elementor-widget-image\" data-id=\"5633bb3\" data-element_type=\"widget\" data-e-type=\"widget\" data-settings=\"{&quot;_animation&quot;:&quot;fadeInLeft&quot;,&quot;_animation_delay&quot;:500}\" data-widget_type=\"image.default\">\n\t\t\t\t<div class=\"elementor-widget-container\">\n\t\t\t\t\t\t\t\t\t\t\t\t\t\t\t<img fetchpriority=\"high\" decoding=\"async\" width=\"560\" height=\"690\" src=\"https:\/\/nexusvisa.com\/wp-content\/uploads\/2023\/01\/happy-extended-family-enjoying-in-lunch-at-dining-2022-09-29-20-58-57-utc-560x690.jpg\" class=\"attachment-conult_medium size-conult_medium wp-image-4939\" alt=\"\" \/>\t\t\t\t\t\t\t\t\t\t\t\t\t\t\t<\/div>\n\t\t\t\t<\/div>\n\t\t\t\t\t<\/div>\n\t\t<\/div>\n\t\t\t\t<div class=\"elementor-column elementor-col-50 elementor-top-column elementor-element elementor-element-c4dbb48\" data-id=\"c4dbb48\" data-element_type=\"column\" data-e-type=\"column\">\n\t\t\t<div class=\"elementor-widget-wrap elementor-element-populated\">\n\t\t\t\t\t\t<div class=\"elementor-element elementor-element-89f6ff5 animated-slow elementor-invisible elementor-widget elementor-widget-text-editor\" data-id=\"89f6ff5\" data-element_type=\"widget\" data-e-type=\"widget\" data-settings=\"{&quot;_animation&quot;:&quot;fadeIn&quot;,&quot;_animation_delay&quot;:500}\" data-widget_type=\"text-editor.default\">\n\t\t\t\t<div class=\"elementor-widget-container\">\n\t\t\t\t\t\t\t\t\t<p>Reunirse con su c\u00f3nyuge, hijos y familiares m\u00e1s queridos en otro pa\u00eds para comenzar un futuro mejor y m\u00e1s brillante es el principal sue\u00f1o de todos.\u00a0La reunificaci\u00f3n familiar sigue siendo uno de los pilares del sistema de inmigraci\u00f3n Canadiense.\u00a0El\u00a0<strong>Programa de <\/strong><strong>patrocinio<\/strong><strong> de clase familiar<\/strong>\u00a0re\u00fane a las familias al permitir que los residentes permanentes o ciudadanos adultos patrocinen a un pariente para que inmigre a Canad\u00e1.<\/p><p>Para ser elegible, la persona que busca el patrocinio debe ser:<\/p><ul><li>C\u00f3nyuge<\/li><li>Pareja de hecho<\/li><li>pareja conyugal<\/li><li>Ni\u00f1o\/a adoptado\/a<\/li><li>Ni\u00f1o\/a dependiente<\/li><li>Padres<\/li><li>Abuelos<\/li><li>Familiares del patrocinador<\/li><\/ul>\t\t\t\t\t\t\t\t<\/div>\n\t\t\t\t<\/div>\n\t\t\t\t\t<\/div>\n\t\t<\/div>\n\t\t\t\t\t<\/div>\n\t\t<\/section>\n\t\t\t\t<section class=\"elementor-section elementor-top-section elementor-element elementor-element-3185208 elementor-section-boxed elementor-section-height-default elementor-section-height-default elementor-invisible\" data-id=\"3185208\" data-element_type=\"section\" data-e-type=\"section\" data-settings=\"{&quot;animation&quot;:&quot;fadeIn&quot;}\">\n\t\t\t\t\t\t<div class=\"elementor-container elementor-column-gap-default\">\n\t\t\t\t\t<div class=\"elementor-column elementor-col-100 elementor-top-column elementor-element elementor-element-2f5e059\" data-id=\"2f5e059\" data-element_type=\"column\" data-e-type=\"column\">\n\t\t\t<div class=\"elementor-widget-wrap elementor-element-populated\">\n\t\t\t\t\t\t<div class=\"elementor-element elementor-element-233fe81 elementor-invisible elementor-widget elementor-widget-text-editor\" data-id=\"233fe81\" data-element_type=\"widget\" data-e-type=\"widget\" data-settings=\"{&quot;_animation&quot;:&quot;fadeIn&quot;}\" data-widget_type=\"text-editor.default\">\n\t\t\t\t<div class=\"elementor-widget-container\">\n\t\t\t\t\t\t\t\t\t<p><strong>Qui\u00e9n puede <\/strong><strong>patrocinar<\/strong><strong>:<\/strong><\/p><ul><li>Un patrocinador debe ser un residente permanente adulto y\/o ciudadano mayor de 18 a\u00f1os.<\/li><li>Un patrocinador debe residir en Canad\u00e1, a menos que sea un ciudadano que actualmente vive en el extranjero y planea residir en Canad\u00e1 una vez que llegue la persona patrocinada.<\/li><\/ul>\t\t\t\t\t\t\t\t<\/div>\n\t\t\t\t<\/div>\n\t\t\t\t\t<\/div>\n\t\t<\/div>\n\t\t\t\t\t<\/div>\n\t\t<\/section>\n\t\t\t\t<\/div>\n\t\t","protected":false},"excerpt":{"rendered":"<p>Programa de Patrocinio Familiar Reunirse con su c\u00f3nyuge, hijos y familiares m\u00e1s queridos en otro pa\u00eds para comenzar un futuro mejor y m\u00e1s brillante es el principal sue\u00f1o de todos.\u00a0La reunificaci\u00f3n familiar sigue siendo uno de los pilares del sistema de inmigraci\u00f3n Canadiense.\u00a0El\u00a0Programa de patrocinio de clase familiar\u00a0re\u00fane a las familias al permitir que los [&hellip;]<\/p>\n","protected":false},"author":9,"featured_media":0,"parent":0,"menu_order":0,"comment_status":"closed","ping_status":"closed","template":"","meta":{"footnotes":""},"class_list":["post-5504","page","type-page","status-publish","hentry"],"_links":{"self":[{"href":"https:\/\/nexusvisa.com\/es\/wp-json\/wp\/v2\/pages\/5504","targetHints":{"allow":["GET"]}}],"collection":[{"href":"https:\/\/nexusvisa.com\/es\/wp-json\/wp\/v2\/pages"}],"about":[{"href":"https:\/\/nexusvisa.com\/es\/wp-json\/wp\/v2\/types\/page"}],"author":[{"embeddable":true,"href":"https:\/\/nexusvisa.com\/es\/wp-json\/wp\/v2\/users\/9"}],"replies":[{"embeddable":true,"href":"https:\/\/nexusvisa.com\/es\/wp-json\/wp\/v2\/comments?post=5504"}],"version-history":[{"count":18,"href":"https:\/\/nexusvisa.com\/es\/wp-json\/wp\/v2\/pages\/5504\/revisions"}],"predecessor-version":[{"id":12634,"href":"https:\/\/nexusvisa.com\/es\/wp-json\/wp\/v2\/pages\/5504\/revisions\/12634"}],"wp:attachment":[{"href":"https:\/\/nexusvisa.com\/es\/wp-json\/wp\/v2\/media?parent=5504"}],"curies":[{"name":"wp","href":"https:\/\/api.w.org\/{rel}","templated":true}]}}