{"id":5411,"date":"2023-01-20T11:16:21","date_gmt":"2023-01-20T18:16:21","guid":{"rendered":"http:\/\/nexusvisa.com\/demandante-de-empleo\/"},"modified":"2023-05-18T15:47:03","modified_gmt":"2023-05-18T21:47:03","slug":"buscador-de-empleo","status":"publish","type":"page","link":"https:\/\/nexusvisa.com\/es\/buscador-de-empleo\/","title":{"rendered":"Buscador de empleo\u200b"},"content":{"rendered":"\t\t<div data-elementor-type=\"wp-page\" data-elementor-id=\"5411\" class=\"elementor elementor-5411 elementor-2044\">\n\t\t\t\t\t\t<section class=\"elementor-section elementor-top-section elementor-element elementor-element-d53a195 elementor-section-boxed elementor-section-height-default elementor-section-height-default\" data-id=\"d53a195\" data-element_type=\"section\" data-e-type=\"section\">\n\t\t\t\t\t\t<div class=\"elementor-container elementor-column-gap-default\">\n\t\t\t\t\t<div class=\"elementor-column elementor-col-100 elementor-top-column elementor-element elementor-element-44a41be\" data-id=\"44a41be\" data-element_type=\"column\" data-e-type=\"column\">\n\t\t\t<div class=\"elementor-widget-wrap elementor-element-populated\">\n\t\t\t\t\t\t<div class=\"elementor-element elementor-element-6ab0f2e animated-slow elementor-invisible elementor-widget elementor-widget-heading\" data-id=\"6ab0f2e\" data-element_type=\"widget\" data-e-type=\"widget\" data-settings=\"{&quot;_animation&quot;:&quot;fadeIn&quot;}\" data-widget_type=\"heading.default\">\n\t\t\t\t<div class=\"elementor-widget-container\">\n\t\t\t\t\t<h1 class=\"elementor-heading-title elementor-size-default\">Buscador de empleo<\/h1>\t\t\t\t<\/div>\n\t\t\t\t<\/div>\n\t\t\t\t\t<\/div>\n\t\t<\/div>\n\t\t\t\t\t<\/div>\n\t\t<\/section>\n\t\t\t\t<section class=\"elementor-section elementor-top-section elementor-element elementor-element-84e6e52 elementor-section-boxed elementor-section-height-default elementor-section-height-default\" data-id=\"84e6e52\" data-element_type=\"section\" data-e-type=\"section\">\n\t\t\t\t\t\t<div class=\"elementor-container elementor-column-gap-default\">\n\t\t\t\t\t<div class=\"elementor-column elementor-col-50 elementor-top-column elementor-element elementor-element-ca703e5\" data-id=\"ca703e5\" data-element_type=\"column\" data-e-type=\"column\">\n\t\t\t<div class=\"elementor-widget-wrap elementor-element-populated\">\n\t\t\t\t\t\t<div class=\"elementor-element elementor-element-ffca195 elementor-invisible elementor-widget elementor-widget-image\" data-id=\"ffca195\" data-element_type=\"widget\" data-e-type=\"widget\" data-settings=\"{&quot;_animation&quot;:&quot;fadeInLeft&quot;,&quot;_animation_delay&quot;:500}\" data-widget_type=\"image.default\">\n\t\t\t\t<div class=\"elementor-widget-container\">\n\t\t\t\t\t\t\t\t\t\t\t\t\t\t\t<img fetchpriority=\"high\" decoding=\"async\" width=\"560\" height=\"420\" src=\"https:\/\/nexusvisa.com\/wp-content\/uploads\/2023\/01\/recruitment-agency-employee-standing-in-front-of-e-2022-11-17-13-32-51-utc-560x420.jpg\" class=\"attachment-post-thumbnail size-post-thumbnail wp-image-4979\" alt=\"\" \/>\t\t\t\t\t\t\t\t\t\t\t\t\t\t\t<\/div>\n\t\t\t\t<\/div>\n\t\t\t\t\t<\/div>\n\t\t<\/div>\n\t\t\t\t<div class=\"elementor-column elementor-col-50 elementor-top-column elementor-element elementor-element-b0d3d13\" data-id=\"b0d3d13\" data-element_type=\"column\" data-e-type=\"column\">\n\t\t\t<div class=\"elementor-widget-wrap elementor-element-populated\">\n\t\t\t\t\t\t<div class=\"elementor-element elementor-element-e572f95 animated-slow elementor-invisible elementor-widget elementor-widget-text-editor\" data-id=\"e572f95\" data-element_type=\"widget\" data-e-type=\"widget\" data-settings=\"{&quot;_animation&quot;:&quot;fadeIn&quot;,&quot;_animation_delay&quot;:500}\" data-widget_type=\"text-editor.default\">\n\t\t\t\t<div class=\"elementor-widget-container\">\n\t\t\t\t\t\t\t\t\t<p><strong>\u00bfQu\u00e9 puede hacer Nexus por los trabajadores extranjeros?<\/strong><\/p><ul><li>Ofrecer una variedad de ocupaciones profesionales y semicalificadas con empleadores canadienses.<\/li><li>Ayudar a garantizar un trato justo en el lugar de trabajo por parte de los empleadores canadienses que refleje los t\u00e9rminos y condiciones establecidos en los contratos de trabajo.<\/li><li>Obtenga una valiosa experiencia laboral en Canad\u00e1 antes de enviar cualquier solicitud de residencia permanente a Ciudadan\u00eda e Inmigraci\u00f3n de Canad\u00e1.<\/li><li>Ayude a lograr los objetivos de convertirse en un miembro contribuyente de la sociedad y la cultura canadiense.<\/li><li>Ayuda con la transici\u00f3n y la integraci\u00f3n en la sociedad y el modo de vida canadiense.<\/li><\/ul>\t\t\t\t\t\t\t\t<\/div>\n\t\t\t\t<\/div>\n\t\t\t\t\t<\/div>\n\t\t<\/div>\n\t\t\t\t\t<\/div>\n\t\t<\/section>\n\t\t\t\t<\/div>\n\t\t","protected":false},"excerpt":{"rendered":"<p>Buscador de empleo \u00bfQu\u00e9 puede hacer Nexus por los trabajadores extranjeros? Ofrecer una variedad de ocupaciones profesionales y semicalificadas con empleadores canadienses. Ayudar a garantizar un trato justo en el lugar de trabajo por parte de los empleadores canadienses que refleje los t\u00e9rminos y condiciones establecidos en los contratos de trabajo. Obtenga una valiosa experiencia [&hellip;]<\/p>\n","protected":false},"author":9,"featured_media":0,"parent":0,"menu_order":0,"comment_status":"closed","ping_status":"closed","template":"","meta":{"footnotes":""},"class_list":["post-5411","page","type-page","status-publish","hentry"],"_links":{"self":[{"href":"https:\/\/nexusvisa.com\/es\/wp-json\/wp\/v2\/pages\/5411","targetHints":{"allow":["GET"]}}],"collection":[{"href":"https:\/\/nexusvisa.com\/es\/wp-json\/wp\/v2\/pages"}],"about":[{"href":"https:\/\/nexusvisa.com\/es\/wp-json\/wp\/v2\/types\/page"}],"author":[{"embeddable":true,"href":"https:\/\/nexusvisa.com\/es\/wp-json\/wp\/v2\/users\/9"}],"replies":[{"embeddable":true,"href":"https:\/\/nexusvisa.com\/es\/wp-json\/wp\/v2\/comments?post=5411"}],"version-history":[{"count":22,"href":"https:\/\/nexusvisa.com\/es\/wp-json\/wp\/v2\/pages\/5411\/revisions"}],"predecessor-version":[{"id":12961,"href":"https:\/\/nexusvisa.com\/es\/wp-json\/wp\/v2\/pages\/5411\/revisions\/12961"}],"wp:attachment":[{"href":"https:\/\/nexusvisa.com\/es\/wp-json\/wp\/v2\/media?parent=5411"}],"curies":[{"name":"wp","href":"https:\/\/api.w.org\/{rel}","templated":true}]}}